{"id":7818,"date":"2018-01-05T18:20:34","date_gmt":"2018-01-05T18:20:34","guid":{"rendered":"https:\/\/www.toroshopping.com\/producto\/jose-tomas-leyenda\/"},"modified":"2023-11-03T12:28:17","modified_gmt":"2023-11-03T10:28:17","slug":"jose-tomas-leyenda","status":"publish","type":"product","link":"https:\/\/www.toroshopping.com\/en\/shop\/bullfighting-decoration\/bullfighting-photography\/bullfighting-pictures-by-luis-vega-en\/jose-tomas-leyenda\/","title":{"rendered":"Jose Tomas Legend"},"content":{"rendered":"<p>Jos\u00e9 Tom\u00e1s with his walking cape wrapped around his arm looking toward his destination that is already looming at the end of the gang tunnel.<\/p>\n<p>Photography Luis Vega<\/p>\n<p>\u26a0\ufe0f Preparation of photographs may take between 7 and 10 days to ship, plus shipping itself. For any questions, contact us. \u26a0\ufe0f<\/p>\n","protected":false},"excerpt":{"rendered":"<p>Jos\u00e9 Tom\u00e1s with his walking cape wrapped around his arm looking toward his destination that is already looming at the end of the gang tunnel. Photography Luis Vega. Preparation 7 and 10 days<\/p>\n","protected":false},"featured_media":7811,"template":"","meta":[],"pwb-brand":[],"product_brand":[],"product_cat":[658],"product_tag":[],"class_list":{"0":"post-7818","1":"product","2":"type-product","3":"status-publish","4":"has-post-thumbnail","6":"product_cat-bullfighting-pictures-by-luis-vega-en","7":"product_shipping_class-luis-vega-en","8":"pa_tamanosfoto-c3-100x70-en","9":"pa_tamanosfoto-e9-30x45cm-en","10":"pa_tamanosfoto-9e-50x70cm-en","12":"first","13":"instock","14":"taxable","15":"shipping-taxable","16":"purchasable","17":"product-type-variable","18":"has-default-attributes"},"bundled_by":[],"bundle_stock_status":"instock","bundle_stock_quantity":150,"bundle_virtual":false,"bundle_layout":"","bundle_add_to_cart_form_location":"","bundle_editable_in_cart":false,"bundle_sold_individually_context":"","bundle_item_grouping":"","bundle_min_size":"","bundle_max_size":"","bundle_price":[],"bundled_items":[],"bundle_sell_ids":[],"yoast_head":"<!-- This site is optimized with the Yoast SEO plugin v27.4 - https:\/\/yoast.com\/product\/yoast-seo-wordpress\/ -->\n<title>Bullfighting Photography Jos\u00e9 Tom\u00e1s | Toroshopping<\/title>\n<meta name=\"description\" content=\"Online bullfighting photography store. Photography by Jos\u00e9 Tom\u00e1s available in various sizes to decorate your home [High quality]\" \/>\n<meta name=\"robots\" content=\"index, follow, max-snippet:-1, max-image-preview:large, max-video-preview:-1\" \/>\n<link rel=\"canonical\" href=\"https:\/\/www.toroshopping.com\/en\/shop\/bullfighting-decoration\/bullfighting-photography\/bullfighting-pictures-by-luis-vega-en\/jose-tomas-leyenda\/\" \/>\n<meta property=\"og:locale\" content=\"en_US\" \/>\n<meta property=\"og:type\" content=\"article\" \/>\n<meta property=\"og:title\" content=\"Bullfighting Photography Jos\u00e9 Tom\u00e1s | Toroshopping\" \/>\n<meta property=\"og:description\" content=\"Online bullfighting photography store. Photography by Jos\u00e9 Tom\u00e1s available in various sizes to decorate your home [High quality]\" \/>\n<meta property=\"og:url\" content=\"https:\/\/www.toroshopping.com\/en\/shop\/bullfighting-decoration\/bullfighting-photography\/bullfighting-pictures-by-luis-vega-en\/jose-tomas-leyenda\/\" \/>\n<meta property=\"og:site_name\" content=\"Tienda taurina - Accesorios taurinos y moda - TOROSHOPPING\" \/>\n<meta property=\"article:publisher\" content=\"https:\/\/facebook.com\/toroshopping\" \/>\n<meta property=\"article:modified_time\" content=\"2023-11-03T10:28:17+00:00\" \/>\n<meta property=\"og:image\" content=\"https:\/\/www.toroshopping.com\/wp-content\/uploads\/2018\/01\/9910-Jose-Tomas-Leyenda.jpg\" \/>\n\t<meta property=\"og:image:width\" content=\"850\" \/>\n\t<meta property=\"og:image:height\" content=\"1276\" \/>\n\t<meta property=\"og:image:type\" content=\"image\/jpeg\" \/>\n<meta name=\"twitter:card\" content=\"summary_large_image\" \/>\n<meta name=\"twitter:site\" content=\"@Toroshopping\" \/>\n<script type=\"application\/ld+json\" class=\"yoast-schema-graph\">{\"@context\":\"https:\\\/\\\/schema.org\",\"@graph\":[{\"@type\":\"WebPage\",\"@id\":\"https:\\\/\\\/www.toroshopping.com\\\/en\\\/shop\\\/bullfighting-decoration\\\/bullfighting-photography\\\/bullfighting-pictures-by-luis-vega-en\\\/jose-tomas-leyenda\\\/\",\"url\":\"https:\\\/\\\/www.toroshopping.com\\\/en\\\/shop\\\/bullfighting-decoration\\\/bullfighting-photography\\\/bullfighting-pictures-by-luis-vega-en\\\/jose-tomas-leyenda\\\/\",\"name\":\"Bullfighting Photography Jos\u00e9 Tom\u00e1s | Toroshopping\",\"isPartOf\":{\"@id\":\"https:\\\/\\\/www.toroshopping.com\\\/en\\\/#website\"},\"primaryImageOfPage\":{\"@id\":\"https:\\\/\\\/www.toroshopping.com\\\/en\\\/shop\\\/bullfighting-decoration\\\/bullfighting-photography\\\/bullfighting-pictures-by-luis-vega-en\\\/jose-tomas-leyenda\\\/#primaryimage\"},\"image\":{\"@id\":\"https:\\\/\\\/www.toroshopping.com\\\/en\\\/shop\\\/bullfighting-decoration\\\/bullfighting-photography\\\/bullfighting-pictures-by-luis-vega-en\\\/jose-tomas-leyenda\\\/#primaryimage\"},\"thumbnailUrl\":\"https:\\\/\\\/www.toroshopping.com\\\/wp-content\\\/uploads\\\/2018\\\/01\\\/9910-Jose-Tomas-Leyenda.jpg\",\"datePublished\":\"2018-01-05T18:20:34+00:00\",\"dateModified\":\"2023-11-03T10:28:17+00:00\",\"description\":\"Online bullfighting photography store. Photography by Jos\u00e9 Tom\u00e1s available in various sizes to decorate your home [High quality]\",\"breadcrumb\":{\"@id\":\"https:\\\/\\\/www.toroshopping.com\\\/en\\\/shop\\\/bullfighting-decoration\\\/bullfighting-photography\\\/bullfighting-pictures-by-luis-vega-en\\\/jose-tomas-leyenda\\\/#breadcrumb\"},\"inLanguage\":\"en-US\",\"potentialAction\":[{\"@type\":\"ReadAction\",\"target\":[\"https:\\\/\\\/www.toroshopping.com\\\/en\\\/shop\\\/bullfighting-decoration\\\/bullfighting-photography\\\/bullfighting-pictures-by-luis-vega-en\\\/jose-tomas-leyenda\\\/\"]}]},{\"@type\":\"ImageObject\",\"inLanguage\":\"en-US\",\"@id\":\"https:\\\/\\\/www.toroshopping.com\\\/en\\\/shop\\\/bullfighting-decoration\\\/bullfighting-photography\\\/bullfighting-pictures-by-luis-vega-en\\\/jose-tomas-leyenda\\\/#primaryimage\",\"url\":\"https:\\\/\\\/www.toroshopping.com\\\/wp-content\\\/uploads\\\/2018\\\/01\\\/9910-Jose-Tomas-Leyenda.jpg\",\"contentUrl\":\"https:\\\/\\\/www.toroshopping.com\\\/wp-content\\\/uploads\\\/2018\\\/01\\\/9910-Jose-Tomas-Leyenda.jpg\",\"width\":850,\"height\":1276,\"caption\":\"Jose Tomas Leyenda\"},{\"@type\":\"BreadcrumbList\",\"@id\":\"https:\\\/\\\/www.toroshopping.com\\\/en\\\/shop\\\/bullfighting-decoration\\\/bullfighting-photography\\\/bullfighting-pictures-by-luis-vega-en\\\/jose-tomas-leyenda\\\/#breadcrumb\",\"itemListElement\":[{\"@type\":\"ListItem\",\"position\":1,\"name\":\"Inicio\",\"item\":\"https:\\\/\\\/www.toroshopping.com\\\/en\\\/\"},{\"@type\":\"ListItem\",\"position\":2,\"name\":\"Shop\",\"item\":\"https:\\\/\\\/www.toroshopping.com\\\/en\\\/shop\\\/\"},{\"@type\":\"ListItem\",\"position\":3,\"name\":\"Jose Tomas Legend\"}]},{\"@type\":\"WebSite\",\"@id\":\"https:\\\/\\\/www.toroshopping.com\\\/en\\\/#website\",\"url\":\"https:\\\/\\\/www.toroshopping.com\\\/en\\\/\",\"name\":\"Especializados en Art\u00edculos Taurinos\",\"description\":\"\",\"publisher\":{\"@id\":\"https:\\\/\\\/www.toroshopping.com\\\/en\\\/#organization\"},\"alternateName\":\"Tienda Taurina Online\",\"potentialAction\":[{\"@type\":\"SearchAction\",\"target\":{\"@type\":\"EntryPoint\",\"urlTemplate\":\"https:\\\/\\\/www.toroshopping.com\\\/en\\\/?s={search_term_string}\"},\"query-input\":{\"@type\":\"PropertyValueSpecification\",\"valueRequired\":true,\"valueName\":\"search_term_string\"}}],\"inLanguage\":\"en-US\"},{\"@type\":\"Organization\",\"@id\":\"https:\\\/\\\/www.toroshopping.com\\\/en\\\/#organization\",\"name\":\"Toroshopping\",\"alternateName\":\"Tienda Taurina Online\",\"url\":\"https:\\\/\\\/www.toroshopping.com\\\/en\\\/\",\"logo\":{\"@type\":\"ImageObject\",\"inLanguage\":\"en-US\",\"@id\":\"https:\\\/\\\/www.toroshopping.com\\\/en\\\/#\\\/schema\\\/logo\\\/image\\\/\",\"url\":\"https:\\\/\\\/www.toroshopping.com\\\/wp-content\\\/uploads\\\/2025\\\/09\\\/tienda-taurina-bullfighting-shop-boutique-taurine-toroshopping.jpg\",\"contentUrl\":\"https:\\\/\\\/www.toroshopping.com\\\/wp-content\\\/uploads\\\/2025\\\/09\\\/tienda-taurina-bullfighting-shop-boutique-taurine-toroshopping.jpg\",\"width\":764,\"height\":787,\"caption\":\"Toroshopping\"},\"image\":{\"@id\":\"https:\\\/\\\/www.toroshopping.com\\\/en\\\/#\\\/schema\\\/logo\\\/image\\\/\"},\"sameAs\":[\"https:\\\/\\\/facebook.com\\\/toroshopping\",\"https:\\\/\\\/x.com\\\/Toroshopping\",\"https:\\\/\\\/instagram.com\\\/toroshopping\",\"https:\\\/\\\/www.tiktok.com\\\/@toroshopping_\"]}]}<\/script>\n<!-- \/ Yoast SEO plugin. -->","yoast_head_json":{"title":"Bullfighting Photography Jos\u00e9 Tom\u00e1s | Toroshopping","description":"Online bullfighting photography store. Photography by Jos\u00e9 Tom\u00e1s available in various sizes to decorate your home [High quality]","robots":{"index":"index","follow":"follow","max-snippet":"max-snippet:-1","max-image-preview":"max-image-preview:large","max-video-preview":"max-video-preview:-1"},"canonical":"https:\/\/www.toroshopping.com\/en\/shop\/bullfighting-decoration\/bullfighting-photography\/bullfighting-pictures-by-luis-vega-en\/jose-tomas-leyenda\/","og_locale":"en_US","og_type":"article","og_title":"Bullfighting Photography Jos\u00e9 Tom\u00e1s | Toroshopping","og_description":"Online bullfighting photography store. Photography by Jos\u00e9 Tom\u00e1s available in various sizes to decorate your home [High quality]","og_url":"https:\/\/www.toroshopping.com\/en\/shop\/bullfighting-decoration\/bullfighting-photography\/bullfighting-pictures-by-luis-vega-en\/jose-tomas-leyenda\/","og_site_name":"Tienda taurina - Accesorios taurinos y moda - TOROSHOPPING","article_publisher":"https:\/\/facebook.com\/toroshopping","article_modified_time":"2023-11-03T10:28:17+00:00","og_image":[{"width":850,"height":1276,"url":"https:\/\/www.toroshopping.com\/wp-content\/uploads\/2018\/01\/9910-Jose-Tomas-Leyenda.jpg","type":"image\/jpeg"}],"twitter_card":"summary_large_image","twitter_site":"@Toroshopping","schema":{"@context":"https:\/\/schema.org","@graph":[{"@type":"WebPage","@id":"https:\/\/www.toroshopping.com\/en\/shop\/bullfighting-decoration\/bullfighting-photography\/bullfighting-pictures-by-luis-vega-en\/jose-tomas-leyenda\/","url":"https:\/\/www.toroshopping.com\/en\/shop\/bullfighting-decoration\/bullfighting-photography\/bullfighting-pictures-by-luis-vega-en\/jose-tomas-leyenda\/","name":"Bullfighting Photography Jos\u00e9 Tom\u00e1s | Toroshopping","isPartOf":{"@id":"https:\/\/www.toroshopping.com\/en\/#website"},"primaryImageOfPage":{"@id":"https:\/\/www.toroshopping.com\/en\/shop\/bullfighting-decoration\/bullfighting-photography\/bullfighting-pictures-by-luis-vega-en\/jose-tomas-leyenda\/#primaryimage"},"image":{"@id":"https:\/\/www.toroshopping.com\/en\/shop\/bullfighting-decoration\/bullfighting-photography\/bullfighting-pictures-by-luis-vega-en\/jose-tomas-leyenda\/#primaryimage"},"thumbnailUrl":"https:\/\/www.toroshopping.com\/wp-content\/uploads\/2018\/01\/9910-Jose-Tomas-Leyenda.jpg","datePublished":"2018-01-05T18:20:34+00:00","dateModified":"2023-11-03T10:28:17+00:00","description":"Online bullfighting photography store. Photography by Jos\u00e9 Tom\u00e1s available in various sizes to decorate your home [High quality]","breadcrumb":{"@id":"https:\/\/www.toroshopping.com\/en\/shop\/bullfighting-decoration\/bullfighting-photography\/bullfighting-pictures-by-luis-vega-en\/jose-tomas-leyenda\/#breadcrumb"},"inLanguage":"en-US","potentialAction":[{"@type":"ReadAction","target":["https:\/\/www.toroshopping.com\/en\/shop\/bullfighting-decoration\/bullfighting-photography\/bullfighting-pictures-by-luis-vega-en\/jose-tomas-leyenda\/"]}]},{"@type":"ImageObject","inLanguage":"en-US","@id":"https:\/\/www.toroshopping.com\/en\/shop\/bullfighting-decoration\/bullfighting-photography\/bullfighting-pictures-by-luis-vega-en\/jose-tomas-leyenda\/#primaryimage","url":"https:\/\/www.toroshopping.com\/wp-content\/uploads\/2018\/01\/9910-Jose-Tomas-Leyenda.jpg","contentUrl":"https:\/\/www.toroshopping.com\/wp-content\/uploads\/2018\/01\/9910-Jose-Tomas-Leyenda.jpg","width":850,"height":1276,"caption":"Jose Tomas Leyenda"},{"@type":"BreadcrumbList","@id":"https:\/\/www.toroshopping.com\/en\/shop\/bullfighting-decoration\/bullfighting-photography\/bullfighting-pictures-by-luis-vega-en\/jose-tomas-leyenda\/#breadcrumb","itemListElement":[{"@type":"ListItem","position":1,"name":"Inicio","item":"https:\/\/www.toroshopping.com\/en\/"},{"@type":"ListItem","position":2,"name":"Shop","item":"https:\/\/www.toroshopping.com\/en\/shop\/"},{"@type":"ListItem","position":3,"name":"Jose Tomas Legend"}]},{"@type":"WebSite","@id":"https:\/\/www.toroshopping.com\/en\/#website","url":"https:\/\/www.toroshopping.com\/en\/","name":"Especializados en Art\u00edculos Taurinos","description":"","publisher":{"@id":"https:\/\/www.toroshopping.com\/en\/#organization"},"alternateName":"Tienda Taurina Online","potentialAction":[{"@type":"SearchAction","target":{"@type":"EntryPoint","urlTemplate":"https:\/\/www.toroshopping.com\/en\/?s={search_term_string}"},"query-input":{"@type":"PropertyValueSpecification","valueRequired":true,"valueName":"search_term_string"}}],"inLanguage":"en-US"},{"@type":"Organization","@id":"https:\/\/www.toroshopping.com\/en\/#organization","name":"Toroshopping","alternateName":"Tienda Taurina Online","url":"https:\/\/www.toroshopping.com\/en\/","logo":{"@type":"ImageObject","inLanguage":"en-US","@id":"https:\/\/www.toroshopping.com\/en\/#\/schema\/logo\/image\/","url":"https:\/\/www.toroshopping.com\/wp-content\/uploads\/2025\/09\/tienda-taurina-bullfighting-shop-boutique-taurine-toroshopping.jpg","contentUrl":"https:\/\/www.toroshopping.com\/wp-content\/uploads\/2025\/09\/tienda-taurina-bullfighting-shop-boutique-taurine-toroshopping.jpg","width":764,"height":787,"caption":"Toroshopping"},"image":{"@id":"https:\/\/www.toroshopping.com\/en\/#\/schema\/logo\/image\/"},"sameAs":["https:\/\/facebook.com\/toroshopping","https:\/\/x.com\/Toroshopping","https:\/\/instagram.com\/toroshopping","https:\/\/www.tiktok.com\/@toroshopping_"]}]}},"brands":[],"_links":{"self":[{"href":"https:\/\/www.toroshopping.com\/en\/wp-json\/wp\/v2\/product\/7818","targetHints":{"allow":["GET"]}}],"collection":[{"href":"https:\/\/www.toroshopping.com\/en\/wp-json\/wp\/v2\/product"}],"about":[{"href":"https:\/\/www.toroshopping.com\/en\/wp-json\/wp\/v2\/types\/product"}],"wp:featuredmedia":[{"embeddable":true,"href":"https:\/\/www.toroshopping.com\/en\/wp-json\/wp\/v2\/media\/7811"}],"wp:attachment":[{"href":"https:\/\/www.toroshopping.com\/en\/wp-json\/wp\/v2\/media?parent=7818"}],"wp:term":[{"taxonomy":"pwb-brand","embeddable":true,"href":"https:\/\/www.toroshopping.com\/en\/wp-json\/wp\/v2\/pwb-brand?post=7818"},{"taxonomy":"product_brand","embeddable":true,"href":"https:\/\/www.toroshopping.com\/en\/wp-json\/wp\/v2\/product_brand?post=7818"},{"taxonomy":"product_cat","embeddable":true,"href":"https:\/\/www.toroshopping.com\/en\/wp-json\/wp\/v2\/product_cat?post=7818"},{"taxonomy":"product_tag","embeddable":true,"href":"https:\/\/www.toroshopping.com\/en\/wp-json\/wp\/v2\/product_tag?post=7818"}],"curies":[{"name":"wp","href":"https:\/\/api.w.org\/{rel}","templated":true}]}}