{"id":1915,"date":"2020-06-15T08:42:50","date_gmt":"2020-06-15T08:42:50","guid":{"rendered":"https:\/\/www.toroshopping.com\/panier\/"},"modified":"2026-01-07T10:08:59","modified_gmt":"2026-01-07T09:08:59","slug":"carrito","status":"publish","type":"page","link":"https:\/\/www.toroshopping.com\/fr\/carrito\/","title":{"rendered":"Panier"},"content":{"rendered":"<div class=\"wpb-content-wrapper\"><p>[vc_row disable_element=&#8221;yes&#8221;][vc_column width=&#8221;1\/6&#8243;][\/vc_column][vc_column width=&#8221;2\/3&#8243;][vc_message message_box_color=&#8221;orange&#8221; css=&#8221;&#8221;]Date limite d&#8217;achat des cadeaux de No\u00ebl: 10 d\u00e9cembre<br \/>Date limite d&#8217;achat pour les cadeaux des Rois mages: 29 d\u00e9cembre[\/vc_message][\/vc_column][vc_column width=&#8221;1\/6&#8243;][\/vc_column][\/vc_row][vc_row][vc_column][vc_column_text]\n<p>\n[\/vc_column_text][\/vc_column][\/vc_row]<\/p><\/div>","protected":false},"excerpt":{"rendered":"<p>[vc_row disable_element=&#8221;yes&#8221;][vc_column width=&#8221;1\/6&#8243;][\/vc_column][vc_column width=&#8221;2\/3&#8243;][vc_message message_box_color=&#8221;orange&#8221; css=&#8221;&#8221;]Date limite d&#8217;achat des cadeaux de No\u00ebl: 10 d\u00e9cembreDate limite d&#8217;achat pour les cadeaux des Rois mages: 29 d\u00e9cembre[\/vc_message][\/vc_column][vc_column width=&#8221;1\/6&#8243;][\/vc_column][\/vc_row][vc_row][vc_column][vc_column_text][\/vc_column_text][\/vc_column][\/vc_row]<\/p>\n","protected":false},"author":5,"featured_media":0,"parent":0,"menu_order":0,"comment_status":"closed","ping_status":"closed","template":"","meta":{"footnotes":""},"class_list":["post-1915","page","type-page","status-publish","hentry"],"yoast_head":"<!-- This site is optimized with the Yoast SEO plugin v27.4 - https:\/\/yoast.com\/product\/yoast-seo-wordpress\/ -->\n<title>Panier - Vos achats sur Toroshopping<\/title>\n<meta name=\"robots\" content=\"index, follow, max-snippet:-1, max-image-preview:large, max-video-preview:-1\" \/>\n<link rel=\"canonical\" href=\"https:\/\/www.toroshopping.com\/fr\/carrito\/\" \/>\n<meta property=\"og:locale\" content=\"fr_FR\" \/>\n<meta property=\"og:type\" content=\"article\" \/>\n<meta property=\"og:title\" content=\"Panier - Vos achats sur Toroshopping\" \/>\n<meta property=\"og:description\" content=\"[vc_row disable_element=&#8221;yes&#8221;][vc_column width=&#8221;1\/6&#8243;][\/vc_column][vc_column width=&#8221;2\/3&#8243;][vc_message message_box_color=&#8221;orange&#8221; css=&#8221;&#8221;]Date limite d&#8217;achat des cadeaux de No\u00ebl: 10 d\u00e9cembreDate limite d&#8217;achat pour les cadeaux des Rois mages: 29 d\u00e9cembre[\/vc_message][\/vc_column][vc_column width=&#8221;1\/6&#8243;][\/vc_column][\/vc_row][vc_row][vc_column][vc_column_text][\/vc_column_text][\/vc_column][\/vc_row]\" \/>\n<meta property=\"og:url\" content=\"https:\/\/www.toroshopping.com\/fr\/carrito\/\" \/>\n<meta property=\"og:site_name\" content=\"Tienda taurina - Accesorios taurinos y moda - TOROSHOPPING\" \/>\n<meta property=\"article:publisher\" content=\"https:\/\/facebook.com\/toroshopping\" \/>\n<meta property=\"article:modified_time\" content=\"2026-01-07T09:08:59+00:00\" \/>\n<meta property=\"og:image\" content=\"https:\/\/www.toroshopping.com\/wp-content\/uploads\/2020\/10\/4.png\" \/>\n\t<meta property=\"og:image:width\" content=\"1920\" \/>\n\t<meta property=\"og:image:height\" content=\"940\" \/>\n\t<meta property=\"og:image:type\" content=\"image\/png\" \/>\n<meta name=\"twitter:card\" content=\"summary_large_image\" \/>\n<meta name=\"twitter:site\" content=\"@Toroshopping\" \/>\n<meta name=\"twitter:label1\" content=\"Dur\u00e9e de lecture estim\u00e9e\" \/>\n\t<meta name=\"twitter:data1\" content=\"1 minute\" \/>\n<script type=\"application\/ld+json\" class=\"yoast-schema-graph\">{\"@context\":\"https:\\\/\\\/schema.org\",\"@graph\":[{\"@type\":\"WebPage\",\"@id\":\"https:\\\/\\\/www.toroshopping.com\\\/fr\\\/carrito\\\/\",\"url\":\"https:\\\/\\\/www.toroshopping.com\\\/fr\\\/carrito\\\/\",\"name\":\"Panier - Vos achats sur Toroshopping\",\"isPartOf\":{\"@id\":\"https:\\\/\\\/www.toroshopping.com\\\/fr\\\/#website\"},\"datePublished\":\"2020-06-15T08:42:50+00:00\",\"dateModified\":\"2026-01-07T09:08:59+00:00\",\"breadcrumb\":{\"@id\":\"https:\\\/\\\/www.toroshopping.com\\\/fr\\\/carrito\\\/#breadcrumb\"},\"inLanguage\":\"fr-FR\",\"potentialAction\":[{\"@type\":\"ReadAction\",\"target\":[\"https:\\\/\\\/www.toroshopping.com\\\/fr\\\/carrito\\\/\"]}]},{\"@type\":\"BreadcrumbList\",\"@id\":\"https:\\\/\\\/www.toroshopping.com\\\/fr\\\/carrito\\\/#breadcrumb\",\"itemListElement\":[{\"@type\":\"ListItem\",\"position\":1,\"name\":\"Inicio\",\"item\":\"https:\\\/\\\/www.toroshopping.com\\\/fr\\\/\"},{\"@type\":\"ListItem\",\"position\":2,\"name\":\"Panier\"}]},{\"@type\":\"WebSite\",\"@id\":\"https:\\\/\\\/www.toroshopping.com\\\/fr\\\/#website\",\"url\":\"https:\\\/\\\/www.toroshopping.com\\\/fr\\\/\",\"name\":\"Especializados en Art\u00edculos Taurinos\",\"description\":\"\",\"publisher\":{\"@id\":\"https:\\\/\\\/www.toroshopping.com\\\/fr\\\/#organization\"},\"alternateName\":\"Tienda Taurina Online\",\"potentialAction\":[{\"@type\":\"SearchAction\",\"target\":{\"@type\":\"EntryPoint\",\"urlTemplate\":\"https:\\\/\\\/www.toroshopping.com\\\/fr\\\/?s={search_term_string}\"},\"query-input\":{\"@type\":\"PropertyValueSpecification\",\"valueRequired\":true,\"valueName\":\"search_term_string\"}}],\"inLanguage\":\"fr-FR\"},{\"@type\":\"Organization\",\"@id\":\"https:\\\/\\\/www.toroshopping.com\\\/fr\\\/#organization\",\"name\":\"Toroshopping\",\"alternateName\":\"Tienda Taurina Online\",\"url\":\"https:\\\/\\\/www.toroshopping.com\\\/fr\\\/\",\"logo\":{\"@type\":\"ImageObject\",\"inLanguage\":\"fr-FR\",\"@id\":\"https:\\\/\\\/www.toroshopping.com\\\/fr\\\/#\\\/schema\\\/logo\\\/image\\\/\",\"url\":\"https:\\\/\\\/www.toroshopping.com\\\/wp-content\\\/uploads\\\/2025\\\/09\\\/tienda-taurina-bullfighting-shop-boutique-taurine-toroshopping.jpg\",\"contentUrl\":\"https:\\\/\\\/www.toroshopping.com\\\/wp-content\\\/uploads\\\/2025\\\/09\\\/tienda-taurina-bullfighting-shop-boutique-taurine-toroshopping.jpg\",\"width\":764,\"height\":787,\"caption\":\"Toroshopping\"},\"image\":{\"@id\":\"https:\\\/\\\/www.toroshopping.com\\\/fr\\\/#\\\/schema\\\/logo\\\/image\\\/\"},\"sameAs\":[\"https:\\\/\\\/facebook.com\\\/toroshopping\",\"https:\\\/\\\/x.com\\\/Toroshopping\",\"https:\\\/\\\/instagram.com\\\/toroshopping\",\"https:\\\/\\\/www.tiktok.com\\\/@toroshopping_\"]}]}<\/script>\n<!-- \/ Yoast SEO plugin. -->","yoast_head_json":{"title":"Panier - Vos achats sur Toroshopping","robots":{"index":"index","follow":"follow","max-snippet":"max-snippet:-1","max-image-preview":"max-image-preview:large","max-video-preview":"max-video-preview:-1"},"canonical":"https:\/\/www.toroshopping.com\/fr\/carrito\/","og_locale":"fr_FR","og_type":"article","og_title":"Panier - Vos achats sur Toroshopping","og_description":"[vc_row disable_element=&#8221;yes&#8221;][vc_column width=&#8221;1\/6&#8243;][\/vc_column][vc_column width=&#8221;2\/3&#8243;][vc_message message_box_color=&#8221;orange&#8221; css=&#8221;&#8221;]Date limite d&#8217;achat des cadeaux de No\u00ebl: 10 d\u00e9cembreDate limite d&#8217;achat pour les cadeaux des Rois mages: 29 d\u00e9cembre[\/vc_message][\/vc_column][vc_column width=&#8221;1\/6&#8243;][\/vc_column][\/vc_row][vc_row][vc_column][vc_column_text][\/vc_column_text][\/vc_column][\/vc_row]","og_url":"https:\/\/www.toroshopping.com\/fr\/carrito\/","og_site_name":"Tienda taurina - Accesorios taurinos y moda - TOROSHOPPING","article_publisher":"https:\/\/facebook.com\/toroshopping","article_modified_time":"2026-01-07T09:08:59+00:00","og_image":[{"width":1920,"height":940,"url":"https:\/\/www.toroshopping.com\/wp-content\/uploads\/2020\/10\/4.png","type":"image\/png"}],"twitter_card":"summary_large_image","twitter_site":"@Toroshopping","twitter_misc":{"Dur\u00e9e de lecture estim\u00e9e":"1 minute"},"schema":{"@context":"https:\/\/schema.org","@graph":[{"@type":"WebPage","@id":"https:\/\/www.toroshopping.com\/fr\/carrito\/","url":"https:\/\/www.toroshopping.com\/fr\/carrito\/","name":"Panier - Vos achats sur Toroshopping","isPartOf":{"@id":"https:\/\/www.toroshopping.com\/fr\/#website"},"datePublished":"2020-06-15T08:42:50+00:00","dateModified":"2026-01-07T09:08:59+00:00","breadcrumb":{"@id":"https:\/\/www.toroshopping.com\/fr\/carrito\/#breadcrumb"},"inLanguage":"fr-FR","potentialAction":[{"@type":"ReadAction","target":["https:\/\/www.toroshopping.com\/fr\/carrito\/"]}]},{"@type":"BreadcrumbList","@id":"https:\/\/www.toroshopping.com\/fr\/carrito\/#breadcrumb","itemListElement":[{"@type":"ListItem","position":1,"name":"Inicio","item":"https:\/\/www.toroshopping.com\/fr\/"},{"@type":"ListItem","position":2,"name":"Panier"}]},{"@type":"WebSite","@id":"https:\/\/www.toroshopping.com\/fr\/#website","url":"https:\/\/www.toroshopping.com\/fr\/","name":"Especializados en Art\u00edculos Taurinos","description":"","publisher":{"@id":"https:\/\/www.toroshopping.com\/fr\/#organization"},"alternateName":"Tienda Taurina Online","potentialAction":[{"@type":"SearchAction","target":{"@type":"EntryPoint","urlTemplate":"https:\/\/www.toroshopping.com\/fr\/?s={search_term_string}"},"query-input":{"@type":"PropertyValueSpecification","valueRequired":true,"valueName":"search_term_string"}}],"inLanguage":"fr-FR"},{"@type":"Organization","@id":"https:\/\/www.toroshopping.com\/fr\/#organization","name":"Toroshopping","alternateName":"Tienda Taurina Online","url":"https:\/\/www.toroshopping.com\/fr\/","logo":{"@type":"ImageObject","inLanguage":"fr-FR","@id":"https:\/\/www.toroshopping.com\/fr\/#\/schema\/logo\/image\/","url":"https:\/\/www.toroshopping.com\/wp-content\/uploads\/2025\/09\/tienda-taurina-bullfighting-shop-boutique-taurine-toroshopping.jpg","contentUrl":"https:\/\/www.toroshopping.com\/wp-content\/uploads\/2025\/09\/tienda-taurina-bullfighting-shop-boutique-taurine-toroshopping.jpg","width":764,"height":787,"caption":"Toroshopping"},"image":{"@id":"https:\/\/www.toroshopping.com\/fr\/#\/schema\/logo\/image\/"},"sameAs":["https:\/\/facebook.com\/toroshopping","https:\/\/x.com\/Toroshopping","https:\/\/instagram.com\/toroshopping","https:\/\/www.tiktok.com\/@toroshopping_"]}]}},"_links":{"self":[{"href":"https:\/\/www.toroshopping.com\/fr\/wp-json\/wp\/v2\/pages\/1915","targetHints":{"allow":["GET"]}}],"collection":[{"href":"https:\/\/www.toroshopping.com\/fr\/wp-json\/wp\/v2\/pages"}],"about":[{"href":"https:\/\/www.toroshopping.com\/fr\/wp-json\/wp\/v2\/types\/page"}],"author":[{"embeddable":true,"href":"https:\/\/www.toroshopping.com\/fr\/wp-json\/wp\/v2\/users\/5"}],"replies":[{"embeddable":true,"href":"https:\/\/www.toroshopping.com\/fr\/wp-json\/wp\/v2\/comments?post=1915"}],"version-history":[{"count":7,"href":"https:\/\/www.toroshopping.com\/fr\/wp-json\/wp\/v2\/pages\/1915\/revisions"}],"predecessor-version":[{"id":98934,"href":"https:\/\/www.toroshopping.com\/fr\/wp-json\/wp\/v2\/pages\/1915\/revisions\/98934"}],"wp:attachment":[{"href":"https:\/\/www.toroshopping.com\/fr\/wp-json\/wp\/v2\/media?parent=1915"}],"curies":[{"name":"wp","href":"https:\/\/api.w.org\/{rel}","templated":true}]}}