{"id":3239,"date":"2022-10-22T23:45:19","date_gmt":"2022-10-22T21:45:19","guid":{"rendered":"https:\/\/www.toroshopping.com\/producto\/capes-de-torero-aficionado\/"},"modified":"2025-03-10T13:56:16","modified_gmt":"2025-03-10T12:56:16","slug":"cape-de-torero-amateur","status":"publish","type":"product","link":"https:\/\/www.toroshopping.com\/fr\/boutique\/capes-et-accessoires\/capes-de-torero\/cape-de-torero-amateur\/","title":{"rendered":"Cape de Torero Amateur"},"content":{"rendered":"<p>La <strong>cape de torero Aficionado ou Amateur<\/strong> est une cape utilis\u00e9e pour tor\u00e9er, faite d&#8217;un tissu rigide et lourd.<br \/>\nElle est utilis\u00e9e pour fixer le taureau et faire des poses artistiques au moment de recevoir le taureau dans les ar\u00e8nes.<br \/>\nLa cape de torero Amateur, du tailleur taurin Carlos Galvan, est faite sur mesure. Elle est totalement adapt\u00e9e \u00e0 la personne qui l&#8217;ach\u00e8te ou l&#8217;offre en cadeau, et p\u00e8se moins que la cape professionnelle, entre <strong>3 et 4 kg.<\/strong><\/p>\n<p>Son origine provient des d\u00e9buts de la tauromachie lorsque les chevaliers qui tor\u00e9aient \u00e0 cheval se servaient de leur propre cape pour tor\u00e9er le taureau. Autrefois elle \u00e9tait rouge et plus l\u00e9g\u00e8re.<\/p>\n<p>Les capes actuelles sont de couleur rose avec un r<strong>ev\u00eatement int\u00e9rieur jaune<\/strong>, ou <strong>parfois bleu ou violet.<\/strong> Elles sont en<strong> tissu synth\u00e9tique<\/strong>, en nylon ou en soie, pour \u00e9viter d&#8217;\u00eatre trop abim\u00e9e par les cornes du taureau. Ces capes sont \u00e9galement trait\u00e9es de telle sorte \u00e0 ce que le sang ne p\u00e9n\u00e8tre pas le tissu. Elles sont aussi con\u00e7ues pour \u00eatre plus lourde et plus rigide.<\/p>\n<p>Cette cape est diff\u00e9rente que la cape de parade des toreros, qu&#8217;ils utilisent lors de leur entr\u00e9e dans l&#8217;ar\u00e8ne. Cette derni\u00e8re est plus petite et brod\u00e9e d&#8217;or, d&#8217;argent et des images religieuses.<\/p>\n","protected":false},"excerpt":{"rendered":"<p>La <strong>Cape de torero Amateur<\/strong> pour Aficionado est id\u00e9ale pour vous si vous d\u00e9butez ou \u00eates un amateur pratique, ou comme d\u00e9coration. Moins lourde que la cape de torero professionnelle, <strong>elle p\u00e8se environ 3-4 kgs et mesure entre 110 y 115 cm<\/strong>.<br \/>\n<strong style=\"font-size: 1.125rem;\">La cape de torero<\/strong><span style=\"font-size: 1.125rem;\"> est rose avec un int\u00e9rieur doubl\u00e9 de jaune.<\/span><\/p>\n<p><span style=\"font-size: 1.125rem;\">Elle est faite de tissu synth\u00e9tique, de nylon ou de soie, afin d&#8217;\u00e9viter que la corne du taureau ne s&#8217;accroche trop, en plus d&#8217;\u00eatre trait\u00e9e pour que le sang ne p\u00e9n\u00e8tre pas et pour lui donner plus de poids et de rigidit\u00e9.<br \/>\n<\/span><strong>Personnalisez votre cape avec un nom, gratuitement.<\/strong><\/p>\n","protected":false},"featured_media":3210,"template":"","meta":[],"pwb-brand":[10231],"product_brand":[],"product_cat":[548,524,15993],"product_tag":[],"class_list":{"0":"post-3239","1":"product","2":"type-product","3":"status-publish","4":"has-post-thumbnail","6":"pwb-brand-sastreria-toreros","7":"product_cat-capes-de-torero","8":"product_cat-capes-et-accessoires","9":"product_cat-meilleurs-ventes","10":"product_shipping_class-madrid-fr-2","11":"pa_edad-72-adulte-fr","12":"pa_genero-unisexe","14":"first","15":"instock","16":"taxable","17":"shipping-taxable","18":"purchasable","19":"product-type-simple"},"bundled_by":[],"bundle_stock_status":"instock","bundle_stock_quantity":null,"bundle_virtual":false,"bundle_layout":"","bundle_add_to_cart_form_location":"","bundle_editable_in_cart":false,"bundle_sold_individually_context":"","bundle_item_grouping":"","bundle_min_size":"","bundle_max_size":"","bundle_price":[],"bundled_items":[],"bundle_sell_ids":[],"yoast_head":"<!-- This site is optimized with the Yoast SEO plugin v27.3 - https:\/\/yoast.com\/product\/yoast-seo-wordpress\/ -->\n<title>\u25b7 Capes de Torero Amateur | Faites par un Tailleur Taurin<\/title>\n<meta name=\"description\" content=\"Les authentiques capes de torero amateur sont fabriqu\u00e9es en Espagne par un tailleur taurin, et peuvent \u00eatre personnalis\u00e9es sans frais extra.\" \/>\n<meta name=\"robots\" content=\"index, follow, max-snippet:-1, max-image-preview:large, max-video-preview:-1\" \/>\n<link rel=\"canonical\" href=\"https:\/\/www.toroshopping.com\/fr\/boutique\/capes-et-accessoires\/capes-de-torero\/cape-de-torero-amateur\/\" \/>\n<meta property=\"og:locale\" content=\"fr_FR\" \/>\n<meta property=\"og:type\" content=\"article\" \/>\n<meta property=\"og:title\" content=\"\u25b7 Capes de Torero Amateur | Faites par un Tailleur Taurin\" \/>\n<meta property=\"og:description\" content=\"Les authentiques capes de torero amateur sont fabriqu\u00e9es en Espagne par un tailleur taurin, et peuvent \u00eatre personnalis\u00e9es sans frais extra.\" \/>\n<meta property=\"og:url\" content=\"https:\/\/www.toroshopping.com\/fr\/boutique\/capes-et-accessoires\/capes-de-torero\/cape-de-torero-amateur\/\" \/>\n<meta property=\"og:site_name\" content=\"Tienda taurina - Accesorios taurinos y moda - TOROSHOPPING\" \/>\n<meta property=\"article:publisher\" content=\"https:\/\/facebook.com\/toroshopping\" \/>\n<meta property=\"article:modified_time\" content=\"2025-03-10T12:56:16+00:00\" \/>\n<meta property=\"og:image\" content=\"https:\/\/www.toroshopping.com\/wp-content\/uploads\/2011\/03\/5636-capote-de-torero-comprar.jpg\" \/>\n\t<meta property=\"og:image:width\" content=\"800\" \/>\n\t<meta property=\"og:image:height\" content=\"1169\" \/>\n\t<meta property=\"og:image:type\" content=\"image\/jpeg\" \/>\n<meta name=\"twitter:card\" content=\"summary_large_image\" \/>\n<meta name=\"twitter:site\" content=\"@Toroshopping\" \/>\n<meta name=\"twitter:label1\" content=\"Dur\u00e9e de lecture estim\u00e9e\" \/>\n\t<meta name=\"twitter:data1\" content=\"1 minute\" \/>\n<script type=\"application\/ld+json\" class=\"yoast-schema-graph\">{\"@context\":\"https:\\\/\\\/schema.org\",\"@graph\":[{\"@type\":\"WebPage\",\"@id\":\"https:\\\/\\\/www.toroshopping.com\\\/fr\\\/boutique\\\/capes-et-accessoires\\\/capes-de-torero\\\/cape-de-torero-amateur\\\/\",\"url\":\"https:\\\/\\\/www.toroshopping.com\\\/fr\\\/boutique\\\/capes-et-accessoires\\\/capes-de-torero\\\/cape-de-torero-amateur\\\/\",\"name\":\"\u25b7 Capes de Torero Amateur | Faites par un Tailleur Taurin\",\"isPartOf\":{\"@id\":\"https:\\\/\\\/www.toroshopping.com\\\/fr\\\/#website\"},\"primaryImageOfPage\":{\"@id\":\"https:\\\/\\\/www.toroshopping.com\\\/fr\\\/boutique\\\/capes-et-accessoires\\\/capes-de-torero\\\/cape-de-torero-amateur\\\/#primaryimage\"},\"image\":{\"@id\":\"https:\\\/\\\/www.toroshopping.com\\\/fr\\\/boutique\\\/capes-et-accessoires\\\/capes-de-torero\\\/cape-de-torero-amateur\\\/#primaryimage\"},\"thumbnailUrl\":\"https:\\\/\\\/www.toroshopping.com\\\/wp-content\\\/uploads\\\/2011\\\/03\\\/5636-capote-de-torero-comprar.jpg\",\"datePublished\":\"2022-10-22T21:45:19+00:00\",\"dateModified\":\"2025-03-10T12:56:16+00:00\",\"description\":\"Les authentiques capes de torero amateur sont fabriqu\u00e9es en Espagne par un tailleur taurin, et peuvent \u00eatre personnalis\u00e9es sans frais extra.\",\"breadcrumb\":{\"@id\":\"https:\\\/\\\/www.toroshopping.com\\\/fr\\\/boutique\\\/capes-et-accessoires\\\/capes-de-torero\\\/cape-de-torero-amateur\\\/#breadcrumb\"},\"inLanguage\":\"fr-FR\",\"potentialAction\":[{\"@type\":\"ReadAction\",\"target\":[\"https:\\\/\\\/www.toroshopping.com\\\/fr\\\/boutique\\\/capes-et-accessoires\\\/capes-de-torero\\\/cape-de-torero-amateur\\\/\"]}]},{\"@type\":\"ImageObject\",\"inLanguage\":\"fr-FR\",\"@id\":\"https:\\\/\\\/www.toroshopping.com\\\/fr\\\/boutique\\\/capes-et-accessoires\\\/capes-de-torero\\\/cape-de-torero-amateur\\\/#primaryimage\",\"url\":\"https:\\\/\\\/www.toroshopping.com\\\/wp-content\\\/uploads\\\/2011\\\/03\\\/5636-capote-de-torero-comprar.jpg\",\"contentUrl\":\"https:\\\/\\\/www.toroshopping.com\\\/wp-content\\\/uploads\\\/2011\\\/03\\\/5636-capote-de-torero-comprar.jpg\",\"width\":800,\"height\":1169},{\"@type\":\"BreadcrumbList\",\"@id\":\"https:\\\/\\\/www.toroshopping.com\\\/fr\\\/boutique\\\/capes-et-accessoires\\\/capes-de-torero\\\/cape-de-torero-amateur\\\/#breadcrumb\",\"itemListElement\":[{\"@type\":\"ListItem\",\"position\":1,\"name\":\"Inicio\",\"item\":\"https:\\\/\\\/www.toroshopping.com\\\/fr\\\/\"},{\"@type\":\"ListItem\",\"position\":2,\"name\":\"Boutique\",\"item\":\"https:\\\/\\\/www.toroshopping.com\\\/fr\\\/boutique\\\/\"},{\"@type\":\"ListItem\",\"position\":3,\"name\":\"Cape de Torero Amateur\"}]},{\"@type\":\"WebSite\",\"@id\":\"https:\\\/\\\/www.toroshopping.com\\\/fr\\\/#website\",\"url\":\"https:\\\/\\\/www.toroshopping.com\\\/fr\\\/\",\"name\":\"Especializados en Art\u00edculos Taurinos\",\"description\":\"\",\"publisher\":{\"@id\":\"https:\\\/\\\/www.toroshopping.com\\\/fr\\\/#organization\"},\"alternateName\":\"Tienda Taurina Online\",\"potentialAction\":[{\"@type\":\"SearchAction\",\"target\":{\"@type\":\"EntryPoint\",\"urlTemplate\":\"https:\\\/\\\/www.toroshopping.com\\\/fr\\\/?s={search_term_string}\"},\"query-input\":{\"@type\":\"PropertyValueSpecification\",\"valueRequired\":true,\"valueName\":\"search_term_string\"}}],\"inLanguage\":\"fr-FR\"},{\"@type\":\"Organization\",\"@id\":\"https:\\\/\\\/www.toroshopping.com\\\/fr\\\/#organization\",\"name\":\"Toroshopping\",\"alternateName\":\"Tienda Taurina Online\",\"url\":\"https:\\\/\\\/www.toroshopping.com\\\/fr\\\/\",\"logo\":{\"@type\":\"ImageObject\",\"inLanguage\":\"fr-FR\",\"@id\":\"https:\\\/\\\/www.toroshopping.com\\\/fr\\\/#\\\/schema\\\/logo\\\/image\\\/\",\"url\":\"https:\\\/\\\/www.toroshopping.com\\\/wp-content\\\/uploads\\\/2025\\\/09\\\/tienda-taurina-bullfighting-shop-boutique-taurine-toroshopping.jpg\",\"contentUrl\":\"https:\\\/\\\/www.toroshopping.com\\\/wp-content\\\/uploads\\\/2025\\\/09\\\/tienda-taurina-bullfighting-shop-boutique-taurine-toroshopping.jpg\",\"width\":764,\"height\":787,\"caption\":\"Toroshopping\"},\"image\":{\"@id\":\"https:\\\/\\\/www.toroshopping.com\\\/fr\\\/#\\\/schema\\\/logo\\\/image\\\/\"},\"sameAs\":[\"https:\\\/\\\/facebook.com\\\/toroshopping\",\"https:\\\/\\\/x.com\\\/Toroshopping\",\"https:\\\/\\\/instagram.com\\\/toroshopping\",\"https:\\\/\\\/www.tiktok.com\\\/@toroshopping_\"]}]}<\/script>\n<!-- \/ Yoast SEO plugin. -->","yoast_head_json":{"title":"\u25b7 Capes de Torero Amateur | Faites par un Tailleur Taurin","description":"Les authentiques capes de torero amateur sont fabriqu\u00e9es en Espagne par un tailleur taurin, et peuvent \u00eatre personnalis\u00e9es sans frais extra.","robots":{"index":"index","follow":"follow","max-snippet":"max-snippet:-1","max-image-preview":"max-image-preview:large","max-video-preview":"max-video-preview:-1"},"canonical":"https:\/\/www.toroshopping.com\/fr\/boutique\/capes-et-accessoires\/capes-de-torero\/cape-de-torero-amateur\/","og_locale":"fr_FR","og_type":"article","og_title":"\u25b7 Capes de Torero Amateur | Faites par un Tailleur Taurin","og_description":"Les authentiques capes de torero amateur sont fabriqu\u00e9es en Espagne par un tailleur taurin, et peuvent \u00eatre personnalis\u00e9es sans frais extra.","og_url":"https:\/\/www.toroshopping.com\/fr\/boutique\/capes-et-accessoires\/capes-de-torero\/cape-de-torero-amateur\/","og_site_name":"Tienda taurina - Accesorios taurinos y moda - TOROSHOPPING","article_publisher":"https:\/\/facebook.com\/toroshopping","article_modified_time":"2025-03-10T12:56:16+00:00","og_image":[{"width":800,"height":1169,"url":"https:\/\/www.toroshopping.com\/wp-content\/uploads\/2011\/03\/5636-capote-de-torero-comprar.jpg","type":"image\/jpeg"}],"twitter_card":"summary_large_image","twitter_site":"@Toroshopping","twitter_misc":{"Dur\u00e9e de lecture estim\u00e9e":"1 minute"},"schema":{"@context":"https:\/\/schema.org","@graph":[{"@type":"WebPage","@id":"https:\/\/www.toroshopping.com\/fr\/boutique\/capes-et-accessoires\/capes-de-torero\/cape-de-torero-amateur\/","url":"https:\/\/www.toroshopping.com\/fr\/boutique\/capes-et-accessoires\/capes-de-torero\/cape-de-torero-amateur\/","name":"\u25b7 Capes de Torero Amateur | Faites par un Tailleur Taurin","isPartOf":{"@id":"https:\/\/www.toroshopping.com\/fr\/#website"},"primaryImageOfPage":{"@id":"https:\/\/www.toroshopping.com\/fr\/boutique\/capes-et-accessoires\/capes-de-torero\/cape-de-torero-amateur\/#primaryimage"},"image":{"@id":"https:\/\/www.toroshopping.com\/fr\/boutique\/capes-et-accessoires\/capes-de-torero\/cape-de-torero-amateur\/#primaryimage"},"thumbnailUrl":"https:\/\/www.toroshopping.com\/wp-content\/uploads\/2011\/03\/5636-capote-de-torero-comprar.jpg","datePublished":"2022-10-22T21:45:19+00:00","dateModified":"2025-03-10T12:56:16+00:00","description":"Les authentiques capes de torero amateur sont fabriqu\u00e9es en Espagne par un tailleur taurin, et peuvent \u00eatre personnalis\u00e9es sans frais extra.","breadcrumb":{"@id":"https:\/\/www.toroshopping.com\/fr\/boutique\/capes-et-accessoires\/capes-de-torero\/cape-de-torero-amateur\/#breadcrumb"},"inLanguage":"fr-FR","potentialAction":[{"@type":"ReadAction","target":["https:\/\/www.toroshopping.com\/fr\/boutique\/capes-et-accessoires\/capes-de-torero\/cape-de-torero-amateur\/"]}]},{"@type":"ImageObject","inLanguage":"fr-FR","@id":"https:\/\/www.toroshopping.com\/fr\/boutique\/capes-et-accessoires\/capes-de-torero\/cape-de-torero-amateur\/#primaryimage","url":"https:\/\/www.toroshopping.com\/wp-content\/uploads\/2011\/03\/5636-capote-de-torero-comprar.jpg","contentUrl":"https:\/\/www.toroshopping.com\/wp-content\/uploads\/2011\/03\/5636-capote-de-torero-comprar.jpg","width":800,"height":1169},{"@type":"BreadcrumbList","@id":"https:\/\/www.toroshopping.com\/fr\/boutique\/capes-et-accessoires\/capes-de-torero\/cape-de-torero-amateur\/#breadcrumb","itemListElement":[{"@type":"ListItem","position":1,"name":"Inicio","item":"https:\/\/www.toroshopping.com\/fr\/"},{"@type":"ListItem","position":2,"name":"Boutique","item":"https:\/\/www.toroshopping.com\/fr\/boutique\/"},{"@type":"ListItem","position":3,"name":"Cape de Torero Amateur"}]},{"@type":"WebSite","@id":"https:\/\/www.toroshopping.com\/fr\/#website","url":"https:\/\/www.toroshopping.com\/fr\/","name":"Especializados en Art\u00edculos Taurinos","description":"","publisher":{"@id":"https:\/\/www.toroshopping.com\/fr\/#organization"},"alternateName":"Tienda Taurina Online","potentialAction":[{"@type":"SearchAction","target":{"@type":"EntryPoint","urlTemplate":"https:\/\/www.toroshopping.com\/fr\/?s={search_term_string}"},"query-input":{"@type":"PropertyValueSpecification","valueRequired":true,"valueName":"search_term_string"}}],"inLanguage":"fr-FR"},{"@type":"Organization","@id":"https:\/\/www.toroshopping.com\/fr\/#organization","name":"Toroshopping","alternateName":"Tienda Taurina Online","url":"https:\/\/www.toroshopping.com\/fr\/","logo":{"@type":"ImageObject","inLanguage":"fr-FR","@id":"https:\/\/www.toroshopping.com\/fr\/#\/schema\/logo\/image\/","url":"https:\/\/www.toroshopping.com\/wp-content\/uploads\/2025\/09\/tienda-taurina-bullfighting-shop-boutique-taurine-toroshopping.jpg","contentUrl":"https:\/\/www.toroshopping.com\/wp-content\/uploads\/2025\/09\/tienda-taurina-bullfighting-shop-boutique-taurine-toroshopping.jpg","width":764,"height":787,"caption":"Toroshopping"},"image":{"@id":"https:\/\/www.toroshopping.com\/fr\/#\/schema\/logo\/image\/"},"sameAs":["https:\/\/facebook.com\/toroshopping","https:\/\/x.com\/Toroshopping","https:\/\/instagram.com\/toroshopping","https:\/\/www.tiktok.com\/@toroshopping_"]}]}},"brands":[{"id":10231,"name":"Sastrer\u00eda de Toreros","slug":"sastreria-toreros"}],"_links":{"self":[{"href":"https:\/\/www.toroshopping.com\/fr\/wp-json\/wp\/v2\/product\/3239","targetHints":{"allow":["GET"]}}],"collection":[{"href":"https:\/\/www.toroshopping.com\/fr\/wp-json\/wp\/v2\/product"}],"about":[{"href":"https:\/\/www.toroshopping.com\/fr\/wp-json\/wp\/v2\/types\/product"}],"wp:featuredmedia":[{"embeddable":true,"href":"https:\/\/www.toroshopping.com\/fr\/wp-json\/wp\/v2\/media\/3210"}],"wp:attachment":[{"href":"https:\/\/www.toroshopping.com\/fr\/wp-json\/wp\/v2\/media?parent=3239"}],"wp:term":[{"taxonomy":"pwb-brand","embeddable":true,"href":"https:\/\/www.toroshopping.com\/fr\/wp-json\/wp\/v2\/pwb-brand?post=3239"},{"taxonomy":"product_brand","embeddable":true,"href":"https:\/\/www.toroshopping.com\/fr\/wp-json\/wp\/v2\/product_brand?post=3239"},{"taxonomy":"product_cat","embeddable":true,"href":"https:\/\/www.toroshopping.com\/fr\/wp-json\/wp\/v2\/product_cat?post=3239"},{"taxonomy":"product_tag","embeddable":true,"href":"https:\/\/www.toroshopping.com\/fr\/wp-json\/wp\/v2\/product_tag?post=3239"}],"curies":[{"name":"wp","href":"https:\/\/api.w.org\/{rel}","templated":true}]}}