{"id":3648,"date":"2011-03-22T23:48:10","date_gmt":"2011-03-22T23:48:10","guid":{"rendered":"https:\/\/www.toroshopping.com\/producto\/bretelles-pour-costumes-de-torero\/"},"modified":"2025-10-01T22:05:05","modified_gmt":"2025-10-01T20:05:05","slug":"bretelles-pour-costume-de-torero","status":"publish","type":"product","link":"https:\/\/www.toroshopping.com\/fr\/boutique\/costumes-de-torero\/vetements-de-torero\/bretelles-pour-costume-de-torero\/","title":{"rendered":"Bretelles pour costumes de lumi\u00e8res"},"content":{"rendered":"<p>Les bretelles pour costumes de lumi\u00e8res servent \u00e0 maintenir la taleguilla, le pantalon \u00e0 taille tr\u00e8s haute des toreros.<\/p>\n","protected":false},"excerpt":{"rendered":"<p><strong>Bretelles sp\u00e9ciales pour costumes de lumi\u00e8res<\/strong> ou costumes courts de torero. Finition en cuir. Indispensables pour maintenir la taleguilla, le pantalon \u00e0 taille haute des toreros.  <\/p>\n","protected":false},"featured_media":3639,"template":"","meta":[],"pwb-brand":[13884],"product_brand":[],"product_cat":[590,524],"product_tag":[],"class_list":{"0":"post-3648","1":"product","2":"type-product","3":"status-publish","4":"has-post-thumbnail","6":"pwb-brand-justo-algaba-sastre","7":"product_cat-vetements-de-torero","8":"product_cat-capes-et-accessoires","9":"product_shipping_class-madrid-fr-2","10":"pa_edad-95-adulte-fr","11":"pa_sexo-a7-unisexe-fr","13":"first","14":"instock","15":"taxable","16":"shipping-taxable","17":"purchasable","18":"product-type-simple"},"bundled_by":[],"bundle_stock_status":"instock","bundle_stock_quantity":48,"bundle_virtual":false,"bundle_layout":"","bundle_add_to_cart_form_location":"","bundle_editable_in_cart":false,"bundle_sold_individually_context":"","bundle_item_grouping":"","bundle_min_size":"","bundle_max_size":"","bundle_price":[],"bundled_items":[],"bundle_sell_ids":[],"yoast_head":"<!-- This site is optimized with the Yoast SEO plugin v27.4 - https:\/\/yoast.com\/product\/yoast-seo-wordpress\/ -->\n<title>Bretelles pour costumes de lumi\u00e8res | Accessoires de corrida<\/title>\n<meta name=\"description\" content=\"Les bretelles pour costumes de lumi\u00e8res sont des accessoires indispensables qui servent \u00e0 maintenir la taleguilla, le pantalon \u00e0 taille tr\u00e8s haute des toreros.\" \/>\n<meta name=\"robots\" content=\"index, follow, max-snippet:-1, max-image-preview:large, max-video-preview:-1\" \/>\n<link rel=\"canonical\" href=\"https:\/\/www.toroshopping.com\/fr\/boutique\/costumes-de-torero\/vetements-de-torero\/bretelles-pour-costume-de-torero\/\" \/>\n<meta property=\"og:locale\" content=\"fr_FR\" \/>\n<meta property=\"og:type\" content=\"article\" \/>\n<meta property=\"og:title\" content=\"Bretelles pour costumes de lumi\u00e8res | Accessoires de corrida\" \/>\n<meta property=\"og:description\" content=\"Les bretelles pour costumes de lumi\u00e8res sont des accessoires indispensables qui servent \u00e0 maintenir la taleguilla, le pantalon \u00e0 taille tr\u00e8s haute des toreros.\" \/>\n<meta property=\"og:url\" content=\"https:\/\/www.toroshopping.com\/fr\/boutique\/costumes-de-torero\/vetements-de-torero\/bretelles-pour-costume-de-torero\/\" \/>\n<meta property=\"og:site_name\" content=\"Tienda taurina - Accesorios taurinos y moda - TOROSHOPPING\" \/>\n<meta property=\"article:publisher\" content=\"https:\/\/facebook.com\/toroshopping\" \/>\n<meta property=\"article:modified_time\" content=\"2025-10-01T20:05:05+00:00\" \/>\n<meta property=\"og:image\" content=\"https:\/\/www.toroshopping.com\/wp-content\/uploads\/2011\/03\/10409-Tirantes-de-trajes-de-luces.jpg\" \/>\n\t<meta property=\"og:image:width\" content=\"605\" \/>\n\t<meta property=\"og:image:height\" content=\"403\" \/>\n\t<meta property=\"og:image:type\" content=\"image\/jpeg\" \/>\n<meta name=\"twitter:card\" content=\"summary_large_image\" \/>\n<meta name=\"twitter:site\" content=\"@Toroshopping\" \/>\n<script type=\"application\/ld+json\" class=\"yoast-schema-graph\">{\"@context\":\"https:\\\/\\\/schema.org\",\"@graph\":[{\"@type\":\"WebPage\",\"@id\":\"https:\\\/\\\/www.toroshopping.com\\\/fr\\\/boutique\\\/costumes-de-torero\\\/vetements-de-torero\\\/bretelles-pour-costume-de-torero\\\/\",\"url\":\"https:\\\/\\\/www.toroshopping.com\\\/fr\\\/boutique\\\/costumes-de-torero\\\/vetements-de-torero\\\/bretelles-pour-costume-de-torero\\\/\",\"name\":\"Bretelles pour costumes de lumi\u00e8res | Accessoires de corrida\",\"isPartOf\":{\"@id\":\"https:\\\/\\\/www.toroshopping.com\\\/fr\\\/#website\"},\"primaryImageOfPage\":{\"@id\":\"https:\\\/\\\/www.toroshopping.com\\\/fr\\\/boutique\\\/costumes-de-torero\\\/vetements-de-torero\\\/bretelles-pour-costume-de-torero\\\/#primaryimage\"},\"image\":{\"@id\":\"https:\\\/\\\/www.toroshopping.com\\\/fr\\\/boutique\\\/costumes-de-torero\\\/vetements-de-torero\\\/bretelles-pour-costume-de-torero\\\/#primaryimage\"},\"thumbnailUrl\":\"https:\\\/\\\/www.toroshopping.com\\\/wp-content\\\/uploads\\\/2011\\\/03\\\/10409-Tirantes-de-trajes-de-luces.jpg\",\"datePublished\":\"2011-03-22T23:48:10+00:00\",\"dateModified\":\"2025-10-01T20:05:05+00:00\",\"description\":\"Les bretelles pour costumes de lumi\u00e8res sont des accessoires indispensables qui servent \u00e0 maintenir la taleguilla, le pantalon \u00e0 taille tr\u00e8s haute des toreros.\",\"breadcrumb\":{\"@id\":\"https:\\\/\\\/www.toroshopping.com\\\/fr\\\/boutique\\\/costumes-de-torero\\\/vetements-de-torero\\\/bretelles-pour-costume-de-torero\\\/#breadcrumb\"},\"inLanguage\":\"fr-FR\",\"potentialAction\":[{\"@type\":\"ReadAction\",\"target\":[\"https:\\\/\\\/www.toroshopping.com\\\/fr\\\/boutique\\\/costumes-de-torero\\\/vetements-de-torero\\\/bretelles-pour-costume-de-torero\\\/\"]}]},{\"@type\":\"ImageObject\",\"inLanguage\":\"fr-FR\",\"@id\":\"https:\\\/\\\/www.toroshopping.com\\\/fr\\\/boutique\\\/costumes-de-torero\\\/vetements-de-torero\\\/bretelles-pour-costume-de-torero\\\/#primaryimage\",\"url\":\"https:\\\/\\\/www.toroshopping.com\\\/wp-content\\\/uploads\\\/2011\\\/03\\\/10409-Tirantes-de-trajes-de-luces.jpg\",\"contentUrl\":\"https:\\\/\\\/www.toroshopping.com\\\/wp-content\\\/uploads\\\/2011\\\/03\\\/10409-Tirantes-de-trajes-de-luces.jpg\",\"width\":605,\"height\":403},{\"@type\":\"BreadcrumbList\",\"@id\":\"https:\\\/\\\/www.toroshopping.com\\\/fr\\\/boutique\\\/costumes-de-torero\\\/vetements-de-torero\\\/bretelles-pour-costume-de-torero\\\/#breadcrumb\",\"itemListElement\":[{\"@type\":\"ListItem\",\"position\":1,\"name\":\"Inicio\",\"item\":\"https:\\\/\\\/www.toroshopping.com\\\/fr\\\/\"},{\"@type\":\"ListItem\",\"position\":2,\"name\":\"Boutique\",\"item\":\"https:\\\/\\\/www.toroshopping.com\\\/fr\\\/boutique\\\/\"},{\"@type\":\"ListItem\",\"position\":3,\"name\":\"Bretelles pour costumes de lumi\u00e8res\"}]},{\"@type\":\"WebSite\",\"@id\":\"https:\\\/\\\/www.toroshopping.com\\\/fr\\\/#website\",\"url\":\"https:\\\/\\\/www.toroshopping.com\\\/fr\\\/\",\"name\":\"Especializados en Art\u00edculos Taurinos\",\"description\":\"\",\"publisher\":{\"@id\":\"https:\\\/\\\/www.toroshopping.com\\\/fr\\\/#organization\"},\"alternateName\":\"Tienda Taurina Online\",\"potentialAction\":[{\"@type\":\"SearchAction\",\"target\":{\"@type\":\"EntryPoint\",\"urlTemplate\":\"https:\\\/\\\/www.toroshopping.com\\\/fr\\\/?s={search_term_string}\"},\"query-input\":{\"@type\":\"PropertyValueSpecification\",\"valueRequired\":true,\"valueName\":\"search_term_string\"}}],\"inLanguage\":\"fr-FR\"},{\"@type\":\"Organization\",\"@id\":\"https:\\\/\\\/www.toroshopping.com\\\/fr\\\/#organization\",\"name\":\"Toroshopping\",\"alternateName\":\"Tienda Taurina Online\",\"url\":\"https:\\\/\\\/www.toroshopping.com\\\/fr\\\/\",\"logo\":{\"@type\":\"ImageObject\",\"inLanguage\":\"fr-FR\",\"@id\":\"https:\\\/\\\/www.toroshopping.com\\\/fr\\\/#\\\/schema\\\/logo\\\/image\\\/\",\"url\":\"https:\\\/\\\/www.toroshopping.com\\\/wp-content\\\/uploads\\\/2025\\\/09\\\/tienda-taurina-bullfighting-shop-boutique-taurine-toroshopping.jpg\",\"contentUrl\":\"https:\\\/\\\/www.toroshopping.com\\\/wp-content\\\/uploads\\\/2025\\\/09\\\/tienda-taurina-bullfighting-shop-boutique-taurine-toroshopping.jpg\",\"width\":764,\"height\":787,\"caption\":\"Toroshopping\"},\"image\":{\"@id\":\"https:\\\/\\\/www.toroshopping.com\\\/fr\\\/#\\\/schema\\\/logo\\\/image\\\/\"},\"sameAs\":[\"https:\\\/\\\/facebook.com\\\/toroshopping\",\"https:\\\/\\\/x.com\\\/Toroshopping\",\"https:\\\/\\\/instagram.com\\\/toroshopping\",\"https:\\\/\\\/www.tiktok.com\\\/@toroshopping_\"]}]}<\/script>\n<!-- \/ Yoast SEO plugin. -->","yoast_head_json":{"title":"Bretelles pour costumes de lumi\u00e8res | Accessoires de corrida","description":"Les bretelles pour costumes de lumi\u00e8res sont des accessoires indispensables qui servent \u00e0 maintenir la taleguilla, le pantalon \u00e0 taille tr\u00e8s haute des toreros.","robots":{"index":"index","follow":"follow","max-snippet":"max-snippet:-1","max-image-preview":"max-image-preview:large","max-video-preview":"max-video-preview:-1"},"canonical":"https:\/\/www.toroshopping.com\/fr\/boutique\/costumes-de-torero\/vetements-de-torero\/bretelles-pour-costume-de-torero\/","og_locale":"fr_FR","og_type":"article","og_title":"Bretelles pour costumes de lumi\u00e8res | Accessoires de corrida","og_description":"Les bretelles pour costumes de lumi\u00e8res sont des accessoires indispensables qui servent \u00e0 maintenir la taleguilla, le pantalon \u00e0 taille tr\u00e8s haute des toreros.","og_url":"https:\/\/www.toroshopping.com\/fr\/boutique\/costumes-de-torero\/vetements-de-torero\/bretelles-pour-costume-de-torero\/","og_site_name":"Tienda taurina - Accesorios taurinos y moda - TOROSHOPPING","article_publisher":"https:\/\/facebook.com\/toroshopping","article_modified_time":"2025-10-01T20:05:05+00:00","og_image":[{"width":605,"height":403,"url":"https:\/\/www.toroshopping.com\/wp-content\/uploads\/2011\/03\/10409-Tirantes-de-trajes-de-luces.jpg","type":"image\/jpeg"}],"twitter_card":"summary_large_image","twitter_site":"@Toroshopping","schema":{"@context":"https:\/\/schema.org","@graph":[{"@type":"WebPage","@id":"https:\/\/www.toroshopping.com\/fr\/boutique\/costumes-de-torero\/vetements-de-torero\/bretelles-pour-costume-de-torero\/","url":"https:\/\/www.toroshopping.com\/fr\/boutique\/costumes-de-torero\/vetements-de-torero\/bretelles-pour-costume-de-torero\/","name":"Bretelles pour costumes de lumi\u00e8res | Accessoires de corrida","isPartOf":{"@id":"https:\/\/www.toroshopping.com\/fr\/#website"},"primaryImageOfPage":{"@id":"https:\/\/www.toroshopping.com\/fr\/boutique\/costumes-de-torero\/vetements-de-torero\/bretelles-pour-costume-de-torero\/#primaryimage"},"image":{"@id":"https:\/\/www.toroshopping.com\/fr\/boutique\/costumes-de-torero\/vetements-de-torero\/bretelles-pour-costume-de-torero\/#primaryimage"},"thumbnailUrl":"https:\/\/www.toroshopping.com\/wp-content\/uploads\/2011\/03\/10409-Tirantes-de-trajes-de-luces.jpg","datePublished":"2011-03-22T23:48:10+00:00","dateModified":"2025-10-01T20:05:05+00:00","description":"Les bretelles pour costumes de lumi\u00e8res sont des accessoires indispensables qui servent \u00e0 maintenir la taleguilla, le pantalon \u00e0 taille tr\u00e8s haute des toreros.","breadcrumb":{"@id":"https:\/\/www.toroshopping.com\/fr\/boutique\/costumes-de-torero\/vetements-de-torero\/bretelles-pour-costume-de-torero\/#breadcrumb"},"inLanguage":"fr-FR","potentialAction":[{"@type":"ReadAction","target":["https:\/\/www.toroshopping.com\/fr\/boutique\/costumes-de-torero\/vetements-de-torero\/bretelles-pour-costume-de-torero\/"]}]},{"@type":"ImageObject","inLanguage":"fr-FR","@id":"https:\/\/www.toroshopping.com\/fr\/boutique\/costumes-de-torero\/vetements-de-torero\/bretelles-pour-costume-de-torero\/#primaryimage","url":"https:\/\/www.toroshopping.com\/wp-content\/uploads\/2011\/03\/10409-Tirantes-de-trajes-de-luces.jpg","contentUrl":"https:\/\/www.toroshopping.com\/wp-content\/uploads\/2011\/03\/10409-Tirantes-de-trajes-de-luces.jpg","width":605,"height":403},{"@type":"BreadcrumbList","@id":"https:\/\/www.toroshopping.com\/fr\/boutique\/costumes-de-torero\/vetements-de-torero\/bretelles-pour-costume-de-torero\/#breadcrumb","itemListElement":[{"@type":"ListItem","position":1,"name":"Inicio","item":"https:\/\/www.toroshopping.com\/fr\/"},{"@type":"ListItem","position":2,"name":"Boutique","item":"https:\/\/www.toroshopping.com\/fr\/boutique\/"},{"@type":"ListItem","position":3,"name":"Bretelles pour costumes de lumi\u00e8res"}]},{"@type":"WebSite","@id":"https:\/\/www.toroshopping.com\/fr\/#website","url":"https:\/\/www.toroshopping.com\/fr\/","name":"Especializados en Art\u00edculos Taurinos","description":"","publisher":{"@id":"https:\/\/www.toroshopping.com\/fr\/#organization"},"alternateName":"Tienda Taurina Online","potentialAction":[{"@type":"SearchAction","target":{"@type":"EntryPoint","urlTemplate":"https:\/\/www.toroshopping.com\/fr\/?s={search_term_string}"},"query-input":{"@type":"PropertyValueSpecification","valueRequired":true,"valueName":"search_term_string"}}],"inLanguage":"fr-FR"},{"@type":"Organization","@id":"https:\/\/www.toroshopping.com\/fr\/#organization","name":"Toroshopping","alternateName":"Tienda Taurina Online","url":"https:\/\/www.toroshopping.com\/fr\/","logo":{"@type":"ImageObject","inLanguage":"fr-FR","@id":"https:\/\/www.toroshopping.com\/fr\/#\/schema\/logo\/image\/","url":"https:\/\/www.toroshopping.com\/wp-content\/uploads\/2025\/09\/tienda-taurina-bullfighting-shop-boutique-taurine-toroshopping.jpg","contentUrl":"https:\/\/www.toroshopping.com\/wp-content\/uploads\/2025\/09\/tienda-taurina-bullfighting-shop-boutique-taurine-toroshopping.jpg","width":764,"height":787,"caption":"Toroshopping"},"image":{"@id":"https:\/\/www.toroshopping.com\/fr\/#\/schema\/logo\/image\/"},"sameAs":["https:\/\/facebook.com\/toroshopping","https:\/\/x.com\/Toroshopping","https:\/\/instagram.com\/toroshopping","https:\/\/www.tiktok.com\/@toroshopping_"]}]}},"brands":[{"id":13884,"name":"Sastrer\u00eda de Toreros Justo Algaba","slug":"justo-algaba-sastre"}],"_links":{"self":[{"href":"https:\/\/www.toroshopping.com\/fr\/wp-json\/wp\/v2\/product\/3648","targetHints":{"allow":["GET"]}}],"collection":[{"href":"https:\/\/www.toroshopping.com\/fr\/wp-json\/wp\/v2\/product"}],"about":[{"href":"https:\/\/www.toroshopping.com\/fr\/wp-json\/wp\/v2\/types\/product"}],"wp:featuredmedia":[{"embeddable":true,"href":"https:\/\/www.toroshopping.com\/fr\/wp-json\/wp\/v2\/media\/3639"}],"wp:attachment":[{"href":"https:\/\/www.toroshopping.com\/fr\/wp-json\/wp\/v2\/media?parent=3648"}],"wp:term":[{"taxonomy":"pwb-brand","embeddable":true,"href":"https:\/\/www.toroshopping.com\/fr\/wp-json\/wp\/v2\/pwb-brand?post=3648"},{"taxonomy":"product_brand","embeddable":true,"href":"https:\/\/www.toroshopping.com\/fr\/wp-json\/wp\/v2\/product_brand?post=3648"},{"taxonomy":"product_cat","embeddable":true,"href":"https:\/\/www.toroshopping.com\/fr\/wp-json\/wp\/v2\/product_cat?post=3648"},{"taxonomy":"product_tag","embeddable":true,"href":"https:\/\/www.toroshopping.com\/fr\/wp-json\/wp\/v2\/product_tag?post=3648"}],"curies":[{"name":"wp","href":"https:\/\/api.w.org\/{rel}","templated":true}]}}