{"id":40340,"date":"2021-04-16T12:33:00","date_gmt":"2021-04-16T10:33:08","guid":{"rendered":"https:\/\/www.toroshopping.com\/?post_type=product&#038;p=40340"},"modified":"2021-04-20T12:48:19","modified_gmt":"2021-04-20T10:48:19","slug":"t-shirt-mini-toreros-homme-ou-femme","status":"publish","type":"product","link":"https:\/\/www.toroshopping.com\/fr\/boutique\/mode-taurine\/t-shirts-taurins\/tee-shirts-homme\/t-shirt-mini-toreros-homme-ou-femme\/","title":{"rendered":"T-shirt Mini toreros Homme ou Femme"},"content":{"rendered":"<p> Les t-shirts et accessoires de Claudia Garcia refl\u00e8tent l&#8217;Espagne d&#8217;aujourd&#8217;hui, avec toutes ses traditions et ses humeurs, avec un air toujours moderne et avant-gardiste. <br \/>\nT-shirts pour enfants et adultes, en 100% coton, avec des dessins amusants aux airs de tauromachie, dans leur collection TAURINEO. <\/p>\n","protected":false},"excerpt":{"rendered":"<p> Le T-shirt Mini Toreros de Claudia Garc\u00eda repr\u00e9sente une bande de toreros d&#8217;une mani\u00e8re tr\u00e8s amusante: picador, banderillero, matador et subordonn\u00e9 avec une cape se rejoignent sur le devant de la chemise. <br \/>\nTailles disponibles: de la S \u00e0 la XXL, il y a 2 mod\u00e8les disponibles, pour homme ou pour femme. <br \/>\n100% coton <\/p>\n","protected":false},"featured_media":63175,"template":"","meta":[],"pwb-brand":[12405],"product_brand":[],"product_cat":[515,536,14085,575,14083],"product_tag":[],"class_list":{"0":"post-40340","1":"product","2":"type-product","3":"status-publish","4":"has-post-thumbnail","6":"pwb-brand-claudia-garcia-moda","7":"product_cat-mode-taurine","8":"product_cat-produits-recommendes","9":"product_cat-t-shirts-femme","10":"product_cat-t-shirts-taurins","11":"product_cat-tee-shirts-homme","12":"product_shipping_class-claudia-garcia-fr","13":"pa_modelo-d9-mujer-fr","14":"pa_modelo-homme","15":"pa_talla-ad-l-fr","16":"pa_talla-da-m-fr","17":"pa_talla-20-s-fr","18":"pa_talla-4c-xl-fr","19":"pa_talla-xxl-fr","21":"first","22":"instock","23":"taxable","24":"shipping-taxable","25":"purchasable","26":"product-type-variable"},"bundled_by":[],"bundle_stock_status":"instock","bundle_stock_quantity":null,"bundle_virtual":false,"bundle_layout":"","bundle_add_to_cart_form_location":"","bundle_editable_in_cart":false,"bundle_sold_individually_context":"","bundle_item_grouping":"","bundle_min_size":"","bundle_max_size":"","bundle_price":[],"bundled_items":[],"bundle_sell_ids":[],"yoast_head":"<!-- This site is optimized with the Yoast SEO plugin v27.4 - https:\/\/yoast.com\/product\/yoast-seo-wordpress\/ -->\n<title>T-shirt Mini toreros Homme ou Femme - T-shirts taurins<\/title>\n<meta name=\"description\" content=\"Le T-shirt Mini Toreros de Claudia Garc\u00eda repr\u00e9sente une bande de toreros d&#039;une mani\u00e8re tr\u00e8s amusante, avec tailles de la S \u00e0 la XXL.\" \/>\n<meta name=\"robots\" content=\"index, follow, max-snippet:-1, max-image-preview:large, max-video-preview:-1\" \/>\n<link rel=\"canonical\" href=\"https:\/\/www.toroshopping.com\/fr\/boutique\/mode-taurine\/t-shirts-taurins\/tee-shirts-homme\/t-shirt-mini-toreros-homme-ou-femme\/\" \/>\n<meta property=\"og:locale\" content=\"fr_FR\" \/>\n<meta property=\"og:type\" content=\"article\" \/>\n<meta property=\"og:title\" content=\"T-shirt Mini toreros Homme ou Femme - T-shirts taurins\" \/>\n<meta property=\"og:description\" content=\"Le T-shirt Mini Toreros de Claudia Garc\u00eda repr\u00e9sente une bande de toreros d&#039;une mani\u00e8re tr\u00e8s amusante, avec tailles de la S \u00e0 la XXL.\" \/>\n<meta property=\"og:url\" content=\"https:\/\/www.toroshopping.com\/fr\/boutique\/mode-taurine\/t-shirts-taurins\/tee-shirts-homme\/t-shirt-mini-toreros-homme-ou-femme\/\" \/>\n<meta property=\"og:site_name\" content=\"Tienda taurina - Accesorios taurinos y moda - TOROSHOPPING\" \/>\n<meta property=\"article:publisher\" content=\"https:\/\/facebook.com\/toroshopping\" \/>\n<meta property=\"article:modified_time\" content=\"2021-04-20T10:48:19+00:00\" \/>\n<meta property=\"og:image\" content=\"https:\/\/www.toroshopping.com\/wp-content\/uploads\/2021\/04\/Camiseta-Cuadrilla-de-Toreros\u2013Hombre-y-Mujer-plaza-1.jpg\" \/>\n\t<meta property=\"og:image:width\" content=\"680\" \/>\n\t<meta property=\"og:image:height\" content=\"920\" \/>\n\t<meta property=\"og:image:type\" content=\"image\/jpeg\" \/>\n<meta name=\"twitter:card\" content=\"summary_large_image\" \/>\n<meta name=\"twitter:site\" content=\"@Toroshopping\" \/>\n<script type=\"application\/ld+json\" class=\"yoast-schema-graph\">{\"@context\":\"https:\\\/\\\/schema.org\",\"@graph\":[{\"@type\":\"WebPage\",\"@id\":\"https:\\\/\\\/www.toroshopping.com\\\/fr\\\/boutique\\\/mode-taurine\\\/t-shirts-taurins\\\/tee-shirts-homme\\\/t-shirt-mini-toreros-homme-ou-femme\\\/\",\"url\":\"https:\\\/\\\/www.toroshopping.com\\\/fr\\\/boutique\\\/mode-taurine\\\/t-shirts-taurins\\\/tee-shirts-homme\\\/t-shirt-mini-toreros-homme-ou-femme\\\/\",\"name\":\"T-shirt Mini toreros Homme ou Femme - T-shirts taurins\",\"isPartOf\":{\"@id\":\"https:\\\/\\\/www.toroshopping.com\\\/fr\\\/#website\"},\"primaryImageOfPage\":{\"@id\":\"https:\\\/\\\/www.toroshopping.com\\\/fr\\\/boutique\\\/mode-taurine\\\/t-shirts-taurins\\\/tee-shirts-homme\\\/t-shirt-mini-toreros-homme-ou-femme\\\/#primaryimage\"},\"image\":{\"@id\":\"https:\\\/\\\/www.toroshopping.com\\\/fr\\\/boutique\\\/mode-taurine\\\/t-shirts-taurins\\\/tee-shirts-homme\\\/t-shirt-mini-toreros-homme-ou-femme\\\/#primaryimage\"},\"thumbnailUrl\":\"https:\\\/\\\/www.toroshopping.com\\\/wp-content\\\/uploads\\\/2021\\\/04\\\/Camiseta-Cuadrilla-de-Toreros\u2013Hombre-y-Mujer-plaza-1.jpg\",\"datePublished\":\"2021-04-16T10:33:08+00:00\",\"dateModified\":\"2021-04-20T10:48:19+00:00\",\"description\":\"Le T-shirt Mini Toreros de Claudia Garc\u00eda repr\u00e9sente une bande de toreros d'une mani\u00e8re tr\u00e8s amusante, avec tailles de la S \u00e0 la XXL.\",\"breadcrumb\":{\"@id\":\"https:\\\/\\\/www.toroshopping.com\\\/fr\\\/boutique\\\/mode-taurine\\\/t-shirts-taurins\\\/tee-shirts-homme\\\/t-shirt-mini-toreros-homme-ou-femme\\\/#breadcrumb\"},\"inLanguage\":\"fr-FR\",\"potentialAction\":[{\"@type\":\"ReadAction\",\"target\":[\"https:\\\/\\\/www.toroshopping.com\\\/fr\\\/boutique\\\/mode-taurine\\\/t-shirts-taurins\\\/tee-shirts-homme\\\/t-shirt-mini-toreros-homme-ou-femme\\\/\"]}]},{\"@type\":\"ImageObject\",\"inLanguage\":\"fr-FR\",\"@id\":\"https:\\\/\\\/www.toroshopping.com\\\/fr\\\/boutique\\\/mode-taurine\\\/t-shirts-taurins\\\/tee-shirts-homme\\\/t-shirt-mini-toreros-homme-ou-femme\\\/#primaryimage\",\"url\":\"https:\\\/\\\/www.toroshopping.com\\\/wp-content\\\/uploads\\\/2021\\\/04\\\/Camiseta-Cuadrilla-de-Toreros\u2013Hombre-y-Mujer-plaza-1.jpg\",\"contentUrl\":\"https:\\\/\\\/www.toroshopping.com\\\/wp-content\\\/uploads\\\/2021\\\/04\\\/Camiseta-Cuadrilla-de-Toreros\u2013Hombre-y-Mujer-plaza-1.jpg\",\"width\":680,\"height\":920,\"caption\":\"Camiseta Cuadrilla de Toreros \u2013 Hombre y Mujer\"},{\"@type\":\"BreadcrumbList\",\"@id\":\"https:\\\/\\\/www.toroshopping.com\\\/fr\\\/boutique\\\/mode-taurine\\\/t-shirts-taurins\\\/tee-shirts-homme\\\/t-shirt-mini-toreros-homme-ou-femme\\\/#breadcrumb\",\"itemListElement\":[{\"@type\":\"ListItem\",\"position\":1,\"name\":\"Inicio\",\"item\":\"https:\\\/\\\/www.toroshopping.com\\\/fr\\\/\"},{\"@type\":\"ListItem\",\"position\":2,\"name\":\"Boutique\",\"item\":\"https:\\\/\\\/www.toroshopping.com\\\/fr\\\/boutique\\\/\"},{\"@type\":\"ListItem\",\"position\":3,\"name\":\"T-shirt Mini toreros Homme ou Femme\"}]},{\"@type\":\"WebSite\",\"@id\":\"https:\\\/\\\/www.toroshopping.com\\\/fr\\\/#website\",\"url\":\"https:\\\/\\\/www.toroshopping.com\\\/fr\\\/\",\"name\":\"Especializados en Art\u00edculos Taurinos\",\"description\":\"\",\"publisher\":{\"@id\":\"https:\\\/\\\/www.toroshopping.com\\\/fr\\\/#organization\"},\"alternateName\":\"Tienda Taurina Online\",\"potentialAction\":[{\"@type\":\"SearchAction\",\"target\":{\"@type\":\"EntryPoint\",\"urlTemplate\":\"https:\\\/\\\/www.toroshopping.com\\\/fr\\\/?s={search_term_string}\"},\"query-input\":{\"@type\":\"PropertyValueSpecification\",\"valueRequired\":true,\"valueName\":\"search_term_string\"}}],\"inLanguage\":\"fr-FR\"},{\"@type\":\"Organization\",\"@id\":\"https:\\\/\\\/www.toroshopping.com\\\/fr\\\/#organization\",\"name\":\"Toroshopping\",\"alternateName\":\"Tienda Taurina Online\",\"url\":\"https:\\\/\\\/www.toroshopping.com\\\/fr\\\/\",\"logo\":{\"@type\":\"ImageObject\",\"inLanguage\":\"fr-FR\",\"@id\":\"https:\\\/\\\/www.toroshopping.com\\\/fr\\\/#\\\/schema\\\/logo\\\/image\\\/\",\"url\":\"https:\\\/\\\/www.toroshopping.com\\\/wp-content\\\/uploads\\\/2025\\\/09\\\/tienda-taurina-bullfighting-shop-boutique-taurine-toroshopping.jpg\",\"contentUrl\":\"https:\\\/\\\/www.toroshopping.com\\\/wp-content\\\/uploads\\\/2025\\\/09\\\/tienda-taurina-bullfighting-shop-boutique-taurine-toroshopping.jpg\",\"width\":764,\"height\":787,\"caption\":\"Toroshopping\"},\"image\":{\"@id\":\"https:\\\/\\\/www.toroshopping.com\\\/fr\\\/#\\\/schema\\\/logo\\\/image\\\/\"},\"sameAs\":[\"https:\\\/\\\/facebook.com\\\/toroshopping\",\"https:\\\/\\\/x.com\\\/Toroshopping\",\"https:\\\/\\\/instagram.com\\\/toroshopping\",\"https:\\\/\\\/www.tiktok.com\\\/@toroshopping_\"]}]}<\/script>\n<!-- \/ Yoast SEO plugin. -->","yoast_head_json":{"title":"T-shirt Mini toreros Homme ou Femme - T-shirts taurins","description":"Le T-shirt Mini Toreros de Claudia Garc\u00eda repr\u00e9sente une bande de toreros d'une mani\u00e8re tr\u00e8s amusante, avec tailles de la S \u00e0 la XXL.","robots":{"index":"index","follow":"follow","max-snippet":"max-snippet:-1","max-image-preview":"max-image-preview:large","max-video-preview":"max-video-preview:-1"},"canonical":"https:\/\/www.toroshopping.com\/fr\/boutique\/mode-taurine\/t-shirts-taurins\/tee-shirts-homme\/t-shirt-mini-toreros-homme-ou-femme\/","og_locale":"fr_FR","og_type":"article","og_title":"T-shirt Mini toreros Homme ou Femme - T-shirts taurins","og_description":"Le T-shirt Mini Toreros de Claudia Garc\u00eda repr\u00e9sente une bande de toreros d'une mani\u00e8re tr\u00e8s amusante, avec tailles de la S \u00e0 la XXL.","og_url":"https:\/\/www.toroshopping.com\/fr\/boutique\/mode-taurine\/t-shirts-taurins\/tee-shirts-homme\/t-shirt-mini-toreros-homme-ou-femme\/","og_site_name":"Tienda taurina - Accesorios taurinos y moda - TOROSHOPPING","article_publisher":"https:\/\/facebook.com\/toroshopping","article_modified_time":"2021-04-20T10:48:19+00:00","og_image":[{"width":680,"height":920,"url":"https:\/\/www.toroshopping.com\/wp-content\/uploads\/2021\/04\/Camiseta-Cuadrilla-de-Toreros\u2013Hombre-y-Mujer-plaza-1.jpg","type":"image\/jpeg"}],"twitter_card":"summary_large_image","twitter_site":"@Toroshopping","schema":{"@context":"https:\/\/schema.org","@graph":[{"@type":"WebPage","@id":"https:\/\/www.toroshopping.com\/fr\/boutique\/mode-taurine\/t-shirts-taurins\/tee-shirts-homme\/t-shirt-mini-toreros-homme-ou-femme\/","url":"https:\/\/www.toroshopping.com\/fr\/boutique\/mode-taurine\/t-shirts-taurins\/tee-shirts-homme\/t-shirt-mini-toreros-homme-ou-femme\/","name":"T-shirt Mini toreros Homme ou Femme - T-shirts taurins","isPartOf":{"@id":"https:\/\/www.toroshopping.com\/fr\/#website"},"primaryImageOfPage":{"@id":"https:\/\/www.toroshopping.com\/fr\/boutique\/mode-taurine\/t-shirts-taurins\/tee-shirts-homme\/t-shirt-mini-toreros-homme-ou-femme\/#primaryimage"},"image":{"@id":"https:\/\/www.toroshopping.com\/fr\/boutique\/mode-taurine\/t-shirts-taurins\/tee-shirts-homme\/t-shirt-mini-toreros-homme-ou-femme\/#primaryimage"},"thumbnailUrl":"https:\/\/www.toroshopping.com\/wp-content\/uploads\/2021\/04\/Camiseta-Cuadrilla-de-Toreros\u2013Hombre-y-Mujer-plaza-1.jpg","datePublished":"2021-04-16T10:33:08+00:00","dateModified":"2021-04-20T10:48:19+00:00","description":"Le T-shirt Mini Toreros de Claudia Garc\u00eda repr\u00e9sente une bande de toreros d'une mani\u00e8re tr\u00e8s amusante, avec tailles de la S \u00e0 la XXL.","breadcrumb":{"@id":"https:\/\/www.toroshopping.com\/fr\/boutique\/mode-taurine\/t-shirts-taurins\/tee-shirts-homme\/t-shirt-mini-toreros-homme-ou-femme\/#breadcrumb"},"inLanguage":"fr-FR","potentialAction":[{"@type":"ReadAction","target":["https:\/\/www.toroshopping.com\/fr\/boutique\/mode-taurine\/t-shirts-taurins\/tee-shirts-homme\/t-shirt-mini-toreros-homme-ou-femme\/"]}]},{"@type":"ImageObject","inLanguage":"fr-FR","@id":"https:\/\/www.toroshopping.com\/fr\/boutique\/mode-taurine\/t-shirts-taurins\/tee-shirts-homme\/t-shirt-mini-toreros-homme-ou-femme\/#primaryimage","url":"https:\/\/www.toroshopping.com\/wp-content\/uploads\/2021\/04\/Camiseta-Cuadrilla-de-Toreros\u2013Hombre-y-Mujer-plaza-1.jpg","contentUrl":"https:\/\/www.toroshopping.com\/wp-content\/uploads\/2021\/04\/Camiseta-Cuadrilla-de-Toreros\u2013Hombre-y-Mujer-plaza-1.jpg","width":680,"height":920,"caption":"Camiseta Cuadrilla de Toreros \u2013 Hombre y Mujer"},{"@type":"BreadcrumbList","@id":"https:\/\/www.toroshopping.com\/fr\/boutique\/mode-taurine\/t-shirts-taurins\/tee-shirts-homme\/t-shirt-mini-toreros-homme-ou-femme\/#breadcrumb","itemListElement":[{"@type":"ListItem","position":1,"name":"Inicio","item":"https:\/\/www.toroshopping.com\/fr\/"},{"@type":"ListItem","position":2,"name":"Boutique","item":"https:\/\/www.toroshopping.com\/fr\/boutique\/"},{"@type":"ListItem","position":3,"name":"T-shirt Mini toreros Homme ou Femme"}]},{"@type":"WebSite","@id":"https:\/\/www.toroshopping.com\/fr\/#website","url":"https:\/\/www.toroshopping.com\/fr\/","name":"Especializados en Art\u00edculos Taurinos","description":"","publisher":{"@id":"https:\/\/www.toroshopping.com\/fr\/#organization"},"alternateName":"Tienda Taurina Online","potentialAction":[{"@type":"SearchAction","target":{"@type":"EntryPoint","urlTemplate":"https:\/\/www.toroshopping.com\/fr\/?s={search_term_string}"},"query-input":{"@type":"PropertyValueSpecification","valueRequired":true,"valueName":"search_term_string"}}],"inLanguage":"fr-FR"},{"@type":"Organization","@id":"https:\/\/www.toroshopping.com\/fr\/#organization","name":"Toroshopping","alternateName":"Tienda Taurina Online","url":"https:\/\/www.toroshopping.com\/fr\/","logo":{"@type":"ImageObject","inLanguage":"fr-FR","@id":"https:\/\/www.toroshopping.com\/fr\/#\/schema\/logo\/image\/","url":"https:\/\/www.toroshopping.com\/wp-content\/uploads\/2025\/09\/tienda-taurina-bullfighting-shop-boutique-taurine-toroshopping.jpg","contentUrl":"https:\/\/www.toroshopping.com\/wp-content\/uploads\/2025\/09\/tienda-taurina-bullfighting-shop-boutique-taurine-toroshopping.jpg","width":764,"height":787,"caption":"Toroshopping"},"image":{"@id":"https:\/\/www.toroshopping.com\/fr\/#\/schema\/logo\/image\/"},"sameAs":["https:\/\/facebook.com\/toroshopping","https:\/\/x.com\/Toroshopping","https:\/\/instagram.com\/toroshopping","https:\/\/www.tiktok.com\/@toroshopping_"]}]}},"brands":[{"id":12405,"name":"Claudia Garcia","slug":"claudia-garcia-moda"}],"_links":{"self":[{"href":"https:\/\/www.toroshopping.com\/fr\/wp-json\/wp\/v2\/product\/40340","targetHints":{"allow":["GET"]}}],"collection":[{"href":"https:\/\/www.toroshopping.com\/fr\/wp-json\/wp\/v2\/product"}],"about":[{"href":"https:\/\/www.toroshopping.com\/fr\/wp-json\/wp\/v2\/types\/product"}],"wp:featuredmedia":[{"embeddable":true,"href":"https:\/\/www.toroshopping.com\/fr\/wp-json\/wp\/v2\/media\/63175"}],"wp:attachment":[{"href":"https:\/\/www.toroshopping.com\/fr\/wp-json\/wp\/v2\/media?parent=40340"}],"wp:term":[{"taxonomy":"pwb-brand","embeddable":true,"href":"https:\/\/www.toroshopping.com\/fr\/wp-json\/wp\/v2\/pwb-brand?post=40340"},{"taxonomy":"product_brand","embeddable":true,"href":"https:\/\/www.toroshopping.com\/fr\/wp-json\/wp\/v2\/product_brand?post=40340"},{"taxonomy":"product_cat","embeddable":true,"href":"https:\/\/www.toroshopping.com\/fr\/wp-json\/wp\/v2\/product_cat?post=40340"},{"taxonomy":"product_tag","embeddable":true,"href":"https:\/\/www.toroshopping.com\/fr\/wp-json\/wp\/v2\/product_tag?post=40340"}],"curies":[{"name":"wp","href":"https:\/\/api.w.org\/{rel}","templated":true}]}}