{"id":5519,"date":"2020-06-17T23:57:59","date_gmt":"2020-06-17T21:57:59","guid":{"rendered":"https:\/\/www.toroshopping.com\/producto\/arenes-de-jouet\/"},"modified":"2025-01-03T12:51:22","modified_gmt":"2025-01-03T11:51:22","slug":"arenes-de-taureaux-en-jouet","status":"publish","type":"product","link":"https:\/\/www.toroshopping.com\/fr\/boutique\/jouets-taurins\/arenes-et-camions-taurins\/arenes\/arenes-de-taureaux-en-jouet\/","title":{"rendered":"Ar\u00e8nes de Taureaux de Jouet"},"content":{"rendered":"<p>L&#8217;un des jouets taurins vedettes de notre collection, l&#8217;ar\u00e8ne de jouet, avec laquelle les enfants peuvent profiter du spectacle des taureaux \u00e0 la maison et se sentir comme des toreros professionnels. La tradition de la culture taurine se transmet des parents aux enfants avec un jouet classique qui permet aux plus petits d&#8217;apprendre tout en jouant.<\/p>\n<p>Organiser une f\u00eate taurine avec tous ses d\u00e9tails devient un exercice de divertissement familial. L&#8217;installation du Colis\u00e9e taurin avec ses ar\u00e8nes, ses tribunes, ses enclos et la pr\u00e9sence de taureaux courageux permet aux enfants de passer un bon moment sans avoir \u00e0 \u00eatre accroch\u00e9s aux tablettes, aux t\u00e9l\u00e9phones portables ou \u00e0 tout \u00e9cran.<\/p>\n<p>6 taureaux inclus, dimensions &#8211; 60 x 60 x 9 cm.<\/p>\n","protected":false},"excerpt":{"rendered":"<p>Ar\u00e8nes de jouet en bois contreplaqu\u00e9. Les ar\u00e8nes sont <strong>d\u00e9j\u00e0 assembl\u00e9es et comprennent 6 taureaux de jouet en plastique<\/strong> pour recr\u00e9er une authentique corrida.<br \/>\n<strong>Mesures &#8211; 60 x 60 x 9 cm.<\/strong><\/p>\n","protected":false},"featured_media":90290,"template":"","meta":[],"pwb-brand":[10228],"product_brand":[],"product_cat":[518,542,14081],"product_tag":[16215],"class_list":{"0":"post-5519","1":"product","2":"type-product","3":"status-publish","4":"has-post-thumbnail","6":"pwb-brand-ambients-juguetes-taurinos","7":"product_cat-jouets-taurins","8":"product_cat-arenes-et-camions-taurins","9":"product_cat-arenes","10":"product_tag-ambients-fr","11":"product_shipping_class-ambients-fr","12":"pa_edad-9b-enfants-fr","13":"pa_genero-unisexe","15":"first","16":"instock","17":"taxable","18":"shipping-taxable","19":"purchasable","20":"product-type-simple"},"bundled_by":[],"bundle_stock_status":"instock","bundle_stock_quantity":null,"bundle_virtual":false,"bundle_layout":"","bundle_add_to_cart_form_location":"","bundle_editable_in_cart":false,"bundle_sold_individually_context":"","bundle_item_grouping":"","bundle_min_size":"","bundle_max_size":"","bundle_price":[],"bundled_items":[],"bundle_sell_ids":[],"yoast_head":"<!-- This site is optimized with the Yoast SEO plugin v27.4 - https:\/\/yoast.com\/product\/yoast-seo-wordpress\/ -->\n<title>Ar\u00e8nes de Jouets | 6 Taureaux Inclus | Toroshopping<\/title>\n<meta name=\"description\" content=\"Ar\u00e8nes de jouet faites en Espagne, id\u00e9ales pour que vos enfants s&#039;amusent et d\u00e9couvrent le monde taurin | 6 Taureaux Inclus\" \/>\n<meta name=\"robots\" content=\"index, follow, max-snippet:-1, max-image-preview:large, max-video-preview:-1\" \/>\n<link rel=\"canonical\" href=\"https:\/\/www.toroshopping.com\/fr\/boutique\/jouets-taurins\/arenes-et-camions-taurins\/arenes\/arenes-de-taureaux-en-jouet\/\" \/>\n<meta property=\"og:locale\" content=\"fr_FR\" \/>\n<meta property=\"og:type\" content=\"article\" \/>\n<meta property=\"og:title\" content=\"Ar\u00e8nes de Jouets | 6 Taureaux Inclus | Toroshopping\" \/>\n<meta property=\"og:description\" content=\"Ar\u00e8nes de jouet faites en Espagne, id\u00e9ales pour que vos enfants s&#039;amusent et d\u00e9couvrent le monde taurin | 6 Taureaux Inclus\" \/>\n<meta property=\"og:url\" content=\"https:\/\/www.toroshopping.com\/fr\/boutique\/jouets-taurins\/arenes-et-camions-taurins\/arenes\/arenes-de-taureaux-en-jouet\/\" \/>\n<meta property=\"og:site_name\" content=\"Tienda taurina - Accesorios taurinos y moda - TOROSHOPPING\" \/>\n<meta property=\"article:publisher\" content=\"https:\/\/facebook.com\/toroshopping\" \/>\n<meta property=\"article:modified_time\" content=\"2025-01-03T11:51:22+00:00\" \/>\n<meta property=\"og:image\" content=\"https:\/\/www.toroshopping.com\/wp-content\/uploads\/2020\/06\/plaza-toros-xl.webp\" \/>\n\t<meta property=\"og:image:width\" content=\"680\" \/>\n\t<meta property=\"og:image:height\" content=\"920\" \/>\n\t<meta property=\"og:image:type\" content=\"image\/webp\" \/>\n<meta name=\"twitter:card\" content=\"summary_large_image\" \/>\n<meta name=\"twitter:site\" content=\"@Toroshopping\" \/>\n<meta name=\"twitter:label1\" content=\"Dur\u00e9e de lecture estim\u00e9e\" \/>\n\t<meta name=\"twitter:data1\" content=\"1 minute\" \/>\n<script type=\"application\/ld+json\" class=\"yoast-schema-graph\">{\"@context\":\"https:\\\/\\\/schema.org\",\"@graph\":[{\"@type\":\"WebPage\",\"@id\":\"https:\\\/\\\/www.toroshopping.com\\\/fr\\\/boutique\\\/jouets-taurins\\\/arenes-et-camions-taurins\\\/arenes\\\/arenes-de-taureaux-en-jouet\\\/\",\"url\":\"https:\\\/\\\/www.toroshopping.com\\\/fr\\\/boutique\\\/jouets-taurins\\\/arenes-et-camions-taurins\\\/arenes\\\/arenes-de-taureaux-en-jouet\\\/\",\"name\":\"Ar\u00e8nes de Jouets | 6 Taureaux Inclus | Toroshopping\",\"isPartOf\":{\"@id\":\"https:\\\/\\\/www.toroshopping.com\\\/fr\\\/#website\"},\"primaryImageOfPage\":{\"@id\":\"https:\\\/\\\/www.toroshopping.com\\\/fr\\\/boutique\\\/jouets-taurins\\\/arenes-et-camions-taurins\\\/arenes\\\/arenes-de-taureaux-en-jouet\\\/#primaryimage\"},\"image\":{\"@id\":\"https:\\\/\\\/www.toroshopping.com\\\/fr\\\/boutique\\\/jouets-taurins\\\/arenes-et-camions-taurins\\\/arenes\\\/arenes-de-taureaux-en-jouet\\\/#primaryimage\"},\"thumbnailUrl\":\"https:\\\/\\\/www.toroshopping.com\\\/wp-content\\\/uploads\\\/2020\\\/06\\\/plaza-toros-xl.webp\",\"datePublished\":\"2020-06-17T21:57:59+00:00\",\"dateModified\":\"2025-01-03T11:51:22+00:00\",\"description\":\"Ar\u00e8nes de jouet faites en Espagne, id\u00e9ales pour que vos enfants s'amusent et d\u00e9couvrent le monde taurin | 6 Taureaux Inclus\",\"breadcrumb\":{\"@id\":\"https:\\\/\\\/www.toroshopping.com\\\/fr\\\/boutique\\\/jouets-taurins\\\/arenes-et-camions-taurins\\\/arenes\\\/arenes-de-taureaux-en-jouet\\\/#breadcrumb\"},\"inLanguage\":\"fr-FR\",\"potentialAction\":[{\"@type\":\"ReadAction\",\"target\":[\"https:\\\/\\\/www.toroshopping.com\\\/fr\\\/boutique\\\/jouets-taurins\\\/arenes-et-camions-taurins\\\/arenes\\\/arenes-de-taureaux-en-jouet\\\/\"]}]},{\"@type\":\"ImageObject\",\"inLanguage\":\"fr-FR\",\"@id\":\"https:\\\/\\\/www.toroshopping.com\\\/fr\\\/boutique\\\/jouets-taurins\\\/arenes-et-camions-taurins\\\/arenes\\\/arenes-de-taureaux-en-jouet\\\/#primaryimage\",\"url\":\"https:\\\/\\\/www.toroshopping.com\\\/wp-content\\\/uploads\\\/2020\\\/06\\\/plaza-toros-xl.webp\",\"contentUrl\":\"https:\\\/\\\/www.toroshopping.com\\\/wp-content\\\/uploads\\\/2020\\\/06\\\/plaza-toros-xl.webp\",\"width\":680,\"height\":920},{\"@type\":\"BreadcrumbList\",\"@id\":\"https:\\\/\\\/www.toroshopping.com\\\/fr\\\/boutique\\\/jouets-taurins\\\/arenes-et-camions-taurins\\\/arenes\\\/arenes-de-taureaux-en-jouet\\\/#breadcrumb\",\"itemListElement\":[{\"@type\":\"ListItem\",\"position\":1,\"name\":\"Inicio\",\"item\":\"https:\\\/\\\/www.toroshopping.com\\\/fr\\\/\"},{\"@type\":\"ListItem\",\"position\":2,\"name\":\"Boutique\",\"item\":\"https:\\\/\\\/www.toroshopping.com\\\/fr\\\/boutique\\\/\"},{\"@type\":\"ListItem\",\"position\":3,\"name\":\"Ar\u00e8nes de Taureaux de Jouet\"}]},{\"@type\":\"WebSite\",\"@id\":\"https:\\\/\\\/www.toroshopping.com\\\/fr\\\/#website\",\"url\":\"https:\\\/\\\/www.toroshopping.com\\\/fr\\\/\",\"name\":\"Especializados en Art\u00edculos Taurinos\",\"description\":\"\",\"publisher\":{\"@id\":\"https:\\\/\\\/www.toroshopping.com\\\/fr\\\/#organization\"},\"alternateName\":\"Tienda Taurina Online\",\"potentialAction\":[{\"@type\":\"SearchAction\",\"target\":{\"@type\":\"EntryPoint\",\"urlTemplate\":\"https:\\\/\\\/www.toroshopping.com\\\/fr\\\/?s={search_term_string}\"},\"query-input\":{\"@type\":\"PropertyValueSpecification\",\"valueRequired\":true,\"valueName\":\"search_term_string\"}}],\"inLanguage\":\"fr-FR\"},{\"@type\":\"Organization\",\"@id\":\"https:\\\/\\\/www.toroshopping.com\\\/fr\\\/#organization\",\"name\":\"Toroshopping\",\"alternateName\":\"Tienda Taurina Online\",\"url\":\"https:\\\/\\\/www.toroshopping.com\\\/fr\\\/\",\"logo\":{\"@type\":\"ImageObject\",\"inLanguage\":\"fr-FR\",\"@id\":\"https:\\\/\\\/www.toroshopping.com\\\/fr\\\/#\\\/schema\\\/logo\\\/image\\\/\",\"url\":\"https:\\\/\\\/www.toroshopping.com\\\/wp-content\\\/uploads\\\/2025\\\/09\\\/tienda-taurina-bullfighting-shop-boutique-taurine-toroshopping.jpg\",\"contentUrl\":\"https:\\\/\\\/www.toroshopping.com\\\/wp-content\\\/uploads\\\/2025\\\/09\\\/tienda-taurina-bullfighting-shop-boutique-taurine-toroshopping.jpg\",\"width\":764,\"height\":787,\"caption\":\"Toroshopping\"},\"image\":{\"@id\":\"https:\\\/\\\/www.toroshopping.com\\\/fr\\\/#\\\/schema\\\/logo\\\/image\\\/\"},\"sameAs\":[\"https:\\\/\\\/facebook.com\\\/toroshopping\",\"https:\\\/\\\/x.com\\\/Toroshopping\",\"https:\\\/\\\/instagram.com\\\/toroshopping\",\"https:\\\/\\\/www.tiktok.com\\\/@toroshopping_\"]}]}<\/script>\n<!-- \/ Yoast SEO plugin. -->","yoast_head_json":{"title":"Ar\u00e8nes de Jouets | 6 Taureaux Inclus | Toroshopping","description":"Ar\u00e8nes de jouet faites en Espagne, id\u00e9ales pour que vos enfants s'amusent et d\u00e9couvrent le monde taurin | 6 Taureaux Inclus","robots":{"index":"index","follow":"follow","max-snippet":"max-snippet:-1","max-image-preview":"max-image-preview:large","max-video-preview":"max-video-preview:-1"},"canonical":"https:\/\/www.toroshopping.com\/fr\/boutique\/jouets-taurins\/arenes-et-camions-taurins\/arenes\/arenes-de-taureaux-en-jouet\/","og_locale":"fr_FR","og_type":"article","og_title":"Ar\u00e8nes de Jouets | 6 Taureaux Inclus | Toroshopping","og_description":"Ar\u00e8nes de jouet faites en Espagne, id\u00e9ales pour que vos enfants s'amusent et d\u00e9couvrent le monde taurin | 6 Taureaux Inclus","og_url":"https:\/\/www.toroshopping.com\/fr\/boutique\/jouets-taurins\/arenes-et-camions-taurins\/arenes\/arenes-de-taureaux-en-jouet\/","og_site_name":"Tienda taurina - Accesorios taurinos y moda - TOROSHOPPING","article_publisher":"https:\/\/facebook.com\/toroshopping","article_modified_time":"2025-01-03T11:51:22+00:00","og_image":[{"width":680,"height":920,"url":"https:\/\/www.toroshopping.com\/wp-content\/uploads\/2020\/06\/plaza-toros-xl.webp","type":"image\/webp"}],"twitter_card":"summary_large_image","twitter_site":"@Toroshopping","twitter_misc":{"Dur\u00e9e de lecture estim\u00e9e":"1 minute"},"schema":{"@context":"https:\/\/schema.org","@graph":[{"@type":"WebPage","@id":"https:\/\/www.toroshopping.com\/fr\/boutique\/jouets-taurins\/arenes-et-camions-taurins\/arenes\/arenes-de-taureaux-en-jouet\/","url":"https:\/\/www.toroshopping.com\/fr\/boutique\/jouets-taurins\/arenes-et-camions-taurins\/arenes\/arenes-de-taureaux-en-jouet\/","name":"Ar\u00e8nes de Jouets | 6 Taureaux Inclus | Toroshopping","isPartOf":{"@id":"https:\/\/www.toroshopping.com\/fr\/#website"},"primaryImageOfPage":{"@id":"https:\/\/www.toroshopping.com\/fr\/boutique\/jouets-taurins\/arenes-et-camions-taurins\/arenes\/arenes-de-taureaux-en-jouet\/#primaryimage"},"image":{"@id":"https:\/\/www.toroshopping.com\/fr\/boutique\/jouets-taurins\/arenes-et-camions-taurins\/arenes\/arenes-de-taureaux-en-jouet\/#primaryimage"},"thumbnailUrl":"https:\/\/www.toroshopping.com\/wp-content\/uploads\/2020\/06\/plaza-toros-xl.webp","datePublished":"2020-06-17T21:57:59+00:00","dateModified":"2025-01-03T11:51:22+00:00","description":"Ar\u00e8nes de jouet faites en Espagne, id\u00e9ales pour que vos enfants s'amusent et d\u00e9couvrent le monde taurin | 6 Taureaux Inclus","breadcrumb":{"@id":"https:\/\/www.toroshopping.com\/fr\/boutique\/jouets-taurins\/arenes-et-camions-taurins\/arenes\/arenes-de-taureaux-en-jouet\/#breadcrumb"},"inLanguage":"fr-FR","potentialAction":[{"@type":"ReadAction","target":["https:\/\/www.toroshopping.com\/fr\/boutique\/jouets-taurins\/arenes-et-camions-taurins\/arenes\/arenes-de-taureaux-en-jouet\/"]}]},{"@type":"ImageObject","inLanguage":"fr-FR","@id":"https:\/\/www.toroshopping.com\/fr\/boutique\/jouets-taurins\/arenes-et-camions-taurins\/arenes\/arenes-de-taureaux-en-jouet\/#primaryimage","url":"https:\/\/www.toroshopping.com\/wp-content\/uploads\/2020\/06\/plaza-toros-xl.webp","contentUrl":"https:\/\/www.toroshopping.com\/wp-content\/uploads\/2020\/06\/plaza-toros-xl.webp","width":680,"height":920},{"@type":"BreadcrumbList","@id":"https:\/\/www.toroshopping.com\/fr\/boutique\/jouets-taurins\/arenes-et-camions-taurins\/arenes\/arenes-de-taureaux-en-jouet\/#breadcrumb","itemListElement":[{"@type":"ListItem","position":1,"name":"Inicio","item":"https:\/\/www.toroshopping.com\/fr\/"},{"@type":"ListItem","position":2,"name":"Boutique","item":"https:\/\/www.toroshopping.com\/fr\/boutique\/"},{"@type":"ListItem","position":3,"name":"Ar\u00e8nes de Taureaux de Jouet"}]},{"@type":"WebSite","@id":"https:\/\/www.toroshopping.com\/fr\/#website","url":"https:\/\/www.toroshopping.com\/fr\/","name":"Especializados en Art\u00edculos Taurinos","description":"","publisher":{"@id":"https:\/\/www.toroshopping.com\/fr\/#organization"},"alternateName":"Tienda Taurina Online","potentialAction":[{"@type":"SearchAction","target":{"@type":"EntryPoint","urlTemplate":"https:\/\/www.toroshopping.com\/fr\/?s={search_term_string}"},"query-input":{"@type":"PropertyValueSpecification","valueRequired":true,"valueName":"search_term_string"}}],"inLanguage":"fr-FR"},{"@type":"Organization","@id":"https:\/\/www.toroshopping.com\/fr\/#organization","name":"Toroshopping","alternateName":"Tienda Taurina Online","url":"https:\/\/www.toroshopping.com\/fr\/","logo":{"@type":"ImageObject","inLanguage":"fr-FR","@id":"https:\/\/www.toroshopping.com\/fr\/#\/schema\/logo\/image\/","url":"https:\/\/www.toroshopping.com\/wp-content\/uploads\/2025\/09\/tienda-taurina-bullfighting-shop-boutique-taurine-toroshopping.jpg","contentUrl":"https:\/\/www.toroshopping.com\/wp-content\/uploads\/2025\/09\/tienda-taurina-bullfighting-shop-boutique-taurine-toroshopping.jpg","width":764,"height":787,"caption":"Toroshopping"},"image":{"@id":"https:\/\/www.toroshopping.com\/fr\/#\/schema\/logo\/image\/"},"sameAs":["https:\/\/facebook.com\/toroshopping","https:\/\/x.com\/Toroshopping","https:\/\/instagram.com\/toroshopping","https:\/\/www.tiktok.com\/@toroshopping_"]}]}},"brands":[{"id":10228,"name":"Juguetes Ambients Artesan\u00eda","slug":"ambients-juguetes-taurinos"}],"_links":{"self":[{"href":"https:\/\/www.toroshopping.com\/fr\/wp-json\/wp\/v2\/product\/5519","targetHints":{"allow":["GET"]}}],"collection":[{"href":"https:\/\/www.toroshopping.com\/fr\/wp-json\/wp\/v2\/product"}],"about":[{"href":"https:\/\/www.toroshopping.com\/fr\/wp-json\/wp\/v2\/types\/product"}],"wp:featuredmedia":[{"embeddable":true,"href":"https:\/\/www.toroshopping.com\/fr\/wp-json\/wp\/v2\/media\/90290"}],"wp:attachment":[{"href":"https:\/\/www.toroshopping.com\/fr\/wp-json\/wp\/v2\/media?parent=5519"}],"wp:term":[{"taxonomy":"pwb-brand","embeddable":true,"href":"https:\/\/www.toroshopping.com\/fr\/wp-json\/wp\/v2\/pwb-brand?post=5519"},{"taxonomy":"product_brand","embeddable":true,"href":"https:\/\/www.toroshopping.com\/fr\/wp-json\/wp\/v2\/product_brand?post=5519"},{"taxonomy":"product_cat","embeddable":true,"href":"https:\/\/www.toroshopping.com\/fr\/wp-json\/wp\/v2\/product_cat?post=5519"},{"taxonomy":"product_tag","embeddable":true,"href":"https:\/\/www.toroshopping.com\/fr\/wp-json\/wp\/v2\/product_tag?post=5519"}],"curies":[{"name":"wp","href":"https:\/\/api.w.org\/{rel}","templated":true}]}}