{"id":7537,"date":"2017-12-20T10:57:25","date_gmt":"2023-11-07T08:32:07","guid":{"rendered":"https:\/\/www.toroshopping.com\/?post_type=product&#038;p=7537"},"modified":"2023-11-07T10:32:07","modified_gmt":"2023-11-07T08:32:07","slug":"grande-morante","status":"publish","type":"product","link":"https:\/\/www.toroshopping.com\/fr\/boutique\/decoration-taurine\/photographies-taurines\/photographies-taurines-de-luis-vega-fr\/grande-morante\/","title":{"rendered":"Grand Morante"},"content":{"rendered":"","protected":false},"excerpt":{"rendered":"<p>La folie d&#8217;un g\u00e9nie captur\u00e9e dans une photographie qui est pur mouvement, comme un ballet passionn\u00e9 et parfait. Photographie de Luis Vega. Pr\u00e9paration de commande 7 \u00e0 10 jours<\/p>\n","protected":false},"featured_media":7527,"template":"","meta":[],"pwb-brand":[],"product_brand":[],"product_cat":[530,581,659],"product_tag":[],"class_list":{"0":"post-7537","1":"product","2":"type-product","3":"status-publish","4":"has-post-thumbnail","6":"product_cat-decoration-taurine","7":"product_cat-photographies-taurines","8":"product_cat-photographies-taurines-de-luis-vega-fr","9":"product_shipping_class-luis-vega-fr","10":"pa_tamanosfoto-c3-100x70-fr","11":"pa_tamanosfoto-e9-30x45cm-fr","12":"pa_tamanosfoto-9e-50x70cm-fr","14":"first","15":"instock","16":"taxable","17":"shipping-taxable","18":"purchasable","19":"product-type-variable","20":"has-default-attributes"},"bundled_by":[],"bundle_stock_status":"instock","bundle_stock_quantity":50,"bundle_virtual":false,"bundle_layout":"","bundle_add_to_cart_form_location":"","bundle_editable_in_cart":false,"bundle_sold_individually_context":"","bundle_item_grouping":"","bundle_min_size":"","bundle_max_size":"","bundle_price":[],"bundled_items":[],"bundle_sell_ids":[],"yoast_head":"<!-- This site is optimized with the Yoast SEO plugin v27.4 - https:\/\/yoast.com\/product\/yoast-seo-wordpress\/ -->\n<title>Photo de d\u00e9coration taurine| Toroshopping<\/title>\n<meta name=\"description\" content=\"Photographie taurine | La folie d&#039;un g\u00e9nie captur\u00e9e dans une photographie qui est pur mouvement, comme un ballet passionn\u00e9 et parfait\" \/>\n<meta name=\"robots\" content=\"index, follow, max-snippet:-1, max-image-preview:large, max-video-preview:-1\" \/>\n<link rel=\"canonical\" href=\"https:\/\/www.toroshopping.com\/fr\/boutique\/decoration-taurine\/photographies-taurines\/photographies-taurines-de-luis-vega-fr\/grande-morante\/\" \/>\n<meta property=\"og:locale\" content=\"fr_FR\" \/>\n<meta property=\"og:type\" content=\"article\" \/>\n<meta property=\"og:title\" content=\"Photo de d\u00e9coration taurine| Toroshopping\" \/>\n<meta property=\"og:description\" content=\"Photographie taurine | La folie d&#039;un g\u00e9nie captur\u00e9e dans une photographie qui est pur mouvement, comme un ballet passionn\u00e9 et parfait\" \/>\n<meta property=\"og:url\" content=\"https:\/\/www.toroshopping.com\/fr\/boutique\/decoration-taurine\/photographies-taurines\/photographies-taurines-de-luis-vega-fr\/grande-morante\/\" \/>\n<meta property=\"og:site_name\" content=\"Tienda taurina - Accesorios taurinos y moda - TOROSHOPPING\" \/>\n<meta property=\"article:publisher\" content=\"https:\/\/facebook.com\/toroshopping\" \/>\n<meta property=\"og:image\" content=\"https:\/\/www.toroshopping.com\/wp-content\/uploads\/2017\/12\/9878-Grande-Morante.jpg\" \/>\n\t<meta property=\"og:image:width\" content=\"850\" \/>\n\t<meta property=\"og:image:height\" content=\"1276\" \/>\n\t<meta property=\"og:image:type\" content=\"image\/jpeg\" \/>\n<meta name=\"twitter:card\" content=\"summary_large_image\" \/>\n<meta name=\"twitter:site\" content=\"@Toroshopping\" \/>\n<script type=\"application\/ld+json\" class=\"yoast-schema-graph\">{\"@context\":\"https:\\\/\\\/schema.org\",\"@graph\":[{\"@type\":\"WebPage\",\"@id\":\"https:\\\/\\\/www.toroshopping.com\\\/fr\\\/boutique\\\/decoration-taurine\\\/photographies-taurines\\\/photographies-taurines-de-luis-vega-fr\\\/grande-morante\\\/\",\"url\":\"https:\\\/\\\/www.toroshopping.com\\\/fr\\\/boutique\\\/decoration-taurine\\\/photographies-taurines\\\/photographies-taurines-de-luis-vega-fr\\\/grande-morante\\\/\",\"name\":\"Photo de d\u00e9coration taurine| Toroshopping\",\"isPartOf\":{\"@id\":\"https:\\\/\\\/www.toroshopping.com\\\/fr\\\/#website\"},\"primaryImageOfPage\":{\"@id\":\"https:\\\/\\\/www.toroshopping.com\\\/fr\\\/boutique\\\/decoration-taurine\\\/photographies-taurines\\\/photographies-taurines-de-luis-vega-fr\\\/grande-morante\\\/#primaryimage\"},\"image\":{\"@id\":\"https:\\\/\\\/www.toroshopping.com\\\/fr\\\/boutique\\\/decoration-taurine\\\/photographies-taurines\\\/photographies-taurines-de-luis-vega-fr\\\/grande-morante\\\/#primaryimage\"},\"thumbnailUrl\":\"https:\\\/\\\/www.toroshopping.com\\\/wp-content\\\/uploads\\\/2017\\\/12\\\/9878-Grande-Morante.jpg\",\"datePublished\":\"2023-11-07T08:32:07+00:00\",\"description\":\"Photographie taurine | La folie d'un g\u00e9nie captur\u00e9e dans une photographie qui est pur mouvement, comme un ballet passionn\u00e9 et parfait\",\"breadcrumb\":{\"@id\":\"https:\\\/\\\/www.toroshopping.com\\\/fr\\\/boutique\\\/decoration-taurine\\\/photographies-taurines\\\/photographies-taurines-de-luis-vega-fr\\\/grande-morante\\\/#breadcrumb\"},\"inLanguage\":\"fr-FR\",\"potentialAction\":[{\"@type\":\"ReadAction\",\"target\":[\"https:\\\/\\\/www.toroshopping.com\\\/fr\\\/boutique\\\/decoration-taurine\\\/photographies-taurines\\\/photographies-taurines-de-luis-vega-fr\\\/grande-morante\\\/\"]}]},{\"@type\":\"ImageObject\",\"inLanguage\":\"fr-FR\",\"@id\":\"https:\\\/\\\/www.toroshopping.com\\\/fr\\\/boutique\\\/decoration-taurine\\\/photographies-taurines\\\/photographies-taurines-de-luis-vega-fr\\\/grande-morante\\\/#primaryimage\",\"url\":\"https:\\\/\\\/www.toroshopping.com\\\/wp-content\\\/uploads\\\/2017\\\/12\\\/9878-Grande-Morante.jpg\",\"contentUrl\":\"https:\\\/\\\/www.toroshopping.com\\\/wp-content\\\/uploads\\\/2017\\\/12\\\/9878-Grande-Morante.jpg\",\"width\":850,\"height\":1276},{\"@type\":\"BreadcrumbList\",\"@id\":\"https:\\\/\\\/www.toroshopping.com\\\/fr\\\/boutique\\\/decoration-taurine\\\/photographies-taurines\\\/photographies-taurines-de-luis-vega-fr\\\/grande-morante\\\/#breadcrumb\",\"itemListElement\":[{\"@type\":\"ListItem\",\"position\":1,\"name\":\"Inicio\",\"item\":\"https:\\\/\\\/www.toroshopping.com\\\/fr\\\/\"},{\"@type\":\"ListItem\",\"position\":2,\"name\":\"Boutique\",\"item\":\"https:\\\/\\\/www.toroshopping.com\\\/fr\\\/boutique\\\/\"},{\"@type\":\"ListItem\",\"position\":3,\"name\":\"Grand Morante\"}]},{\"@type\":\"WebSite\",\"@id\":\"https:\\\/\\\/www.toroshopping.com\\\/fr\\\/#website\",\"url\":\"https:\\\/\\\/www.toroshopping.com\\\/fr\\\/\",\"name\":\"Especializados en Art\u00edculos Taurinos\",\"description\":\"\",\"publisher\":{\"@id\":\"https:\\\/\\\/www.toroshopping.com\\\/fr\\\/#organization\"},\"alternateName\":\"Tienda Taurina Online\",\"potentialAction\":[{\"@type\":\"SearchAction\",\"target\":{\"@type\":\"EntryPoint\",\"urlTemplate\":\"https:\\\/\\\/www.toroshopping.com\\\/fr\\\/?s={search_term_string}\"},\"query-input\":{\"@type\":\"PropertyValueSpecification\",\"valueRequired\":true,\"valueName\":\"search_term_string\"}}],\"inLanguage\":\"fr-FR\"},{\"@type\":\"Organization\",\"@id\":\"https:\\\/\\\/www.toroshopping.com\\\/fr\\\/#organization\",\"name\":\"Toroshopping\",\"alternateName\":\"Tienda Taurina Online\",\"url\":\"https:\\\/\\\/www.toroshopping.com\\\/fr\\\/\",\"logo\":{\"@type\":\"ImageObject\",\"inLanguage\":\"fr-FR\",\"@id\":\"https:\\\/\\\/www.toroshopping.com\\\/fr\\\/#\\\/schema\\\/logo\\\/image\\\/\",\"url\":\"https:\\\/\\\/www.toroshopping.com\\\/wp-content\\\/uploads\\\/2025\\\/09\\\/tienda-taurina-bullfighting-shop-boutique-taurine-toroshopping.jpg\",\"contentUrl\":\"https:\\\/\\\/www.toroshopping.com\\\/wp-content\\\/uploads\\\/2025\\\/09\\\/tienda-taurina-bullfighting-shop-boutique-taurine-toroshopping.jpg\",\"width\":764,\"height\":787,\"caption\":\"Toroshopping\"},\"image\":{\"@id\":\"https:\\\/\\\/www.toroshopping.com\\\/fr\\\/#\\\/schema\\\/logo\\\/image\\\/\"},\"sameAs\":[\"https:\\\/\\\/facebook.com\\\/toroshopping\",\"https:\\\/\\\/x.com\\\/Toroshopping\",\"https:\\\/\\\/instagram.com\\\/toroshopping\",\"https:\\\/\\\/www.tiktok.com\\\/@toroshopping_\"]}]}<\/script>\n<!-- \/ Yoast SEO plugin. -->","yoast_head_json":{"title":"Photo de d\u00e9coration taurine| Toroshopping","description":"Photographie taurine | La folie d'un g\u00e9nie captur\u00e9e dans une photographie qui est pur mouvement, comme un ballet passionn\u00e9 et parfait","robots":{"index":"index","follow":"follow","max-snippet":"max-snippet:-1","max-image-preview":"max-image-preview:large","max-video-preview":"max-video-preview:-1"},"canonical":"https:\/\/www.toroshopping.com\/fr\/boutique\/decoration-taurine\/photographies-taurines\/photographies-taurines-de-luis-vega-fr\/grande-morante\/","og_locale":"fr_FR","og_type":"article","og_title":"Photo de d\u00e9coration taurine| Toroshopping","og_description":"Photographie taurine | La folie d'un g\u00e9nie captur\u00e9e dans une photographie qui est pur mouvement, comme un ballet passionn\u00e9 et parfait","og_url":"https:\/\/www.toroshopping.com\/fr\/boutique\/decoration-taurine\/photographies-taurines\/photographies-taurines-de-luis-vega-fr\/grande-morante\/","og_site_name":"Tienda taurina - Accesorios taurinos y moda - TOROSHOPPING","article_publisher":"https:\/\/facebook.com\/toroshopping","og_image":[{"width":850,"height":1276,"url":"https:\/\/www.toroshopping.com\/wp-content\/uploads\/2017\/12\/9878-Grande-Morante.jpg","type":"image\/jpeg"}],"twitter_card":"summary_large_image","twitter_site":"@Toroshopping","schema":{"@context":"https:\/\/schema.org","@graph":[{"@type":"WebPage","@id":"https:\/\/www.toroshopping.com\/fr\/boutique\/decoration-taurine\/photographies-taurines\/photographies-taurines-de-luis-vega-fr\/grande-morante\/","url":"https:\/\/www.toroshopping.com\/fr\/boutique\/decoration-taurine\/photographies-taurines\/photographies-taurines-de-luis-vega-fr\/grande-morante\/","name":"Photo de d\u00e9coration taurine| Toroshopping","isPartOf":{"@id":"https:\/\/www.toroshopping.com\/fr\/#website"},"primaryImageOfPage":{"@id":"https:\/\/www.toroshopping.com\/fr\/boutique\/decoration-taurine\/photographies-taurines\/photographies-taurines-de-luis-vega-fr\/grande-morante\/#primaryimage"},"image":{"@id":"https:\/\/www.toroshopping.com\/fr\/boutique\/decoration-taurine\/photographies-taurines\/photographies-taurines-de-luis-vega-fr\/grande-morante\/#primaryimage"},"thumbnailUrl":"https:\/\/www.toroshopping.com\/wp-content\/uploads\/2017\/12\/9878-Grande-Morante.jpg","datePublished":"2023-11-07T08:32:07+00:00","description":"Photographie taurine | La folie d'un g\u00e9nie captur\u00e9e dans une photographie qui est pur mouvement, comme un ballet passionn\u00e9 et parfait","breadcrumb":{"@id":"https:\/\/www.toroshopping.com\/fr\/boutique\/decoration-taurine\/photographies-taurines\/photographies-taurines-de-luis-vega-fr\/grande-morante\/#breadcrumb"},"inLanguage":"fr-FR","potentialAction":[{"@type":"ReadAction","target":["https:\/\/www.toroshopping.com\/fr\/boutique\/decoration-taurine\/photographies-taurines\/photographies-taurines-de-luis-vega-fr\/grande-morante\/"]}]},{"@type":"ImageObject","inLanguage":"fr-FR","@id":"https:\/\/www.toroshopping.com\/fr\/boutique\/decoration-taurine\/photographies-taurines\/photographies-taurines-de-luis-vega-fr\/grande-morante\/#primaryimage","url":"https:\/\/www.toroshopping.com\/wp-content\/uploads\/2017\/12\/9878-Grande-Morante.jpg","contentUrl":"https:\/\/www.toroshopping.com\/wp-content\/uploads\/2017\/12\/9878-Grande-Morante.jpg","width":850,"height":1276},{"@type":"BreadcrumbList","@id":"https:\/\/www.toroshopping.com\/fr\/boutique\/decoration-taurine\/photographies-taurines\/photographies-taurines-de-luis-vega-fr\/grande-morante\/#breadcrumb","itemListElement":[{"@type":"ListItem","position":1,"name":"Inicio","item":"https:\/\/www.toroshopping.com\/fr\/"},{"@type":"ListItem","position":2,"name":"Boutique","item":"https:\/\/www.toroshopping.com\/fr\/boutique\/"},{"@type":"ListItem","position":3,"name":"Grand Morante"}]},{"@type":"WebSite","@id":"https:\/\/www.toroshopping.com\/fr\/#website","url":"https:\/\/www.toroshopping.com\/fr\/","name":"Especializados en Art\u00edculos Taurinos","description":"","publisher":{"@id":"https:\/\/www.toroshopping.com\/fr\/#organization"},"alternateName":"Tienda Taurina Online","potentialAction":[{"@type":"SearchAction","target":{"@type":"EntryPoint","urlTemplate":"https:\/\/www.toroshopping.com\/fr\/?s={search_term_string}"},"query-input":{"@type":"PropertyValueSpecification","valueRequired":true,"valueName":"search_term_string"}}],"inLanguage":"fr-FR"},{"@type":"Organization","@id":"https:\/\/www.toroshopping.com\/fr\/#organization","name":"Toroshopping","alternateName":"Tienda Taurina Online","url":"https:\/\/www.toroshopping.com\/fr\/","logo":{"@type":"ImageObject","inLanguage":"fr-FR","@id":"https:\/\/www.toroshopping.com\/fr\/#\/schema\/logo\/image\/","url":"https:\/\/www.toroshopping.com\/wp-content\/uploads\/2025\/09\/tienda-taurina-bullfighting-shop-boutique-taurine-toroshopping.jpg","contentUrl":"https:\/\/www.toroshopping.com\/wp-content\/uploads\/2025\/09\/tienda-taurina-bullfighting-shop-boutique-taurine-toroshopping.jpg","width":764,"height":787,"caption":"Toroshopping"},"image":{"@id":"https:\/\/www.toroshopping.com\/fr\/#\/schema\/logo\/image\/"},"sameAs":["https:\/\/facebook.com\/toroshopping","https:\/\/x.com\/Toroshopping","https:\/\/instagram.com\/toroshopping","https:\/\/www.tiktok.com\/@toroshopping_"]}]}},"brands":[],"_links":{"self":[{"href":"https:\/\/www.toroshopping.com\/fr\/wp-json\/wp\/v2\/product\/7537","targetHints":{"allow":["GET"]}}],"collection":[{"href":"https:\/\/www.toroshopping.com\/fr\/wp-json\/wp\/v2\/product"}],"about":[{"href":"https:\/\/www.toroshopping.com\/fr\/wp-json\/wp\/v2\/types\/product"}],"wp:featuredmedia":[{"embeddable":true,"href":"https:\/\/www.toroshopping.com\/fr\/wp-json\/wp\/v2\/media\/7527"}],"wp:attachment":[{"href":"https:\/\/www.toroshopping.com\/fr\/wp-json\/wp\/v2\/media?parent=7537"}],"wp:term":[{"taxonomy":"pwb-brand","embeddable":true,"href":"https:\/\/www.toroshopping.com\/fr\/wp-json\/wp\/v2\/pwb-brand?post=7537"},{"taxonomy":"product_brand","embeddable":true,"href":"https:\/\/www.toroshopping.com\/fr\/wp-json\/wp\/v2\/product_brand?post=7537"},{"taxonomy":"product_cat","embeddable":true,"href":"https:\/\/www.toroshopping.com\/fr\/wp-json\/wp\/v2\/product_cat?post=7537"},{"taxonomy":"product_tag","embeddable":true,"href":"https:\/\/www.toroshopping.com\/fr\/wp-json\/wp\/v2\/product_tag?post=7537"}],"curies":[{"name":"wp","href":"https:\/\/api.w.org\/{rel}","templated":true}]}}