{"id":80890,"date":"2024-01-12T13:48:48","date_gmt":"2024-01-12T12:48:48","guid":{"rendered":"https:\/\/www.toroshopping.com\/?post_type=product&#038;p=80890"},"modified":"2024-01-15T09:30:31","modified_gmt":"2024-01-15T08:30:31","slug":"t-shirts-morante-de-la-puebla","status":"publish","type":"product","link":"https:\/\/www.toroshopping.com\/fr\/boutique\/mode-taurine\/t-shirts-taurins\/tee-shirts-homme\/t-shirts-morante-de-la-puebla\/","title":{"rendered":"T-shirts Morante de la Puebla"},"content":{"rendered":"","protected":false},"excerpt":{"rendered":"<p>T-shirt en coton s\u00e9rigraphi\u00e9 \u00e0 l&#8217;effigie de votre torero pr\u00e9f\u00e9r\u00e9. Disponible en blanc ou gris, avec la figurine du torero en noir, de la taille S au XXL.<\/p>\n","protected":false},"featured_media":34360,"template":"","meta":[],"pwb-brand":[10222],"product_brand":[],"product_cat":[515,14085,575,14083],"product_tag":[],"class_list":{"0":"post-80890","1":"product","2":"type-product","3":"status-publish","4":"has-post-thumbnail","6":"pwb-brand-marca-alma-torera","7":"product_cat-mode-taurine","8":"product_cat-t-shirts-femme","9":"product_cat-t-shirts-taurins","10":"product_cat-tee-shirts-homme","11":"product_shipping_class-alma-torera-fr","12":"pa_sexo-b0-femme-fr","13":"pa_sexo-60-homme-fr","14":"pa_talla-ad-l-fr","15":"pa_talla-da-m-fr","16":"pa_talla-20-s-fr","17":"pa_talla-4c-xl-fr","18":"pa_talla-90-xxl-fr","20":"first","21":"instock","22":"taxable","23":"shipping-taxable","24":"purchasable","25":"product-type-variable"},"bundled_by":[],"bundle_stock_status":"instock","bundle_stock_quantity":1437,"bundle_virtual":false,"bundle_layout":"","bundle_add_to_cart_form_location":"","bundle_editable_in_cart":false,"bundle_sold_individually_context":"","bundle_item_grouping":"","bundle_min_size":"","bundle_max_size":"","bundle_price":[],"bundled_items":[],"bundle_sell_ids":[],"yoast_head":"<!-- This site is optimized with the Yoast SEO plugin v27.4 - https:\/\/yoast.com\/product\/yoast-seo-wordpress\/ -->\n<title>T-shirt Morante de la Puebla | bullshopping<\/title>\n<meta name=\"description\" content=\"T-shirts taurins fabriqu\u00e9s en Espagne, en 100% coton, s\u00e9rigraphi\u00e9s \u00e0 l&#039;effigie de Morante de la Puebla [Montrez votre passion taurine]\" \/>\n<meta name=\"robots\" content=\"index, follow, max-snippet:-1, max-image-preview:large, max-video-preview:-1\" \/>\n<link rel=\"canonical\" href=\"https:\/\/www.toroshopping.com\/fr\/boutique\/mode-taurine\/t-shirts-taurins\/tee-shirts-homme\/t-shirts-morante-de-la-puebla\/\" \/>\n<meta property=\"og:locale\" content=\"fr_FR\" \/>\n<meta property=\"og:type\" content=\"article\" \/>\n<meta property=\"og:title\" content=\"T-shirt Morante de la Puebla | bullshopping\" \/>\n<meta property=\"og:description\" content=\"T-shirts taurins fabriqu\u00e9s en Espagne, en 100% coton, s\u00e9rigraphi\u00e9s \u00e0 l&#039;effigie de Morante de la Puebla [Montrez votre passion taurine]\" \/>\n<meta property=\"og:url\" content=\"https:\/\/www.toroshopping.com\/fr\/boutique\/mode-taurine\/t-shirts-taurins\/tee-shirts-homme\/t-shirts-morante-de-la-puebla\/\" \/>\n<meta property=\"og:site_name\" content=\"Tienda taurina - Accesorios taurinos y moda - TOROSHOPPING\" \/>\n<meta property=\"article:publisher\" content=\"https:\/\/facebook.com\/toroshopping\" \/>\n<meta property=\"article:modified_time\" content=\"2024-01-15T08:30:31+00:00\" \/>\n<meta property=\"og:image\" content=\"https:\/\/www.toroshopping.com\/wp-content\/uploads\/2020\/05\/1.jpg\" \/>\n\t<meta property=\"og:image:width\" content=\"680\" \/>\n\t<meta property=\"og:image:height\" content=\"920\" \/>\n\t<meta property=\"og:image:type\" content=\"image\/jpeg\" \/>\n<meta name=\"twitter:card\" content=\"summary_large_image\" \/>\n<meta name=\"twitter:site\" content=\"@Toroshopping\" \/>\n<script type=\"application\/ld+json\" class=\"yoast-schema-graph\">{\"@context\":\"https:\\\/\\\/schema.org\",\"@graph\":[{\"@type\":\"WebPage\",\"@id\":\"https:\\\/\\\/www.toroshopping.com\\\/fr\\\/boutique\\\/mode-taurine\\\/t-shirts-taurins\\\/tee-shirts-homme\\\/t-shirts-morante-de-la-puebla\\\/\",\"url\":\"https:\\\/\\\/www.toroshopping.com\\\/fr\\\/boutique\\\/mode-taurine\\\/t-shirts-taurins\\\/tee-shirts-homme\\\/t-shirts-morante-de-la-puebla\\\/\",\"name\":\"T-shirt Morante de la Puebla | bullshopping\",\"isPartOf\":{\"@id\":\"https:\\\/\\\/www.toroshopping.com\\\/fr\\\/#website\"},\"primaryImageOfPage\":{\"@id\":\"https:\\\/\\\/www.toroshopping.com\\\/fr\\\/boutique\\\/mode-taurine\\\/t-shirts-taurins\\\/tee-shirts-homme\\\/t-shirts-morante-de-la-puebla\\\/#primaryimage\"},\"image\":{\"@id\":\"https:\\\/\\\/www.toroshopping.com\\\/fr\\\/boutique\\\/mode-taurine\\\/t-shirts-taurins\\\/tee-shirts-homme\\\/t-shirts-morante-de-la-puebla\\\/#primaryimage\"},\"thumbnailUrl\":\"https:\\\/\\\/www.toroshopping.com\\\/wp-content\\\/uploads\\\/2020\\\/05\\\/1.jpg\",\"datePublished\":\"2024-01-12T12:48:48+00:00\",\"dateModified\":\"2024-01-15T08:30:31+00:00\",\"description\":\"T-shirts taurins fabriqu\u00e9s en Espagne, en 100% coton, s\u00e9rigraphi\u00e9s \u00e0 l'effigie de Morante de la Puebla [Montrez votre passion taurine]\",\"breadcrumb\":{\"@id\":\"https:\\\/\\\/www.toroshopping.com\\\/fr\\\/boutique\\\/mode-taurine\\\/t-shirts-taurins\\\/tee-shirts-homme\\\/t-shirts-morante-de-la-puebla\\\/#breadcrumb\"},\"inLanguage\":\"fr-FR\",\"potentialAction\":[{\"@type\":\"ReadAction\",\"target\":[\"https:\\\/\\\/www.toroshopping.com\\\/fr\\\/boutique\\\/mode-taurine\\\/t-shirts-taurins\\\/tee-shirts-homme\\\/t-shirts-morante-de-la-puebla\\\/\"]}]},{\"@type\":\"ImageObject\",\"inLanguage\":\"fr-FR\",\"@id\":\"https:\\\/\\\/www.toroshopping.com\\\/fr\\\/boutique\\\/mode-taurine\\\/t-shirts-taurins\\\/tee-shirts-homme\\\/t-shirts-morante-de-la-puebla\\\/#primaryimage\",\"url\":\"https:\\\/\\\/www.toroshopping.com\\\/wp-content\\\/uploads\\\/2020\\\/05\\\/1.jpg\",\"contentUrl\":\"https:\\\/\\\/www.toroshopping.com\\\/wp-content\\\/uploads\\\/2020\\\/05\\\/1.jpg\",\"width\":680,\"height\":920},{\"@type\":\"BreadcrumbList\",\"@id\":\"https:\\\/\\\/www.toroshopping.com\\\/fr\\\/boutique\\\/mode-taurine\\\/t-shirts-taurins\\\/tee-shirts-homme\\\/t-shirts-morante-de-la-puebla\\\/#breadcrumb\",\"itemListElement\":[{\"@type\":\"ListItem\",\"position\":1,\"name\":\"Inicio\",\"item\":\"https:\\\/\\\/www.toroshopping.com\\\/fr\\\/\"},{\"@type\":\"ListItem\",\"position\":2,\"name\":\"Boutique\",\"item\":\"https:\\\/\\\/www.toroshopping.com\\\/fr\\\/boutique\\\/\"},{\"@type\":\"ListItem\",\"position\":3,\"name\":\"T-shirts Morante de la Puebla\"}]},{\"@type\":\"WebSite\",\"@id\":\"https:\\\/\\\/www.toroshopping.com\\\/fr\\\/#website\",\"url\":\"https:\\\/\\\/www.toroshopping.com\\\/fr\\\/\",\"name\":\"Especializados en Art\u00edculos Taurinos\",\"description\":\"\",\"publisher\":{\"@id\":\"https:\\\/\\\/www.toroshopping.com\\\/fr\\\/#organization\"},\"alternateName\":\"Tienda Taurina Online\",\"potentialAction\":[{\"@type\":\"SearchAction\",\"target\":{\"@type\":\"EntryPoint\",\"urlTemplate\":\"https:\\\/\\\/www.toroshopping.com\\\/fr\\\/?s={search_term_string}\"},\"query-input\":{\"@type\":\"PropertyValueSpecification\",\"valueRequired\":true,\"valueName\":\"search_term_string\"}}],\"inLanguage\":\"fr-FR\"},{\"@type\":\"Organization\",\"@id\":\"https:\\\/\\\/www.toroshopping.com\\\/fr\\\/#organization\",\"name\":\"Toroshopping\",\"alternateName\":\"Tienda Taurina Online\",\"url\":\"https:\\\/\\\/www.toroshopping.com\\\/fr\\\/\",\"logo\":{\"@type\":\"ImageObject\",\"inLanguage\":\"fr-FR\",\"@id\":\"https:\\\/\\\/www.toroshopping.com\\\/fr\\\/#\\\/schema\\\/logo\\\/image\\\/\",\"url\":\"https:\\\/\\\/www.toroshopping.com\\\/wp-content\\\/uploads\\\/2025\\\/09\\\/tienda-taurina-bullfighting-shop-boutique-taurine-toroshopping.jpg\",\"contentUrl\":\"https:\\\/\\\/www.toroshopping.com\\\/wp-content\\\/uploads\\\/2025\\\/09\\\/tienda-taurina-bullfighting-shop-boutique-taurine-toroshopping.jpg\",\"width\":764,\"height\":787,\"caption\":\"Toroshopping\"},\"image\":{\"@id\":\"https:\\\/\\\/www.toroshopping.com\\\/fr\\\/#\\\/schema\\\/logo\\\/image\\\/\"},\"sameAs\":[\"https:\\\/\\\/facebook.com\\\/toroshopping\",\"https:\\\/\\\/x.com\\\/Toroshopping\",\"https:\\\/\\\/instagram.com\\\/toroshopping\",\"https:\\\/\\\/www.tiktok.com\\\/@toroshopping_\"]}]}<\/script>\n<!-- \/ Yoast SEO plugin. -->","yoast_head_json":{"title":"T-shirt Morante de la Puebla | bullshopping","description":"T-shirts taurins fabriqu\u00e9s en Espagne, en 100% coton, s\u00e9rigraphi\u00e9s \u00e0 l'effigie de Morante de la Puebla [Montrez votre passion taurine]","robots":{"index":"index","follow":"follow","max-snippet":"max-snippet:-1","max-image-preview":"max-image-preview:large","max-video-preview":"max-video-preview:-1"},"canonical":"https:\/\/www.toroshopping.com\/fr\/boutique\/mode-taurine\/t-shirts-taurins\/tee-shirts-homme\/t-shirts-morante-de-la-puebla\/","og_locale":"fr_FR","og_type":"article","og_title":"T-shirt Morante de la Puebla | bullshopping","og_description":"T-shirts taurins fabriqu\u00e9s en Espagne, en 100% coton, s\u00e9rigraphi\u00e9s \u00e0 l'effigie de Morante de la Puebla [Montrez votre passion taurine]","og_url":"https:\/\/www.toroshopping.com\/fr\/boutique\/mode-taurine\/t-shirts-taurins\/tee-shirts-homme\/t-shirts-morante-de-la-puebla\/","og_site_name":"Tienda taurina - Accesorios taurinos y moda - TOROSHOPPING","article_publisher":"https:\/\/facebook.com\/toroshopping","article_modified_time":"2024-01-15T08:30:31+00:00","og_image":[{"width":680,"height":920,"url":"https:\/\/www.toroshopping.com\/wp-content\/uploads\/2020\/05\/1.jpg","type":"image\/jpeg"}],"twitter_card":"summary_large_image","twitter_site":"@Toroshopping","schema":{"@context":"https:\/\/schema.org","@graph":[{"@type":"WebPage","@id":"https:\/\/www.toroshopping.com\/fr\/boutique\/mode-taurine\/t-shirts-taurins\/tee-shirts-homme\/t-shirts-morante-de-la-puebla\/","url":"https:\/\/www.toroshopping.com\/fr\/boutique\/mode-taurine\/t-shirts-taurins\/tee-shirts-homme\/t-shirts-morante-de-la-puebla\/","name":"T-shirt Morante de la Puebla | bullshopping","isPartOf":{"@id":"https:\/\/www.toroshopping.com\/fr\/#website"},"primaryImageOfPage":{"@id":"https:\/\/www.toroshopping.com\/fr\/boutique\/mode-taurine\/t-shirts-taurins\/tee-shirts-homme\/t-shirts-morante-de-la-puebla\/#primaryimage"},"image":{"@id":"https:\/\/www.toroshopping.com\/fr\/boutique\/mode-taurine\/t-shirts-taurins\/tee-shirts-homme\/t-shirts-morante-de-la-puebla\/#primaryimage"},"thumbnailUrl":"https:\/\/www.toroshopping.com\/wp-content\/uploads\/2020\/05\/1.jpg","datePublished":"2024-01-12T12:48:48+00:00","dateModified":"2024-01-15T08:30:31+00:00","description":"T-shirts taurins fabriqu\u00e9s en Espagne, en 100% coton, s\u00e9rigraphi\u00e9s \u00e0 l'effigie de Morante de la Puebla [Montrez votre passion taurine]","breadcrumb":{"@id":"https:\/\/www.toroshopping.com\/fr\/boutique\/mode-taurine\/t-shirts-taurins\/tee-shirts-homme\/t-shirts-morante-de-la-puebla\/#breadcrumb"},"inLanguage":"fr-FR","potentialAction":[{"@type":"ReadAction","target":["https:\/\/www.toroshopping.com\/fr\/boutique\/mode-taurine\/t-shirts-taurins\/tee-shirts-homme\/t-shirts-morante-de-la-puebla\/"]}]},{"@type":"ImageObject","inLanguage":"fr-FR","@id":"https:\/\/www.toroshopping.com\/fr\/boutique\/mode-taurine\/t-shirts-taurins\/tee-shirts-homme\/t-shirts-morante-de-la-puebla\/#primaryimage","url":"https:\/\/www.toroshopping.com\/wp-content\/uploads\/2020\/05\/1.jpg","contentUrl":"https:\/\/www.toroshopping.com\/wp-content\/uploads\/2020\/05\/1.jpg","width":680,"height":920},{"@type":"BreadcrumbList","@id":"https:\/\/www.toroshopping.com\/fr\/boutique\/mode-taurine\/t-shirts-taurins\/tee-shirts-homme\/t-shirts-morante-de-la-puebla\/#breadcrumb","itemListElement":[{"@type":"ListItem","position":1,"name":"Inicio","item":"https:\/\/www.toroshopping.com\/fr\/"},{"@type":"ListItem","position":2,"name":"Boutique","item":"https:\/\/www.toroshopping.com\/fr\/boutique\/"},{"@type":"ListItem","position":3,"name":"T-shirts Morante de la Puebla"}]},{"@type":"WebSite","@id":"https:\/\/www.toroshopping.com\/fr\/#website","url":"https:\/\/www.toroshopping.com\/fr\/","name":"Especializados en Art\u00edculos Taurinos","description":"","publisher":{"@id":"https:\/\/www.toroshopping.com\/fr\/#organization"},"alternateName":"Tienda Taurina Online","potentialAction":[{"@type":"SearchAction","target":{"@type":"EntryPoint","urlTemplate":"https:\/\/www.toroshopping.com\/fr\/?s={search_term_string}"},"query-input":{"@type":"PropertyValueSpecification","valueRequired":true,"valueName":"search_term_string"}}],"inLanguage":"fr-FR"},{"@type":"Organization","@id":"https:\/\/www.toroshopping.com\/fr\/#organization","name":"Toroshopping","alternateName":"Tienda Taurina Online","url":"https:\/\/www.toroshopping.com\/fr\/","logo":{"@type":"ImageObject","inLanguage":"fr-FR","@id":"https:\/\/www.toroshopping.com\/fr\/#\/schema\/logo\/image\/","url":"https:\/\/www.toroshopping.com\/wp-content\/uploads\/2025\/09\/tienda-taurina-bullfighting-shop-boutique-taurine-toroshopping.jpg","contentUrl":"https:\/\/www.toroshopping.com\/wp-content\/uploads\/2025\/09\/tienda-taurina-bullfighting-shop-boutique-taurine-toroshopping.jpg","width":764,"height":787,"caption":"Toroshopping"},"image":{"@id":"https:\/\/www.toroshopping.com\/fr\/#\/schema\/logo\/image\/"},"sameAs":["https:\/\/facebook.com\/toroshopping","https:\/\/x.com\/Toroshopping","https:\/\/instagram.com\/toroshopping","https:\/\/www.tiktok.com\/@toroshopping_"]}]}},"brands":[{"id":10222,"name":"Alma Torera","slug":"marca-alma-torera"}],"_links":{"self":[{"href":"https:\/\/www.toroshopping.com\/fr\/wp-json\/wp\/v2\/product\/80890","targetHints":{"allow":["GET"]}}],"collection":[{"href":"https:\/\/www.toroshopping.com\/fr\/wp-json\/wp\/v2\/product"}],"about":[{"href":"https:\/\/www.toroshopping.com\/fr\/wp-json\/wp\/v2\/types\/product"}],"wp:featuredmedia":[{"embeddable":true,"href":"https:\/\/www.toroshopping.com\/fr\/wp-json\/wp\/v2\/media\/34360"}],"wp:attachment":[{"href":"https:\/\/www.toroshopping.com\/fr\/wp-json\/wp\/v2\/media?parent=80890"}],"wp:term":[{"taxonomy":"pwb-brand","embeddable":true,"href":"https:\/\/www.toroshopping.com\/fr\/wp-json\/wp\/v2\/pwb-brand?post=80890"},{"taxonomy":"product_brand","embeddable":true,"href":"https:\/\/www.toroshopping.com\/fr\/wp-json\/wp\/v2\/product_brand?post=80890"},{"taxonomy":"product_cat","embeddable":true,"href":"https:\/\/www.toroshopping.com\/fr\/wp-json\/wp\/v2\/product_cat?post=80890"},{"taxonomy":"product_tag","embeddable":true,"href":"https:\/\/www.toroshopping.com\/fr\/wp-json\/wp\/v2\/product_tag?post=80890"}],"curies":[{"name":"wp","href":"https:\/\/api.w.org\/{rel}","templated":true}]}}