{"id":8956,"date":"2018-11-16T10:31:25","date_gmt":"2018-11-16T08:31:25","guid":{"rendered":"https:\/\/www.toroshopping.com\/producto\/peinture-pop-art-du-torero-juan-jose-padilla\/"},"modified":"2018-11-16T10:31:25","modified_gmt":"2018-11-16T10:31:25","slug":"peinture-pop-art-du-torero-juan-jose-padilla","status":"publish","type":"product","link":"https:\/\/www.toroshopping.com\/fr\/boutique\/decoration-taurine\/peinture-taurine\/peinture-pop-art-du-torero-juan-jose-padilla\/","title":{"rendered":"Peinture Pop art du torero Juan Jose Padilla"},"content":{"rendered":"","protected":false},"excerpt":{"rendered":"<p><strong>PADILLA EN VERSION &#8220;POP ART&#8221;<\/strong><\/p>\n<p>Les couleurs intuitives et formes apparemment incontr\u00f4l\u00e9es sont les ingr\u00e9dients de base de ce portrait unique du torero <strong>Juan Jos\u00e9 Padilla<\/strong>, portant la signature de<strong> l&#8217;artiste David Partida Montoya.<\/strong><\/p>\n<p>Un travail qui lave la lumi\u00e8re, r\u00e9affirmant l&#8217;amour pour la vie que Padilla a si bien incarn\u00e9 pendant ses ann\u00e9es actives. Les verts, les jaunes et les violets intenses, en plus de cr\u00e9er une toile d&#8217;une \u00e9norme richesse chromatique, captivent le spectateur. L&#8217;influence du post-impressionnisme et principalement de Gauguin, C\u00e9zanne et Van Gogh, se place, cette fois, au service de la corrida.<\/p>\n<p>Le <strong>&#8220;Pop Art&#8221;<\/strong> est r\u00e9invent\u00e9 avec ce spectaculaire portrait de torero en vente \u00e0 Toroshopping<\/p>\n","protected":false},"featured_media":8946,"template":"","meta":[],"pwb-brand":[],"product_brand":[],"product_cat":[530,596],"product_tag":[],"class_list":{"0":"post-8956","1":"product","2":"type-product","3":"status-publish","4":"has-post-thumbnail","6":"product_cat-decoration-taurine","7":"product_cat-peinture-taurine","8":"product_shipping_class-madrid-fr-2","9":"pa_alto-4f-162cm-fr","10":"pa_ancho-57-110cm-fr","12":"first","13":"instock","14":"taxable","15":"shipping-taxable","16":"purchasable","17":"product-type-simple"},"bundled_by":[],"bundle_stock_status":"instock","bundle_stock_quantity":1,"bundle_virtual":false,"bundle_layout":"","bundle_add_to_cart_form_location":"","bundle_editable_in_cart":false,"bundle_sold_individually_context":"","bundle_item_grouping":"","bundle_min_size":"","bundle_max_size":"","bundle_price":[],"bundled_items":[],"bundle_sell_ids":[],"yoast_head":"<!-- This site is optimized with the Yoast SEO plugin v27.4 - https:\/\/yoast.com\/product\/yoast-seo-wordpress\/ -->\n<title>peinture pop art du torero juan jose padilla<\/title>\n<meta name=\"robots\" content=\"index, follow, max-snippet:-1, max-image-preview:large, max-video-preview:-1\" \/>\n<link rel=\"canonical\" href=\"https:\/\/www.toroshopping.com\/fr\/boutique\/decoration-taurine\/peinture-taurine\/peinture-pop-art-du-torero-juan-jose-padilla\/\" \/>\n<meta property=\"og:locale\" content=\"fr_FR\" \/>\n<meta property=\"og:type\" content=\"article\" \/>\n<meta property=\"og:title\" content=\"peinture pop art du torero juan jose padilla\" \/>\n<meta property=\"og:description\" content=\"PADILLA EN VERSION &quot;POP ART&quot; Les couleurs intuitives et formes apparemment incontr\u00f4l\u00e9es sont les ingr\u00e9dients de base de ce portrait unique du torero Juan Jos\u00e9 Padilla, portant la signature de l&#039;artiste David Partida Montoya. Un travail qui lave la lumi\u00e8re, r\u00e9affirmant l&#039;amour pour la vie que Padilla a si bien incarn\u00e9 pendant ses ann\u00e9es actives. Les verts, les jaunes et les violets intenses, en plus de cr\u00e9er une toile d&#039;une \u00e9norme richesse chromatique, captivent le spectateur. L&#039;influence du post-impressionnisme et principalement de Gauguin, C\u00e9zanne et Van Gogh, se place, cette fois, au service de la corrida. Le &quot;Pop Art&quot; est r\u00e9invent\u00e9 avec ce spectaculaire portrait de torero en vente \u00e0 Toroshopping\" \/>\n<meta property=\"og:url\" content=\"https:\/\/www.toroshopping.com\/fr\/boutique\/decoration-taurine\/peinture-taurine\/peinture-pop-art-du-torero-juan-jose-padilla\/\" \/>\n<meta property=\"og:site_name\" content=\"Tienda taurina - Accesorios taurinos y moda - TOROSHOPPING\" \/>\n<meta property=\"article:publisher\" content=\"https:\/\/facebook.com\/toroshopping\" \/>\n<meta property=\"article:modified_time\" content=\"2018-11-16T10:31:25+00:00\" \/>\n<meta property=\"og:image\" content=\"https:\/\/www.toroshopping.com\/wp-content\/uploads\/2018\/11\/10482-Cuadro-Pop-Art-Juan-Jose-Padrilla-scaled.jpg\" \/>\n\t<meta property=\"og:image:width\" content=\"1920\" \/>\n\t<meta property=\"og:image:height\" content=\"2560\" \/>\n\t<meta property=\"og:image:type\" content=\"image\/jpeg\" \/>\n<meta name=\"twitter:card\" content=\"summary_large_image\" \/>\n<meta name=\"twitter:site\" content=\"@Toroshopping\" \/>\n<script type=\"application\/ld+json\" class=\"yoast-schema-graph\">{\"@context\":\"https:\\\/\\\/schema.org\",\"@graph\":[{\"@type\":\"WebPage\",\"@id\":\"https:\\\/\\\/www.toroshopping.com\\\/fr\\\/boutique\\\/decoration-taurine\\\/peinture-taurine\\\/peinture-pop-art-du-torero-juan-jose-padilla\\\/\",\"url\":\"https:\\\/\\\/www.toroshopping.com\\\/fr\\\/boutique\\\/decoration-taurine\\\/peinture-taurine\\\/peinture-pop-art-du-torero-juan-jose-padilla\\\/\",\"name\":\"peinture pop art du torero juan jose padilla\",\"isPartOf\":{\"@id\":\"https:\\\/\\\/www.toroshopping.com\\\/fr\\\/#website\"},\"primaryImageOfPage\":{\"@id\":\"https:\\\/\\\/www.toroshopping.com\\\/fr\\\/boutique\\\/decoration-taurine\\\/peinture-taurine\\\/peinture-pop-art-du-torero-juan-jose-padilla\\\/#primaryimage\"},\"image\":{\"@id\":\"https:\\\/\\\/www.toroshopping.com\\\/fr\\\/boutique\\\/decoration-taurine\\\/peinture-taurine\\\/peinture-pop-art-du-torero-juan-jose-padilla\\\/#primaryimage\"},\"thumbnailUrl\":\"https:\\\/\\\/www.toroshopping.com\\\/wp-content\\\/uploads\\\/2018\\\/11\\\/10482-Cuadro-Pop-Art-Juan-Jose-Padrilla-scaled.jpg\",\"datePublished\":\"2018-11-16T08:31:25+00:00\",\"dateModified\":\"2018-11-16T10:31:25+00:00\",\"breadcrumb\":{\"@id\":\"https:\\\/\\\/www.toroshopping.com\\\/fr\\\/boutique\\\/decoration-taurine\\\/peinture-taurine\\\/peinture-pop-art-du-torero-juan-jose-padilla\\\/#breadcrumb\"},\"inLanguage\":\"fr-FR\",\"potentialAction\":[{\"@type\":\"ReadAction\",\"target\":[\"https:\\\/\\\/www.toroshopping.com\\\/fr\\\/boutique\\\/decoration-taurine\\\/peinture-taurine\\\/peinture-pop-art-du-torero-juan-jose-padilla\\\/\"]}]},{\"@type\":\"ImageObject\",\"inLanguage\":\"fr-FR\",\"@id\":\"https:\\\/\\\/www.toroshopping.com\\\/fr\\\/boutique\\\/decoration-taurine\\\/peinture-taurine\\\/peinture-pop-art-du-torero-juan-jose-padilla\\\/#primaryimage\",\"url\":\"https:\\\/\\\/www.toroshopping.com\\\/wp-content\\\/uploads\\\/2018\\\/11\\\/10482-Cuadro-Pop-Art-Juan-Jose-Padrilla-scaled.jpg\",\"contentUrl\":\"https:\\\/\\\/www.toroshopping.com\\\/wp-content\\\/uploads\\\/2018\\\/11\\\/10482-Cuadro-Pop-Art-Juan-Jose-Padrilla-scaled.jpg\",\"width\":1920,\"height\":2560},{\"@type\":\"BreadcrumbList\",\"@id\":\"https:\\\/\\\/www.toroshopping.com\\\/fr\\\/boutique\\\/decoration-taurine\\\/peinture-taurine\\\/peinture-pop-art-du-torero-juan-jose-padilla\\\/#breadcrumb\",\"itemListElement\":[{\"@type\":\"ListItem\",\"position\":1,\"name\":\"Inicio\",\"item\":\"https:\\\/\\\/www.toroshopping.com\\\/fr\\\/\"},{\"@type\":\"ListItem\",\"position\":2,\"name\":\"Boutique\",\"item\":\"https:\\\/\\\/www.toroshopping.com\\\/fr\\\/boutique\\\/\"},{\"@type\":\"ListItem\",\"position\":3,\"name\":\"Peinture Pop art du torero Juan Jose Padilla\"}]},{\"@type\":\"WebSite\",\"@id\":\"https:\\\/\\\/www.toroshopping.com\\\/fr\\\/#website\",\"url\":\"https:\\\/\\\/www.toroshopping.com\\\/fr\\\/\",\"name\":\"Especializados en Art\u00edculos Taurinos\",\"description\":\"\",\"publisher\":{\"@id\":\"https:\\\/\\\/www.toroshopping.com\\\/fr\\\/#organization\"},\"alternateName\":\"Tienda Taurina Online\",\"potentialAction\":[{\"@type\":\"SearchAction\",\"target\":{\"@type\":\"EntryPoint\",\"urlTemplate\":\"https:\\\/\\\/www.toroshopping.com\\\/fr\\\/?s={search_term_string}\"},\"query-input\":{\"@type\":\"PropertyValueSpecification\",\"valueRequired\":true,\"valueName\":\"search_term_string\"}}],\"inLanguage\":\"fr-FR\"},{\"@type\":\"Organization\",\"@id\":\"https:\\\/\\\/www.toroshopping.com\\\/fr\\\/#organization\",\"name\":\"Toroshopping\",\"alternateName\":\"Tienda Taurina Online\",\"url\":\"https:\\\/\\\/www.toroshopping.com\\\/fr\\\/\",\"logo\":{\"@type\":\"ImageObject\",\"inLanguage\":\"fr-FR\",\"@id\":\"https:\\\/\\\/www.toroshopping.com\\\/fr\\\/#\\\/schema\\\/logo\\\/image\\\/\",\"url\":\"https:\\\/\\\/www.toroshopping.com\\\/wp-content\\\/uploads\\\/2025\\\/09\\\/tienda-taurina-bullfighting-shop-boutique-taurine-toroshopping.jpg\",\"contentUrl\":\"https:\\\/\\\/www.toroshopping.com\\\/wp-content\\\/uploads\\\/2025\\\/09\\\/tienda-taurina-bullfighting-shop-boutique-taurine-toroshopping.jpg\",\"width\":764,\"height\":787,\"caption\":\"Toroshopping\"},\"image\":{\"@id\":\"https:\\\/\\\/www.toroshopping.com\\\/fr\\\/#\\\/schema\\\/logo\\\/image\\\/\"},\"sameAs\":[\"https:\\\/\\\/facebook.com\\\/toroshopping\",\"https:\\\/\\\/x.com\\\/Toroshopping\",\"https:\\\/\\\/instagram.com\\\/toroshopping\",\"https:\\\/\\\/www.tiktok.com\\\/@toroshopping_\"]}]}<\/script>\n<!-- \/ Yoast SEO plugin. -->","yoast_head_json":{"title":"peinture pop art du torero juan jose padilla","robots":{"index":"index","follow":"follow","max-snippet":"max-snippet:-1","max-image-preview":"max-image-preview:large","max-video-preview":"max-video-preview:-1"},"canonical":"https:\/\/www.toroshopping.com\/fr\/boutique\/decoration-taurine\/peinture-taurine\/peinture-pop-art-du-torero-juan-jose-padilla\/","og_locale":"fr_FR","og_type":"article","og_title":"peinture pop art du torero juan jose padilla","og_description":"PADILLA EN VERSION \"POP ART\" Les couleurs intuitives et formes apparemment incontr\u00f4l\u00e9es sont les ingr\u00e9dients de base de ce portrait unique du torero Juan Jos\u00e9 Padilla, portant la signature de l'artiste David Partida Montoya. Un travail qui lave la lumi\u00e8re, r\u00e9affirmant l'amour pour la vie que Padilla a si bien incarn\u00e9 pendant ses ann\u00e9es actives. Les verts, les jaunes et les violets intenses, en plus de cr\u00e9er une toile d'une \u00e9norme richesse chromatique, captivent le spectateur. L'influence du post-impressionnisme et principalement de Gauguin, C\u00e9zanne et Van Gogh, se place, cette fois, au service de la corrida. Le \"Pop Art\" est r\u00e9invent\u00e9 avec ce spectaculaire portrait de torero en vente \u00e0 Toroshopping","og_url":"https:\/\/www.toroshopping.com\/fr\/boutique\/decoration-taurine\/peinture-taurine\/peinture-pop-art-du-torero-juan-jose-padilla\/","og_site_name":"Tienda taurina - Accesorios taurinos y moda - TOROSHOPPING","article_publisher":"https:\/\/facebook.com\/toroshopping","article_modified_time":"2018-11-16T10:31:25+00:00","og_image":[{"width":1920,"height":2560,"url":"https:\/\/www.toroshopping.com\/wp-content\/uploads\/2018\/11\/10482-Cuadro-Pop-Art-Juan-Jose-Padrilla-scaled.jpg","type":"image\/jpeg"}],"twitter_card":"summary_large_image","twitter_site":"@Toroshopping","schema":{"@context":"https:\/\/schema.org","@graph":[{"@type":"WebPage","@id":"https:\/\/www.toroshopping.com\/fr\/boutique\/decoration-taurine\/peinture-taurine\/peinture-pop-art-du-torero-juan-jose-padilla\/","url":"https:\/\/www.toroshopping.com\/fr\/boutique\/decoration-taurine\/peinture-taurine\/peinture-pop-art-du-torero-juan-jose-padilla\/","name":"peinture pop art du torero juan jose padilla","isPartOf":{"@id":"https:\/\/www.toroshopping.com\/fr\/#website"},"primaryImageOfPage":{"@id":"https:\/\/www.toroshopping.com\/fr\/boutique\/decoration-taurine\/peinture-taurine\/peinture-pop-art-du-torero-juan-jose-padilla\/#primaryimage"},"image":{"@id":"https:\/\/www.toroshopping.com\/fr\/boutique\/decoration-taurine\/peinture-taurine\/peinture-pop-art-du-torero-juan-jose-padilla\/#primaryimage"},"thumbnailUrl":"https:\/\/www.toroshopping.com\/wp-content\/uploads\/2018\/11\/10482-Cuadro-Pop-Art-Juan-Jose-Padrilla-scaled.jpg","datePublished":"2018-11-16T08:31:25+00:00","dateModified":"2018-11-16T10:31:25+00:00","breadcrumb":{"@id":"https:\/\/www.toroshopping.com\/fr\/boutique\/decoration-taurine\/peinture-taurine\/peinture-pop-art-du-torero-juan-jose-padilla\/#breadcrumb"},"inLanguage":"fr-FR","potentialAction":[{"@type":"ReadAction","target":["https:\/\/www.toroshopping.com\/fr\/boutique\/decoration-taurine\/peinture-taurine\/peinture-pop-art-du-torero-juan-jose-padilla\/"]}]},{"@type":"ImageObject","inLanguage":"fr-FR","@id":"https:\/\/www.toroshopping.com\/fr\/boutique\/decoration-taurine\/peinture-taurine\/peinture-pop-art-du-torero-juan-jose-padilla\/#primaryimage","url":"https:\/\/www.toroshopping.com\/wp-content\/uploads\/2018\/11\/10482-Cuadro-Pop-Art-Juan-Jose-Padrilla-scaled.jpg","contentUrl":"https:\/\/www.toroshopping.com\/wp-content\/uploads\/2018\/11\/10482-Cuadro-Pop-Art-Juan-Jose-Padrilla-scaled.jpg","width":1920,"height":2560},{"@type":"BreadcrumbList","@id":"https:\/\/www.toroshopping.com\/fr\/boutique\/decoration-taurine\/peinture-taurine\/peinture-pop-art-du-torero-juan-jose-padilla\/#breadcrumb","itemListElement":[{"@type":"ListItem","position":1,"name":"Inicio","item":"https:\/\/www.toroshopping.com\/fr\/"},{"@type":"ListItem","position":2,"name":"Boutique","item":"https:\/\/www.toroshopping.com\/fr\/boutique\/"},{"@type":"ListItem","position":3,"name":"Peinture Pop art du torero Juan Jose Padilla"}]},{"@type":"WebSite","@id":"https:\/\/www.toroshopping.com\/fr\/#website","url":"https:\/\/www.toroshopping.com\/fr\/","name":"Especializados en Art\u00edculos Taurinos","description":"","publisher":{"@id":"https:\/\/www.toroshopping.com\/fr\/#organization"},"alternateName":"Tienda Taurina Online","potentialAction":[{"@type":"SearchAction","target":{"@type":"EntryPoint","urlTemplate":"https:\/\/www.toroshopping.com\/fr\/?s={search_term_string}"},"query-input":{"@type":"PropertyValueSpecification","valueRequired":true,"valueName":"search_term_string"}}],"inLanguage":"fr-FR"},{"@type":"Organization","@id":"https:\/\/www.toroshopping.com\/fr\/#organization","name":"Toroshopping","alternateName":"Tienda Taurina Online","url":"https:\/\/www.toroshopping.com\/fr\/","logo":{"@type":"ImageObject","inLanguage":"fr-FR","@id":"https:\/\/www.toroshopping.com\/fr\/#\/schema\/logo\/image\/","url":"https:\/\/www.toroshopping.com\/wp-content\/uploads\/2025\/09\/tienda-taurina-bullfighting-shop-boutique-taurine-toroshopping.jpg","contentUrl":"https:\/\/www.toroshopping.com\/wp-content\/uploads\/2025\/09\/tienda-taurina-bullfighting-shop-boutique-taurine-toroshopping.jpg","width":764,"height":787,"caption":"Toroshopping"},"image":{"@id":"https:\/\/www.toroshopping.com\/fr\/#\/schema\/logo\/image\/"},"sameAs":["https:\/\/facebook.com\/toroshopping","https:\/\/x.com\/Toroshopping","https:\/\/instagram.com\/toroshopping","https:\/\/www.tiktok.com\/@toroshopping_"]}]}},"brands":[],"_links":{"self":[{"href":"https:\/\/www.toroshopping.com\/fr\/wp-json\/wp\/v2\/product\/8956","targetHints":{"allow":["GET"]}}],"collection":[{"href":"https:\/\/www.toroshopping.com\/fr\/wp-json\/wp\/v2\/product"}],"about":[{"href":"https:\/\/www.toroshopping.com\/fr\/wp-json\/wp\/v2\/types\/product"}],"wp:featuredmedia":[{"embeddable":true,"href":"https:\/\/www.toroshopping.com\/fr\/wp-json\/wp\/v2\/media\/8946"}],"wp:attachment":[{"href":"https:\/\/www.toroshopping.com\/fr\/wp-json\/wp\/v2\/media?parent=8956"}],"wp:term":[{"taxonomy":"pwb-brand","embeddable":true,"href":"https:\/\/www.toroshopping.com\/fr\/wp-json\/wp\/v2\/pwb-brand?post=8956"},{"taxonomy":"product_brand","embeddable":true,"href":"https:\/\/www.toroshopping.com\/fr\/wp-json\/wp\/v2\/product_brand?post=8956"},{"taxonomy":"product_cat","embeddable":true,"href":"https:\/\/www.toroshopping.com\/fr\/wp-json\/wp\/v2\/product_cat?post=8956"},{"taxonomy":"product_tag","embeddable":true,"href":"https:\/\/www.toroshopping.com\/fr\/wp-json\/wp\/v2\/product_tag?post=8956"}],"curies":[{"name":"wp","href":"https:\/\/api.w.org\/{rel}","templated":true}]}}