{"id":89973,"date":"2024-12-03T10:01:31","date_gmt":"2024-12-03T09:01:31","guid":{"rendered":"https:\/\/www.toroshopping.com\/tienda\/non%20class\u00e9\/boucles-doreilles-homme-strass\/"},"modified":"2025-05-27T15:43:59","modified_gmt":"2025-05-27T13:43:59","slug":"boucles-doreilles-a-strass","status":"publish","type":"product","link":"https:\/\/www.toroshopping.com\/fr\/boutique\/accessoires-de-mode\/bijoux-taurins\/boucles-doreilles-a-strass\/","title":{"rendered":"Boucles d&#8217;oreilles \u00e0 strass"},"content":{"rendered":"","protected":false},"excerpt":{"rendered":"<p>Boucles d&#8217;oreilles inspir\u00e9es des vrais costumes de lumi\u00e8re. Concernant les strass, elles poss\u00e8dent une cloche tr\u00e8s sculpt\u00e9e et d\u00e9licate faite de m\u00e9tal dor\u00e9 et de pierres de jais. Elles mesurent environ 6 cm.<\/p>\n","protected":false},"featured_media":89968,"template":"","meta":[],"pwb-brand":[10196],"product_brand":[],"product_cat":[14077,584,650],"product_tag":[],"class_list":{"0":"post-89973","1":"product","2":"type-product","3":"status-publish","4":"has-post-thumbnail","6":"pwb-brand-marca-silvia-barca","7":"product_cat-accessoires-de-mode","8":"product_cat-bijoux-taurins","9":"product_cat-boucles-oreilles","10":"product_shipping_class-sb-fr","12":"first","13":"instock","14":"taxable","15":"shipping-taxable","16":"purchasable","17":"product-type-simple"},"bundled_by":[],"bundle_stock_status":"instock","bundle_stock_quantity":null,"bundle_virtual":false,"bundle_layout":"","bundle_add_to_cart_form_location":"","bundle_editable_in_cart":false,"bundle_sold_individually_context":"","bundle_item_grouping":"","bundle_min_size":"","bundle_max_size":"","bundle_price":[],"bundled_items":[],"bundle_sell_ids":[],"yoast_head":"<!-- This site is optimized with the Yoast SEO plugin v27.4 - https:\/\/yoast.com\/product\/yoast-seo-wordpress\/ -->\n<title>Boucles d\u2019oreilles \u00e0 strass | bullshopping<\/title>\n<meta name=\"description\" content=\"Boutique taurine en ligne | Boucles d&#039;oreilles \u00e0 strass inspir\u00e9es des vrais costumes de torero. Entrez sur le site et d\u00e9couvrez-les\" \/>\n<meta name=\"robots\" content=\"index, follow, max-snippet:-1, max-image-preview:large, max-video-preview:-1\" \/>\n<link rel=\"canonical\" href=\"https:\/\/www.toroshopping.com\/fr\/boutique\/accessoires-de-mode\/bijoux-taurins\/boucles-doreilles-a-strass\/\" \/>\n<meta property=\"og:locale\" content=\"fr_FR\" \/>\n<meta property=\"og:type\" content=\"article\" \/>\n<meta property=\"og:title\" content=\"Boucles d\u2019oreilles \u00e0 strass | bullshopping\" \/>\n<meta property=\"og:description\" content=\"Boutique taurine en ligne | Boucles d&#039;oreilles \u00e0 strass inspir\u00e9es des vrais costumes de torero. Entrez sur le site et d\u00e9couvrez-les\" \/>\n<meta property=\"og:url\" content=\"https:\/\/www.toroshopping.com\/fr\/boutique\/accessoires-de-mode\/bijoux-taurins\/boucles-doreilles-a-strass\/\" \/>\n<meta property=\"og:site_name\" content=\"Tienda taurina - Accesorios taurinos y moda - TOROSHOPPING\" \/>\n<meta property=\"article:publisher\" content=\"https:\/\/facebook.com\/toroshopping\" \/>\n<meta property=\"article:modified_time\" content=\"2025-05-27T13:43:59+00:00\" \/>\n<meta property=\"og:image\" content=\"https:\/\/www.toroshopping.com\/wp-content\/uploads\/2024\/12\/Pendientes-de-Machos-Pedreria-1.webp\" \/>\n\t<meta property=\"og:image:width\" content=\"680\" \/>\n\t<meta property=\"og:image:height\" content=\"920\" \/>\n\t<meta property=\"og:image:type\" content=\"image\/webp\" \/>\n<meta name=\"twitter:card\" content=\"summary_large_image\" \/>\n<meta name=\"twitter:site\" content=\"@Toroshopping\" \/>\n<meta name=\"twitter:label1\" content=\"Dur\u00e9e de lecture estim\u00e9e\" \/>\n\t<meta name=\"twitter:data1\" content=\"1 minute\" \/>\n<script type=\"application\/ld+json\" class=\"yoast-schema-graph\">{\"@context\":\"https:\\\/\\\/schema.org\",\"@graph\":[{\"@type\":\"WebPage\",\"@id\":\"https:\\\/\\\/www.toroshopping.com\\\/fr\\\/boutique\\\/accessoires-de-mode\\\/bijoux-taurins\\\/boucles-doreilles-a-strass\\\/\",\"url\":\"https:\\\/\\\/www.toroshopping.com\\\/fr\\\/boutique\\\/accessoires-de-mode\\\/bijoux-taurins\\\/boucles-doreilles-a-strass\\\/\",\"name\":\"Boucles d\u2019oreilles \u00e0 strass | bullshopping\",\"isPartOf\":{\"@id\":\"https:\\\/\\\/www.toroshopping.com\\\/fr\\\/#website\"},\"primaryImageOfPage\":{\"@id\":\"https:\\\/\\\/www.toroshopping.com\\\/fr\\\/boutique\\\/accessoires-de-mode\\\/bijoux-taurins\\\/boucles-doreilles-a-strass\\\/#primaryimage\"},\"image\":{\"@id\":\"https:\\\/\\\/www.toroshopping.com\\\/fr\\\/boutique\\\/accessoires-de-mode\\\/bijoux-taurins\\\/boucles-doreilles-a-strass\\\/#primaryimage\"},\"thumbnailUrl\":\"https:\\\/\\\/www.toroshopping.com\\\/wp-content\\\/uploads\\\/2024\\\/12\\\/Pendientes-de-Machos-Pedreria-1.webp\",\"datePublished\":\"2024-12-03T09:01:31+00:00\",\"dateModified\":\"2025-05-27T13:43:59+00:00\",\"description\":\"Boutique taurine en ligne | Boucles d'oreilles \u00e0 strass inspir\u00e9es des vrais costumes de torero. Entrez sur le site et d\u00e9couvrez-les\",\"breadcrumb\":{\"@id\":\"https:\\\/\\\/www.toroshopping.com\\\/fr\\\/boutique\\\/accessoires-de-mode\\\/bijoux-taurins\\\/boucles-doreilles-a-strass\\\/#breadcrumb\"},\"inLanguage\":\"fr-FR\",\"potentialAction\":[{\"@type\":\"ReadAction\",\"target\":[\"https:\\\/\\\/www.toroshopping.com\\\/fr\\\/boutique\\\/accessoires-de-mode\\\/bijoux-taurins\\\/boucles-doreilles-a-strass\\\/\"]}]},{\"@type\":\"ImageObject\",\"inLanguage\":\"fr-FR\",\"@id\":\"https:\\\/\\\/www.toroshopping.com\\\/fr\\\/boutique\\\/accessoires-de-mode\\\/bijoux-taurins\\\/boucles-doreilles-a-strass\\\/#primaryimage\",\"url\":\"https:\\\/\\\/www.toroshopping.com\\\/wp-content\\\/uploads\\\/2024\\\/12\\\/Pendientes-de-Machos-Pedreria-1.webp\",\"contentUrl\":\"https:\\\/\\\/www.toroshopping.com\\\/wp-content\\\/uploads\\\/2024\\\/12\\\/Pendientes-de-Machos-Pedreria-1.webp\",\"width\":680,\"height\":920},{\"@type\":\"BreadcrumbList\",\"@id\":\"https:\\\/\\\/www.toroshopping.com\\\/fr\\\/boutique\\\/accessoires-de-mode\\\/bijoux-taurins\\\/boucles-doreilles-a-strass\\\/#breadcrumb\",\"itemListElement\":[{\"@type\":\"ListItem\",\"position\":1,\"name\":\"Inicio\",\"item\":\"https:\\\/\\\/www.toroshopping.com\\\/fr\\\/\"},{\"@type\":\"ListItem\",\"position\":2,\"name\":\"Boutique\",\"item\":\"https:\\\/\\\/www.toroshopping.com\\\/fr\\\/boutique\\\/\"},{\"@type\":\"ListItem\",\"position\":3,\"name\":\"Boucles d&#8217;oreilles \u00e0 strass\"}]},{\"@type\":\"WebSite\",\"@id\":\"https:\\\/\\\/www.toroshopping.com\\\/fr\\\/#website\",\"url\":\"https:\\\/\\\/www.toroshopping.com\\\/fr\\\/\",\"name\":\"Especializados en Art\u00edculos Taurinos\",\"description\":\"\",\"publisher\":{\"@id\":\"https:\\\/\\\/www.toroshopping.com\\\/fr\\\/#organization\"},\"alternateName\":\"Tienda Taurina Online\",\"potentialAction\":[{\"@type\":\"SearchAction\",\"target\":{\"@type\":\"EntryPoint\",\"urlTemplate\":\"https:\\\/\\\/www.toroshopping.com\\\/fr\\\/?s={search_term_string}\"},\"query-input\":{\"@type\":\"PropertyValueSpecification\",\"valueRequired\":true,\"valueName\":\"search_term_string\"}}],\"inLanguage\":\"fr-FR\"},{\"@type\":\"Organization\",\"@id\":\"https:\\\/\\\/www.toroshopping.com\\\/fr\\\/#organization\",\"name\":\"Toroshopping\",\"alternateName\":\"Tienda Taurina Online\",\"url\":\"https:\\\/\\\/www.toroshopping.com\\\/fr\\\/\",\"logo\":{\"@type\":\"ImageObject\",\"inLanguage\":\"fr-FR\",\"@id\":\"https:\\\/\\\/www.toroshopping.com\\\/fr\\\/#\\\/schema\\\/logo\\\/image\\\/\",\"url\":\"https:\\\/\\\/www.toroshopping.com\\\/wp-content\\\/uploads\\\/2025\\\/09\\\/tienda-taurina-bullfighting-shop-boutique-taurine-toroshopping.jpg\",\"contentUrl\":\"https:\\\/\\\/www.toroshopping.com\\\/wp-content\\\/uploads\\\/2025\\\/09\\\/tienda-taurina-bullfighting-shop-boutique-taurine-toroshopping.jpg\",\"width\":764,\"height\":787,\"caption\":\"Toroshopping\"},\"image\":{\"@id\":\"https:\\\/\\\/www.toroshopping.com\\\/fr\\\/#\\\/schema\\\/logo\\\/image\\\/\"},\"sameAs\":[\"https:\\\/\\\/facebook.com\\\/toroshopping\",\"https:\\\/\\\/x.com\\\/Toroshopping\",\"https:\\\/\\\/instagram.com\\\/toroshopping\",\"https:\\\/\\\/www.tiktok.com\\\/@toroshopping_\"]}]}<\/script>\n<!-- \/ Yoast SEO plugin. -->","yoast_head_json":{"title":"Boucles d\u2019oreilles \u00e0 strass | bullshopping","description":"Boutique taurine en ligne | Boucles d'oreilles \u00e0 strass inspir\u00e9es des vrais costumes de torero. Entrez sur le site et d\u00e9couvrez-les","robots":{"index":"index","follow":"follow","max-snippet":"max-snippet:-1","max-image-preview":"max-image-preview:large","max-video-preview":"max-video-preview:-1"},"canonical":"https:\/\/www.toroshopping.com\/fr\/boutique\/accessoires-de-mode\/bijoux-taurins\/boucles-doreilles-a-strass\/","og_locale":"fr_FR","og_type":"article","og_title":"Boucles d\u2019oreilles \u00e0 strass | bullshopping","og_description":"Boutique taurine en ligne | Boucles d'oreilles \u00e0 strass inspir\u00e9es des vrais costumes de torero. Entrez sur le site et d\u00e9couvrez-les","og_url":"https:\/\/www.toroshopping.com\/fr\/boutique\/accessoires-de-mode\/bijoux-taurins\/boucles-doreilles-a-strass\/","og_site_name":"Tienda taurina - Accesorios taurinos y moda - TOROSHOPPING","article_publisher":"https:\/\/facebook.com\/toroshopping","article_modified_time":"2025-05-27T13:43:59+00:00","og_image":[{"width":680,"height":920,"url":"https:\/\/www.toroshopping.com\/wp-content\/uploads\/2024\/12\/Pendientes-de-Machos-Pedreria-1.webp","type":"image\/webp"}],"twitter_card":"summary_large_image","twitter_site":"@Toroshopping","twitter_misc":{"Dur\u00e9e de lecture estim\u00e9e":"1 minute"},"schema":{"@context":"https:\/\/schema.org","@graph":[{"@type":"WebPage","@id":"https:\/\/www.toroshopping.com\/fr\/boutique\/accessoires-de-mode\/bijoux-taurins\/boucles-doreilles-a-strass\/","url":"https:\/\/www.toroshopping.com\/fr\/boutique\/accessoires-de-mode\/bijoux-taurins\/boucles-doreilles-a-strass\/","name":"Boucles d\u2019oreilles \u00e0 strass | bullshopping","isPartOf":{"@id":"https:\/\/www.toroshopping.com\/fr\/#website"},"primaryImageOfPage":{"@id":"https:\/\/www.toroshopping.com\/fr\/boutique\/accessoires-de-mode\/bijoux-taurins\/boucles-doreilles-a-strass\/#primaryimage"},"image":{"@id":"https:\/\/www.toroshopping.com\/fr\/boutique\/accessoires-de-mode\/bijoux-taurins\/boucles-doreilles-a-strass\/#primaryimage"},"thumbnailUrl":"https:\/\/www.toroshopping.com\/wp-content\/uploads\/2024\/12\/Pendientes-de-Machos-Pedreria-1.webp","datePublished":"2024-12-03T09:01:31+00:00","dateModified":"2025-05-27T13:43:59+00:00","description":"Boutique taurine en ligne | Boucles d'oreilles \u00e0 strass inspir\u00e9es des vrais costumes de torero. Entrez sur le site et d\u00e9couvrez-les","breadcrumb":{"@id":"https:\/\/www.toroshopping.com\/fr\/boutique\/accessoires-de-mode\/bijoux-taurins\/boucles-doreilles-a-strass\/#breadcrumb"},"inLanguage":"fr-FR","potentialAction":[{"@type":"ReadAction","target":["https:\/\/www.toroshopping.com\/fr\/boutique\/accessoires-de-mode\/bijoux-taurins\/boucles-doreilles-a-strass\/"]}]},{"@type":"ImageObject","inLanguage":"fr-FR","@id":"https:\/\/www.toroshopping.com\/fr\/boutique\/accessoires-de-mode\/bijoux-taurins\/boucles-doreilles-a-strass\/#primaryimage","url":"https:\/\/www.toroshopping.com\/wp-content\/uploads\/2024\/12\/Pendientes-de-Machos-Pedreria-1.webp","contentUrl":"https:\/\/www.toroshopping.com\/wp-content\/uploads\/2024\/12\/Pendientes-de-Machos-Pedreria-1.webp","width":680,"height":920},{"@type":"BreadcrumbList","@id":"https:\/\/www.toroshopping.com\/fr\/boutique\/accessoires-de-mode\/bijoux-taurins\/boucles-doreilles-a-strass\/#breadcrumb","itemListElement":[{"@type":"ListItem","position":1,"name":"Inicio","item":"https:\/\/www.toroshopping.com\/fr\/"},{"@type":"ListItem","position":2,"name":"Boutique","item":"https:\/\/www.toroshopping.com\/fr\/boutique\/"},{"@type":"ListItem","position":3,"name":"Boucles d&#8217;oreilles \u00e0 strass"}]},{"@type":"WebSite","@id":"https:\/\/www.toroshopping.com\/fr\/#website","url":"https:\/\/www.toroshopping.com\/fr\/","name":"Especializados en Art\u00edculos Taurinos","description":"","publisher":{"@id":"https:\/\/www.toroshopping.com\/fr\/#organization"},"alternateName":"Tienda Taurina Online","potentialAction":[{"@type":"SearchAction","target":{"@type":"EntryPoint","urlTemplate":"https:\/\/www.toroshopping.com\/fr\/?s={search_term_string}"},"query-input":{"@type":"PropertyValueSpecification","valueRequired":true,"valueName":"search_term_string"}}],"inLanguage":"fr-FR"},{"@type":"Organization","@id":"https:\/\/www.toroshopping.com\/fr\/#organization","name":"Toroshopping","alternateName":"Tienda Taurina Online","url":"https:\/\/www.toroshopping.com\/fr\/","logo":{"@type":"ImageObject","inLanguage":"fr-FR","@id":"https:\/\/www.toroshopping.com\/fr\/#\/schema\/logo\/image\/","url":"https:\/\/www.toroshopping.com\/wp-content\/uploads\/2025\/09\/tienda-taurina-bullfighting-shop-boutique-taurine-toroshopping.jpg","contentUrl":"https:\/\/www.toroshopping.com\/wp-content\/uploads\/2025\/09\/tienda-taurina-bullfighting-shop-boutique-taurine-toroshopping.jpg","width":764,"height":787,"caption":"Toroshopping"},"image":{"@id":"https:\/\/www.toroshopping.com\/fr\/#\/schema\/logo\/image\/"},"sameAs":["https:\/\/facebook.com\/toroshopping","https:\/\/x.com\/Toroshopping","https:\/\/instagram.com\/toroshopping","https:\/\/www.tiktok.com\/@toroshopping_"]}]}},"brands":[{"id":10196,"name":"Complementos Silvia Barca","slug":"marca-silvia-barca"}],"_links":{"self":[{"href":"https:\/\/www.toroshopping.com\/fr\/wp-json\/wp\/v2\/product\/89973","targetHints":{"allow":["GET"]}}],"collection":[{"href":"https:\/\/www.toroshopping.com\/fr\/wp-json\/wp\/v2\/product"}],"about":[{"href":"https:\/\/www.toroshopping.com\/fr\/wp-json\/wp\/v2\/types\/product"}],"wp:featuredmedia":[{"embeddable":true,"href":"https:\/\/www.toroshopping.com\/fr\/wp-json\/wp\/v2\/media\/89968"}],"wp:attachment":[{"href":"https:\/\/www.toroshopping.com\/fr\/wp-json\/wp\/v2\/media?parent=89973"}],"wp:term":[{"taxonomy":"pwb-brand","embeddable":true,"href":"https:\/\/www.toroshopping.com\/fr\/wp-json\/wp\/v2\/pwb-brand?post=89973"},{"taxonomy":"product_brand","embeddable":true,"href":"https:\/\/www.toroshopping.com\/fr\/wp-json\/wp\/v2\/product_brand?post=89973"},{"taxonomy":"product_cat","embeddable":true,"href":"https:\/\/www.toroshopping.com\/fr\/wp-json\/wp\/v2\/product_cat?post=89973"},{"taxonomy":"product_tag","embeddable":true,"href":"https:\/\/www.toroshopping.com\/fr\/wp-json\/wp\/v2\/product_tag?post=89973"}],"curies":[{"name":"wp","href":"https:\/\/api.w.org\/{rel}","templated":true}]}}