{"id":94013,"date":"2025-06-26T15:59:17","date_gmt":"2025-06-26T15:42:50","guid":{"rendered":"https:\/\/www.toroshopping.com\/?post_type=product&#038;p=94013"},"modified":"2025-06-26T17:42:50","modified_gmt":"2025-06-26T15:42:50","slug":"casquette-rquer","status":"publish","type":"product","link":"https:\/\/www.toroshopping.com\/fr\/boutique\/mode-taurine\/casquettes\/casquette-rquer\/","title":{"rendered":"Casquette RqueR"},"content":{"rendered":"<p data-start=\"179\" data-end=\"511\">D\u00e9couvrez la nouvelle <strong data-start=\"201\" data-end=\"236\">casquette RqueR avec logo brod\u00e9<\/strong>, une pi\u00e8ce exclusive qui fusionne l\u2019h\u00e9ritage de la tauromachie avec une touche moderne. Disponible en trois versions \u00e9l\u00e9gantes \u2013 <strong data-start=\"366\" data-end=\"381\">bleu marine<\/strong>, <strong data-start=\"383\" data-end=\"402\">marron chocolat<\/strong> et <strong data-start=\"406\" data-end=\"415\">denim<\/strong> \u2013, cette casquette est l\u2019accessoire id\u00e9al pour ceux qui vivent leur passion taurine avec style.<\/p>\n<p data-start=\"513\" data-end=\"937\">Con\u00e7ue pour se faire remarquer, son point fort est le <strong data-start=\"567\" data-end=\"587\">logo RqueR brod\u00e9<\/strong> sur le devant, un signe distinctif d\u2019authenticit\u00e9, de fiert\u00e9 et de culture taurine. <strong data-start=\"672\" data-end=\"681\">RqueR<\/strong> est une marque espagnole reconnue pour son engagement envers une mode taurine de qualit\u00e9, et cette casquette en est un parfait exemple : soign\u00e9e dans les moindres d\u00e9tails, pens\u00e9e pour l\u2019aficionado moderne, fier de ses racines et soucieux de son apparence.<\/p>\n<p data-start=\"939\" data-end=\"1333\">Fabriqu\u00e9e avec des mat\u00e9riaux r\u00e9sistants et respirants, cette casquette assure confort et durabilit\u00e9, id\u00e9ale aussi bien pour assister \u00e0 des \u00e9v\u00e9nements taurins que pour un usage quotidien. La fermeture r\u00e9glable de type snapback garantit un ajustement parfait \u00e0 toutes les tailles. Avec sa visi\u00e8re incurv\u00e9e et sa structure \u00e0 six panneaux, elle incarne un choix \u00e0 la fois intemporel et fonctionnel.<\/p>\n<p data-start=\"1335\" data-end=\"1593\">Que vous visitiez une ar\u00e8ne, que vous fl\u00e2niez en ville ou que vous cherchiez simplement \u00e0 ajouter une touche originale \u00e0 votre look, cette casquette est le bon choix. Choisissez parmi les trois couleurs celle qui correspond le mieux \u00e0 votre style personnel :<\/p>\n<ul data-start=\"1595\" data-end=\"1800\">\n<li data-start=\"1595\" data-end=\"1651\">\n<p data-start=\"1597\" data-end=\"1651\"><strong data-start=\"1597\" data-end=\"1612\">Bleu marine<\/strong>, pour une allure classique et sobre.<\/p>\n<\/li>\n<li data-start=\"1652\" data-end=\"1717\">\n<p data-start=\"1654\" data-end=\"1717\"><strong data-start=\"1654\" data-end=\"1673\">Marron chocolat<\/strong>, avec une touche \u00e9l\u00e9gante et chaleureuse.<\/p>\n<\/li>\n<li data-start=\"1718\" data-end=\"1800\">\n<p data-start=\"1720\" data-end=\"1800\"><strong data-start=\"1720\" data-end=\"1729\">Denim<\/strong>, d\u00e9contract\u00e9e et polyvalente, id\u00e9ale pour les tenues plus informelles.<\/p>\n<\/li>\n<\/ul>\n<p data-start=\"1802\" data-end=\"1980\">La <strong data-start=\"1805\" data-end=\"1824\">casquette RqueR<\/strong> est \u00e9galement une excellente id\u00e9e de cadeau pour les passionn\u00e9s de tauromachie : un accessoire avec une \u00e2me, qui \u00e9voque culture, tradition et personnalit\u00e9.<\/p>\n<p data-start=\"1982\" data-end=\"2067\"><strong data-start=\"1982\" data-end=\"2028\">Disponible d\u00e8s maintenant sur Toroshopping<\/strong> \u2013 votre boutique taurine de r\u00e9f\u00e9rence.<\/p>\n","protected":false},"excerpt":{"rendered":"<article class=\"text-token-text-primary w-full\" dir=\"auto\" data-testid=\"conversation-turn-26\" data-scroll-anchor=\"true\">\n<div class=\"text-base my-auto mx-auto py-5 [--thread-content-margin:--spacing(4)] @[37rem]:[--thread-content-margin:--spacing(6)] @[72rem]:[--thread-content-margin:--spacing(16)] px-(--thread-content-margin)\">\n<div class=\"[--thread-content-max-width:32rem] @[34rem]:[--thread-content-max-width:40rem] @[64rem]:[--thread-content-max-width:48rem] mx-auto flex max-w-(--thread-content-max-width) flex-1 text-base gap-4 md:gap-5 lg:gap-6 group\/turn-messages focus-visible:outline-hidden\" tabindex=\"-1\">\n<div class=\"group\/conversation-turn relative flex w-full min-w-0 flex-col agent-turn\">\n<div class=\"relative flex-col gap-1 md:gap-3\">\n<div class=\"flex max-w-full flex-col grow\">\n<div class=\"min-h-8 text-message relative flex w-full flex-col items-end gap-2 text-start break-words whitespace-normal [.text-message+&amp;]:mt-5\" dir=\"auto\" data-message-author-role=\"assistant\" data-message-id=\"f2b9c612-d3b4-4db8-b5ab-45e493a2aec5\" data-message-model-slug=\"gpt-4o\">\n<div class=\"flex w-full flex-col gap-1 empty:hidden first:pt-[3px]\">\n<div class=\"markdown prose dark:prose-invert w-full break-words light\">\n<p data-start=\"0\" data-end=\"79\" data-is-last-node=\"\" data-is-only-node=\"\">Disponible en trois versions \u00e9l\u00e9gantes : <strong>bleu marine<\/strong>, <strong>marron chocolat<\/strong> et <strong>denim<\/strong>.<\/p>\n<\/div>\n<\/div>\n<\/div>\n<\/div>\n<\/div>\n<\/div>\n<\/div>\n<\/div>\n<\/article>\n","protected":false},"featured_media":94005,"template":"","meta":[],"pwb-brand":[16124],"product_brand":[],"product_cat":[16290,16299,515],"product_tag":[],"class_list":{"0":"post-94013","1":"product","2":"type-product","3":"status-publish","4":"has-post-thumbnail","6":"pwb-brand-rquer","7":"product_cat-casquettes","8":"product_cat-nouvelle-collection-ete-rquer-2025","9":"product_cat-mode-taurine","10":"product_shipping_class-rquer-fr","12":"first","13":"instock","14":"taxable","15":"shipping-taxable","16":"purchasable","17":"product-type-variable"},"bundled_by":[],"bundle_stock_status":"instock","bundle_stock_quantity":null,"bundle_virtual":false,"bundle_layout":"","bundle_add_to_cart_form_location":"","bundle_editable_in_cart":false,"bundle_sold_individually_context":"","bundle_item_grouping":"","bundle_min_size":"","bundle_max_size":"","bundle_price":[],"bundled_items":[],"bundle_sell_ids":[],"yoast_head":"<!-- This site is optimized with the Yoast SEO plugin v27.4 - https:\/\/yoast.com\/product\/yoast-seo-wordpress\/ -->\n<title>Casquette RqueR<\/title>\n<meta name=\"description\" content=\"Casquette RqueR en trois versions: bleu marine, marron chocolat et denim. Cette casquette est l&#039;accessoire id\u00e9al pour ceux qui vivent la mode avec passion.\" \/>\n<meta name=\"robots\" content=\"index, follow, max-snippet:-1, max-image-preview:large, max-video-preview:-1\" \/>\n<link rel=\"canonical\" href=\"https:\/\/www.toroshopping.com\/fr\/boutique\/mode-taurine\/casquettes\/casquette-rquer\/\" \/>\n<meta property=\"og:locale\" content=\"fr_FR\" \/>\n<meta property=\"og:type\" content=\"article\" \/>\n<meta property=\"og:title\" content=\"Casquette RqueR\" \/>\n<meta property=\"og:description\" content=\"Casquette RqueR en trois versions: bleu marine, marron chocolat et denim. Cette casquette est l&#039;accessoire id\u00e9al pour ceux qui vivent la mode avec passion.\" \/>\n<meta property=\"og:url\" content=\"https:\/\/www.toroshopping.com\/fr\/boutique\/mode-taurine\/casquettes\/casquette-rquer\/\" \/>\n<meta property=\"og:site_name\" content=\"Tienda taurina - Accesorios taurinos y moda - TOROSHOPPING\" \/>\n<meta property=\"article:publisher\" content=\"https:\/\/facebook.com\/toroshopping\" \/>\n<meta property=\"og:image\" content=\"https:\/\/www.toroshopping.com\/wp-content\/uploads\/2025\/06\/Gorra-RqueR-Azul-Marino-Toroshopping-scaled.jpg\" \/>\n\t<meta property=\"og:image:width\" content=\"1707\" \/>\n\t<meta property=\"og:image:height\" content=\"2560\" \/>\n\t<meta property=\"og:image:type\" content=\"image\/jpeg\" \/>\n<meta name=\"twitter:card\" content=\"summary_large_image\" \/>\n<meta name=\"twitter:site\" content=\"@Toroshopping\" \/>\n<meta name=\"twitter:label1\" content=\"Dur\u00e9e de lecture estim\u00e9e\" \/>\n\t<meta name=\"twitter:data1\" content=\"2 minutes\" \/>\n<script type=\"application\/ld+json\" class=\"yoast-schema-graph\">{\"@context\":\"https:\\\/\\\/schema.org\",\"@graph\":[{\"@type\":\"WebPage\",\"@id\":\"https:\\\/\\\/www.toroshopping.com\\\/fr\\\/boutique\\\/mode-taurine\\\/casquettes\\\/casquette-rquer\\\/\",\"url\":\"https:\\\/\\\/www.toroshopping.com\\\/fr\\\/boutique\\\/mode-taurine\\\/casquettes\\\/casquette-rquer\\\/\",\"name\":\"Casquette RqueR\",\"isPartOf\":{\"@id\":\"https:\\\/\\\/www.toroshopping.com\\\/fr\\\/#website\"},\"primaryImageOfPage\":{\"@id\":\"https:\\\/\\\/www.toroshopping.com\\\/fr\\\/boutique\\\/mode-taurine\\\/casquettes\\\/casquette-rquer\\\/#primaryimage\"},\"image\":{\"@id\":\"https:\\\/\\\/www.toroshopping.com\\\/fr\\\/boutique\\\/mode-taurine\\\/casquettes\\\/casquette-rquer\\\/#primaryimage\"},\"thumbnailUrl\":\"https:\\\/\\\/www.toroshopping.com\\\/wp-content\\\/uploads\\\/2025\\\/06\\\/Gorra-RqueR-Azul-Marino-Toroshopping-scaled.jpg\",\"datePublished\":\"2025-06-26T15:42:50+00:00\",\"description\":\"Casquette RqueR en trois versions: bleu marine, marron chocolat et denim. Cette casquette est l'accessoire id\u00e9al pour ceux qui vivent la mode avec passion.\",\"breadcrumb\":{\"@id\":\"https:\\\/\\\/www.toroshopping.com\\\/fr\\\/boutique\\\/mode-taurine\\\/casquettes\\\/casquette-rquer\\\/#breadcrumb\"},\"inLanguage\":\"fr-FR\",\"potentialAction\":[{\"@type\":\"ReadAction\",\"target\":[\"https:\\\/\\\/www.toroshopping.com\\\/fr\\\/boutique\\\/mode-taurine\\\/casquettes\\\/casquette-rquer\\\/\"]}]},{\"@type\":\"ImageObject\",\"inLanguage\":\"fr-FR\",\"@id\":\"https:\\\/\\\/www.toroshopping.com\\\/fr\\\/boutique\\\/mode-taurine\\\/casquettes\\\/casquette-rquer\\\/#primaryimage\",\"url\":\"https:\\\/\\\/www.toroshopping.com\\\/wp-content\\\/uploads\\\/2025\\\/06\\\/Gorra-RqueR-Azul-Marino-Toroshopping-scaled.jpg\",\"contentUrl\":\"https:\\\/\\\/www.toroshopping.com\\\/wp-content\\\/uploads\\\/2025\\\/06\\\/Gorra-RqueR-Azul-Marino-Toroshopping-scaled.jpg\",\"width\":1707,\"height\":2560},{\"@type\":\"BreadcrumbList\",\"@id\":\"https:\\\/\\\/www.toroshopping.com\\\/fr\\\/boutique\\\/mode-taurine\\\/casquettes\\\/casquette-rquer\\\/#breadcrumb\",\"itemListElement\":[{\"@type\":\"ListItem\",\"position\":1,\"name\":\"Inicio\",\"item\":\"https:\\\/\\\/www.toroshopping.com\\\/fr\\\/\"},{\"@type\":\"ListItem\",\"position\":2,\"name\":\"Boutique\",\"item\":\"https:\\\/\\\/www.toroshopping.com\\\/fr\\\/boutique\\\/\"},{\"@type\":\"ListItem\",\"position\":3,\"name\":\"Casquette RqueR\"}]},{\"@type\":\"WebSite\",\"@id\":\"https:\\\/\\\/www.toroshopping.com\\\/fr\\\/#website\",\"url\":\"https:\\\/\\\/www.toroshopping.com\\\/fr\\\/\",\"name\":\"Especializados en Art\u00edculos Taurinos\",\"description\":\"\",\"publisher\":{\"@id\":\"https:\\\/\\\/www.toroshopping.com\\\/fr\\\/#organization\"},\"alternateName\":\"Tienda Taurina Online\",\"potentialAction\":[{\"@type\":\"SearchAction\",\"target\":{\"@type\":\"EntryPoint\",\"urlTemplate\":\"https:\\\/\\\/www.toroshopping.com\\\/fr\\\/?s={search_term_string}\"},\"query-input\":{\"@type\":\"PropertyValueSpecification\",\"valueRequired\":true,\"valueName\":\"search_term_string\"}}],\"inLanguage\":\"fr-FR\"},{\"@type\":\"Organization\",\"@id\":\"https:\\\/\\\/www.toroshopping.com\\\/fr\\\/#organization\",\"name\":\"Toroshopping\",\"alternateName\":\"Tienda Taurina Online\",\"url\":\"https:\\\/\\\/www.toroshopping.com\\\/fr\\\/\",\"logo\":{\"@type\":\"ImageObject\",\"inLanguage\":\"fr-FR\",\"@id\":\"https:\\\/\\\/www.toroshopping.com\\\/fr\\\/#\\\/schema\\\/logo\\\/image\\\/\",\"url\":\"https:\\\/\\\/www.toroshopping.com\\\/wp-content\\\/uploads\\\/2025\\\/09\\\/tienda-taurina-bullfighting-shop-boutique-taurine-toroshopping.jpg\",\"contentUrl\":\"https:\\\/\\\/www.toroshopping.com\\\/wp-content\\\/uploads\\\/2025\\\/09\\\/tienda-taurina-bullfighting-shop-boutique-taurine-toroshopping.jpg\",\"width\":764,\"height\":787,\"caption\":\"Toroshopping\"},\"image\":{\"@id\":\"https:\\\/\\\/www.toroshopping.com\\\/fr\\\/#\\\/schema\\\/logo\\\/image\\\/\"},\"sameAs\":[\"https:\\\/\\\/facebook.com\\\/toroshopping\",\"https:\\\/\\\/x.com\\\/Toroshopping\",\"https:\\\/\\\/instagram.com\\\/toroshopping\",\"https:\\\/\\\/www.tiktok.com\\\/@toroshopping_\"]}]}<\/script>\n<!-- \/ Yoast SEO plugin. -->","yoast_head_json":{"title":"Casquette RqueR","description":"Casquette RqueR en trois versions: bleu marine, marron chocolat et denim. Cette casquette est l'accessoire id\u00e9al pour ceux qui vivent la mode avec passion.","robots":{"index":"index","follow":"follow","max-snippet":"max-snippet:-1","max-image-preview":"max-image-preview:large","max-video-preview":"max-video-preview:-1"},"canonical":"https:\/\/www.toroshopping.com\/fr\/boutique\/mode-taurine\/casquettes\/casquette-rquer\/","og_locale":"fr_FR","og_type":"article","og_title":"Casquette RqueR","og_description":"Casquette RqueR en trois versions: bleu marine, marron chocolat et denim. Cette casquette est l'accessoire id\u00e9al pour ceux qui vivent la mode avec passion.","og_url":"https:\/\/www.toroshopping.com\/fr\/boutique\/mode-taurine\/casquettes\/casquette-rquer\/","og_site_name":"Tienda taurina - Accesorios taurinos y moda - TOROSHOPPING","article_publisher":"https:\/\/facebook.com\/toroshopping","og_image":[{"width":1707,"height":2560,"url":"https:\/\/www.toroshopping.com\/wp-content\/uploads\/2025\/06\/Gorra-RqueR-Azul-Marino-Toroshopping-scaled.jpg","type":"image\/jpeg"}],"twitter_card":"summary_large_image","twitter_site":"@Toroshopping","twitter_misc":{"Dur\u00e9e de lecture estim\u00e9e":"2 minutes"},"schema":{"@context":"https:\/\/schema.org","@graph":[{"@type":"WebPage","@id":"https:\/\/www.toroshopping.com\/fr\/boutique\/mode-taurine\/casquettes\/casquette-rquer\/","url":"https:\/\/www.toroshopping.com\/fr\/boutique\/mode-taurine\/casquettes\/casquette-rquer\/","name":"Casquette RqueR","isPartOf":{"@id":"https:\/\/www.toroshopping.com\/fr\/#website"},"primaryImageOfPage":{"@id":"https:\/\/www.toroshopping.com\/fr\/boutique\/mode-taurine\/casquettes\/casquette-rquer\/#primaryimage"},"image":{"@id":"https:\/\/www.toroshopping.com\/fr\/boutique\/mode-taurine\/casquettes\/casquette-rquer\/#primaryimage"},"thumbnailUrl":"https:\/\/www.toroshopping.com\/wp-content\/uploads\/2025\/06\/Gorra-RqueR-Azul-Marino-Toroshopping-scaled.jpg","datePublished":"2025-06-26T15:42:50+00:00","description":"Casquette RqueR en trois versions: bleu marine, marron chocolat et denim. Cette casquette est l'accessoire id\u00e9al pour ceux qui vivent la mode avec passion.","breadcrumb":{"@id":"https:\/\/www.toroshopping.com\/fr\/boutique\/mode-taurine\/casquettes\/casquette-rquer\/#breadcrumb"},"inLanguage":"fr-FR","potentialAction":[{"@type":"ReadAction","target":["https:\/\/www.toroshopping.com\/fr\/boutique\/mode-taurine\/casquettes\/casquette-rquer\/"]}]},{"@type":"ImageObject","inLanguage":"fr-FR","@id":"https:\/\/www.toroshopping.com\/fr\/boutique\/mode-taurine\/casquettes\/casquette-rquer\/#primaryimage","url":"https:\/\/www.toroshopping.com\/wp-content\/uploads\/2025\/06\/Gorra-RqueR-Azul-Marino-Toroshopping-scaled.jpg","contentUrl":"https:\/\/www.toroshopping.com\/wp-content\/uploads\/2025\/06\/Gorra-RqueR-Azul-Marino-Toroshopping-scaled.jpg","width":1707,"height":2560},{"@type":"BreadcrumbList","@id":"https:\/\/www.toroshopping.com\/fr\/boutique\/mode-taurine\/casquettes\/casquette-rquer\/#breadcrumb","itemListElement":[{"@type":"ListItem","position":1,"name":"Inicio","item":"https:\/\/www.toroshopping.com\/fr\/"},{"@type":"ListItem","position":2,"name":"Boutique","item":"https:\/\/www.toroshopping.com\/fr\/boutique\/"},{"@type":"ListItem","position":3,"name":"Casquette RqueR"}]},{"@type":"WebSite","@id":"https:\/\/www.toroshopping.com\/fr\/#website","url":"https:\/\/www.toroshopping.com\/fr\/","name":"Especializados en Art\u00edculos Taurinos","description":"","publisher":{"@id":"https:\/\/www.toroshopping.com\/fr\/#organization"},"alternateName":"Tienda Taurina Online","potentialAction":[{"@type":"SearchAction","target":{"@type":"EntryPoint","urlTemplate":"https:\/\/www.toroshopping.com\/fr\/?s={search_term_string}"},"query-input":{"@type":"PropertyValueSpecification","valueRequired":true,"valueName":"search_term_string"}}],"inLanguage":"fr-FR"},{"@type":"Organization","@id":"https:\/\/www.toroshopping.com\/fr\/#organization","name":"Toroshopping","alternateName":"Tienda Taurina Online","url":"https:\/\/www.toroshopping.com\/fr\/","logo":{"@type":"ImageObject","inLanguage":"fr-FR","@id":"https:\/\/www.toroshopping.com\/fr\/#\/schema\/logo\/image\/","url":"https:\/\/www.toroshopping.com\/wp-content\/uploads\/2025\/09\/tienda-taurina-bullfighting-shop-boutique-taurine-toroshopping.jpg","contentUrl":"https:\/\/www.toroshopping.com\/wp-content\/uploads\/2025\/09\/tienda-taurina-bullfighting-shop-boutique-taurine-toroshopping.jpg","width":764,"height":787,"caption":"Toroshopping"},"image":{"@id":"https:\/\/www.toroshopping.com\/fr\/#\/schema\/logo\/image\/"},"sameAs":["https:\/\/facebook.com\/toroshopping","https:\/\/x.com\/Toroshopping","https:\/\/instagram.com\/toroshopping","https:\/\/www.tiktok.com\/@toroshopping_"]}]}},"brands":[{"id":16124,"name":"RqueR","slug":"rquer"}],"_links":{"self":[{"href":"https:\/\/www.toroshopping.com\/fr\/wp-json\/wp\/v2\/product\/94013","targetHints":{"allow":["GET"]}}],"collection":[{"href":"https:\/\/www.toroshopping.com\/fr\/wp-json\/wp\/v2\/product"}],"about":[{"href":"https:\/\/www.toroshopping.com\/fr\/wp-json\/wp\/v2\/types\/product"}],"wp:featuredmedia":[{"embeddable":true,"href":"https:\/\/www.toroshopping.com\/fr\/wp-json\/wp\/v2\/media\/94005"}],"wp:attachment":[{"href":"https:\/\/www.toroshopping.com\/fr\/wp-json\/wp\/v2\/media?parent=94013"}],"wp:term":[{"taxonomy":"pwb-brand","embeddable":true,"href":"https:\/\/www.toroshopping.com\/fr\/wp-json\/wp\/v2\/pwb-brand?post=94013"},{"taxonomy":"product_brand","embeddable":true,"href":"https:\/\/www.toroshopping.com\/fr\/wp-json\/wp\/v2\/product_brand?post=94013"},{"taxonomy":"product_cat","embeddable":true,"href":"https:\/\/www.toroshopping.com\/fr\/wp-json\/wp\/v2\/product_cat?post=94013"},{"taxonomy":"product_tag","embeddable":true,"href":"https:\/\/www.toroshopping.com\/fr\/wp-json\/wp\/v2\/product_tag?post=94013"}],"curies":[{"name":"wp","href":"https:\/\/api.w.org\/{rel}","templated":true}]}}