{"id":94349,"date":"2025-06-26T16:01:20","date_gmt":"2025-06-26T15:33:08","guid":{"rendered":"https:\/\/www.toroshopping.com\/?post_type=product&#038;p=94349"},"modified":"2025-06-26T17:42:34","modified_gmt":"2025-06-26T15:42:34","slug":"sweat-rquer","status":"publish","type":"product","link":"https:\/\/www.toroshopping.com\/fr\/boutique\/mode-taurine\/sweats-pulls-taurins\/sweats-homme\/sweat-rquer\/","title":{"rendered":"Sweat RqueR"},"content":{"rendered":"<p data-start=\"118\" data-end=\"212\"><strong data-start=\"118\" data-end=\"212\">Sweat RqueR en coton 100 % \u2013 Style intemporel avec d\u00e9tails et qualit\u00e9 fabriqu\u00e9s en Espagne<\/strong><\/p>\n<p data-start=\"214\" data-end=\"579\">Le <strong data-start=\"217\" data-end=\"232\">sweat RqueR<\/strong> est une pi\u00e8ce incontournable pour ceux qui recherchent un style urbain, simple et \u00e9l\u00e9gant, sans faire de compromis sur le confort. Con\u00e7u avec une coupe moderne et une allure intemporelle, ce <strong data-start=\"424\" data-end=\"444\">sweat \u00e0 col rond<\/strong> est parfait pour un usage quotidien, que ce soit pour un look d\u00e9contract\u00e9 ou pour apporter une touche relax \u00e0 une tenue plus habill\u00e9e.<\/p>\n<p data-start=\"581\" data-end=\"904\">Confectionn\u00e9 en <strong data-start=\"597\" data-end=\"618\">tissu 100 % coton<\/strong>, il offre une texture douce et agr\u00e9able au toucher, garantissant une excellente respirabilit\u00e9 et un confort optimal toute l\u2019ann\u00e9e. Le coton naturel permet une r\u00e9gulation thermique efficace, ce qui en fait un choix id\u00e9al pour les journ\u00e9es fra\u00eeches comme pour les saisons interm\u00e9diaires.<\/p>\n<p data-start=\"906\" data-end=\"1204\">Le design comprend un <strong data-start=\"928\" data-end=\"982\">d\u00e9tail cousu en forme de triangle au niveau du col<\/strong>, un \u00e9l\u00e9ment discret mais distinctif qui rappelle les sweats sportifs classiques. De plus, le <strong data-start=\"1076\" data-end=\"1106\">logo brod\u00e9 sur la poitrine<\/strong> ajoute une finition \u00e9l\u00e9gante et exclusive, soulignant le caract\u00e8re de la marque RqueR sans exc\u00e8s.<\/p>\n<p data-start=\"1206\" data-end=\"1621\">Le sweat RqueR est disponible en plusieurs <strong data-start=\"1249\" data-end=\"1271\">tailles et coloris<\/strong>, s\u2019adaptant \u00e0 tous les styles et pr\u00e9f\u00e9rences. Sa polyvalence en fait une pi\u00e8ce essentielle de la garde-robe masculine, facile \u00e0 associer avec un jean, un pantalon de type jogger, ou m\u00eame un short lors des journ\u00e9es plus chaudes. Parfait pour les sorties d\u00e9contract\u00e9es, les escapades du week-end ou tout simplement pour profiter du confort avec style.<\/p>\n<p data-start=\"1623\" data-end=\"1797\"><strong data-start=\"1623\" data-end=\"1646\">Fabriqu\u00e9 en Espagne<\/strong> avec des mat\u00e9riaux de premi\u00e8re qualit\u00e9, ce sweat refl\u00e8te l&#8217;engagement de RqueR envers une mode responsable, un design soign\u00e9 et une production locale.<\/p>\n<p data-start=\"1799\" data-end=\"1952\"><strong data-start=\"1799\" data-end=\"1866\">Commandez d\u00e8s maintenant votre sweat RqueR sur Toroshopping.com<\/strong> et ajoutez \u00e0 votre collection un v\u00eatement confortable, durable et plein de caract\u00e8re.<\/p>\n","protected":false},"excerpt":{"rendered":"<p><strong data-start=\"118\" data-end=\"212\">Sweat RqueR en coton 100 % \u2013 Style intemporel avec d\u00e9tails et qualit\u00e9 fabriqu\u00e9s en Espagne<\/strong><\/p>\n","protected":false},"featured_media":94322,"template":"","meta":[],"pwb-brand":[16124],"product_brand":[],"product_cat":[16299,515,14091,14093],"product_tag":[],"class_list":{"0":"post-94349","1":"product","2":"type-product","3":"status-publish","4":"has-post-thumbnail","6":"pwb-brand-rquer","7":"product_cat-nouvelle-collection-ete-rquer-2025","8":"product_cat-mode-taurine","9":"product_cat-sweats-pulls-taurins","10":"product_cat-sweats-homme","11":"product_shipping_class-rquer-fr","13":"first","14":"instock","15":"taxable","16":"shipping-taxable","17":"purchasable","18":"product-type-variable"},"bundled_by":[],"bundle_stock_status":"instock","bundle_stock_quantity":null,"bundle_virtual":false,"bundle_layout":"","bundle_add_to_cart_form_location":"","bundle_editable_in_cart":false,"bundle_sold_individually_context":"","bundle_item_grouping":"","bundle_min_size":"","bundle_max_size":"","bundle_price":[],"bundled_items":[],"bundle_sell_ids":[],"yoast_head":"<!-- This site is optimized with the Yoast SEO plugin v27.4 - https:\/\/yoast.com\/product\/yoast-seo-wordpress\/ -->\n<title>Sweat RqueR<\/title>\n<meta name=\"description\" content=\"Sweat RqueR en coton 100 % \u2013 Style intemporel avec d\u00e9tails et qualit\u00e9 fabriqu\u00e9s en Espagne. Commandez d\u00e8s maintenant votre sweat RqueR sur Toroshopping.com\" \/>\n<meta name=\"robots\" content=\"index, follow, max-snippet:-1, max-image-preview:large, max-video-preview:-1\" \/>\n<link rel=\"canonical\" href=\"https:\/\/www.toroshopping.com\/fr\/boutique\/mode-taurine\/sweats-pulls-taurins\/sweats-homme\/sweat-rquer\/\" \/>\n<meta property=\"og:locale\" content=\"fr_FR\" \/>\n<meta property=\"og:type\" content=\"article\" \/>\n<meta property=\"og:title\" content=\"Sweat RqueR\" \/>\n<meta property=\"og:description\" content=\"Sweat RqueR en coton 100 % \u2013 Style intemporel avec d\u00e9tails et qualit\u00e9 fabriqu\u00e9s en Espagne. Commandez d\u00e8s maintenant votre sweat RqueR sur Toroshopping.com\" \/>\n<meta property=\"og:url\" content=\"https:\/\/www.toroshopping.com\/fr\/boutique\/mode-taurine\/sweats-pulls-taurins\/sweats-homme\/sweat-rquer\/\" \/>\n<meta property=\"og:site_name\" content=\"Tienda taurina - Accesorios taurinos y moda - TOROSHOPPING\" \/>\n<meta property=\"article:publisher\" content=\"https:\/\/facebook.com\/toroshopping\" \/>\n<meta property=\"article:modified_time\" content=\"2025-06-26T15:42:34+00:00\" \/>\n<meta property=\"og:image\" content=\"https:\/\/www.toroshopping.com\/wp-content\/uploads\/2025\/06\/Sudadera-Gris-Toroshopping-scaled.jpg\" \/>\n\t<meta property=\"og:image:width\" content=\"1707\" \/>\n\t<meta property=\"og:image:height\" content=\"2560\" \/>\n\t<meta property=\"og:image:type\" content=\"image\/jpeg\" \/>\n<meta name=\"twitter:card\" content=\"summary_large_image\" \/>\n<meta name=\"twitter:site\" content=\"@Toroshopping\" \/>\n<meta name=\"twitter:label1\" content=\"Dur\u00e9e de lecture estim\u00e9e\" \/>\n\t<meta name=\"twitter:data1\" content=\"2 minutes\" \/>\n<script type=\"application\/ld+json\" class=\"yoast-schema-graph\">{\"@context\":\"https:\\\/\\\/schema.org\",\"@graph\":[{\"@type\":\"WebPage\",\"@id\":\"https:\\\/\\\/www.toroshopping.com\\\/fr\\\/boutique\\\/mode-taurine\\\/sweats-pulls-taurins\\\/sweats-homme\\\/sweat-rquer\\\/\",\"url\":\"https:\\\/\\\/www.toroshopping.com\\\/fr\\\/boutique\\\/mode-taurine\\\/sweats-pulls-taurins\\\/sweats-homme\\\/sweat-rquer\\\/\",\"name\":\"Sweat RqueR\",\"isPartOf\":{\"@id\":\"https:\\\/\\\/www.toroshopping.com\\\/fr\\\/#website\"},\"primaryImageOfPage\":{\"@id\":\"https:\\\/\\\/www.toroshopping.com\\\/fr\\\/boutique\\\/mode-taurine\\\/sweats-pulls-taurins\\\/sweats-homme\\\/sweat-rquer\\\/#primaryimage\"},\"image\":{\"@id\":\"https:\\\/\\\/www.toroshopping.com\\\/fr\\\/boutique\\\/mode-taurine\\\/sweats-pulls-taurins\\\/sweats-homme\\\/sweat-rquer\\\/#primaryimage\"},\"thumbnailUrl\":\"https:\\\/\\\/www.toroshopping.com\\\/wp-content\\\/uploads\\\/2025\\\/06\\\/Sudadera-Gris-Toroshopping-scaled.jpg\",\"datePublished\":\"2025-06-26T15:33:08+00:00\",\"dateModified\":\"2025-06-26T15:42:34+00:00\",\"description\":\"Sweat RqueR en coton 100 % \u2013 Style intemporel avec d\u00e9tails et qualit\u00e9 fabriqu\u00e9s en Espagne. Commandez d\u00e8s maintenant votre sweat RqueR sur Toroshopping.com\",\"breadcrumb\":{\"@id\":\"https:\\\/\\\/www.toroshopping.com\\\/fr\\\/boutique\\\/mode-taurine\\\/sweats-pulls-taurins\\\/sweats-homme\\\/sweat-rquer\\\/#breadcrumb\"},\"inLanguage\":\"fr-FR\",\"potentialAction\":[{\"@type\":\"ReadAction\",\"target\":[\"https:\\\/\\\/www.toroshopping.com\\\/fr\\\/boutique\\\/mode-taurine\\\/sweats-pulls-taurins\\\/sweats-homme\\\/sweat-rquer\\\/\"]}]},{\"@type\":\"ImageObject\",\"inLanguage\":\"fr-FR\",\"@id\":\"https:\\\/\\\/www.toroshopping.com\\\/fr\\\/boutique\\\/mode-taurine\\\/sweats-pulls-taurins\\\/sweats-homme\\\/sweat-rquer\\\/#primaryimage\",\"url\":\"https:\\\/\\\/www.toroshopping.com\\\/wp-content\\\/uploads\\\/2025\\\/06\\\/Sudadera-Gris-Toroshopping-scaled.jpg\",\"contentUrl\":\"https:\\\/\\\/www.toroshopping.com\\\/wp-content\\\/uploads\\\/2025\\\/06\\\/Sudadera-Gris-Toroshopping-scaled.jpg\",\"width\":1707,\"height\":2560,\"caption\":\"Sudadera - Gris - Toroshopping\"},{\"@type\":\"BreadcrumbList\",\"@id\":\"https:\\\/\\\/www.toroshopping.com\\\/fr\\\/boutique\\\/mode-taurine\\\/sweats-pulls-taurins\\\/sweats-homme\\\/sweat-rquer\\\/#breadcrumb\",\"itemListElement\":[{\"@type\":\"ListItem\",\"position\":1,\"name\":\"Inicio\",\"item\":\"https:\\\/\\\/www.toroshopping.com\\\/fr\\\/\"},{\"@type\":\"ListItem\",\"position\":2,\"name\":\"Boutique\",\"item\":\"https:\\\/\\\/www.toroshopping.com\\\/fr\\\/boutique\\\/\"},{\"@type\":\"ListItem\",\"position\":3,\"name\":\"Sweat RqueR\"}]},{\"@type\":\"WebSite\",\"@id\":\"https:\\\/\\\/www.toroshopping.com\\\/fr\\\/#website\",\"url\":\"https:\\\/\\\/www.toroshopping.com\\\/fr\\\/\",\"name\":\"Especializados en Art\u00edculos Taurinos\",\"description\":\"\",\"publisher\":{\"@id\":\"https:\\\/\\\/www.toroshopping.com\\\/fr\\\/#organization\"},\"alternateName\":\"Tienda Taurina Online\",\"potentialAction\":[{\"@type\":\"SearchAction\",\"target\":{\"@type\":\"EntryPoint\",\"urlTemplate\":\"https:\\\/\\\/www.toroshopping.com\\\/fr\\\/?s={search_term_string}\"},\"query-input\":{\"@type\":\"PropertyValueSpecification\",\"valueRequired\":true,\"valueName\":\"search_term_string\"}}],\"inLanguage\":\"fr-FR\"},{\"@type\":\"Organization\",\"@id\":\"https:\\\/\\\/www.toroshopping.com\\\/fr\\\/#organization\",\"name\":\"Toroshopping\",\"alternateName\":\"Tienda Taurina Online\",\"url\":\"https:\\\/\\\/www.toroshopping.com\\\/fr\\\/\",\"logo\":{\"@type\":\"ImageObject\",\"inLanguage\":\"fr-FR\",\"@id\":\"https:\\\/\\\/www.toroshopping.com\\\/fr\\\/#\\\/schema\\\/logo\\\/image\\\/\",\"url\":\"https:\\\/\\\/www.toroshopping.com\\\/wp-content\\\/uploads\\\/2025\\\/09\\\/tienda-taurina-bullfighting-shop-boutique-taurine-toroshopping.jpg\",\"contentUrl\":\"https:\\\/\\\/www.toroshopping.com\\\/wp-content\\\/uploads\\\/2025\\\/09\\\/tienda-taurina-bullfighting-shop-boutique-taurine-toroshopping.jpg\",\"width\":764,\"height\":787,\"caption\":\"Toroshopping\"},\"image\":{\"@id\":\"https:\\\/\\\/www.toroshopping.com\\\/fr\\\/#\\\/schema\\\/logo\\\/image\\\/\"},\"sameAs\":[\"https:\\\/\\\/facebook.com\\\/toroshopping\",\"https:\\\/\\\/x.com\\\/Toroshopping\",\"https:\\\/\\\/instagram.com\\\/toroshopping\",\"https:\\\/\\\/www.tiktok.com\\\/@toroshopping_\"]}]}<\/script>\n<!-- \/ Yoast SEO plugin. -->","yoast_head_json":{"title":"Sweat RqueR","description":"Sweat RqueR en coton 100 % \u2013 Style intemporel avec d\u00e9tails et qualit\u00e9 fabriqu\u00e9s en Espagne. Commandez d\u00e8s maintenant votre sweat RqueR sur Toroshopping.com","robots":{"index":"index","follow":"follow","max-snippet":"max-snippet:-1","max-image-preview":"max-image-preview:large","max-video-preview":"max-video-preview:-1"},"canonical":"https:\/\/www.toroshopping.com\/fr\/boutique\/mode-taurine\/sweats-pulls-taurins\/sweats-homme\/sweat-rquer\/","og_locale":"fr_FR","og_type":"article","og_title":"Sweat RqueR","og_description":"Sweat RqueR en coton 100 % \u2013 Style intemporel avec d\u00e9tails et qualit\u00e9 fabriqu\u00e9s en Espagne. Commandez d\u00e8s maintenant votre sweat RqueR sur Toroshopping.com","og_url":"https:\/\/www.toroshopping.com\/fr\/boutique\/mode-taurine\/sweats-pulls-taurins\/sweats-homme\/sweat-rquer\/","og_site_name":"Tienda taurina - Accesorios taurinos y moda - TOROSHOPPING","article_publisher":"https:\/\/facebook.com\/toroshopping","article_modified_time":"2025-06-26T15:42:34+00:00","og_image":[{"width":1707,"height":2560,"url":"https:\/\/www.toroshopping.com\/wp-content\/uploads\/2025\/06\/Sudadera-Gris-Toroshopping-scaled.jpg","type":"image\/jpeg"}],"twitter_card":"summary_large_image","twitter_site":"@Toroshopping","twitter_misc":{"Dur\u00e9e de lecture estim\u00e9e":"2 minutes"},"schema":{"@context":"https:\/\/schema.org","@graph":[{"@type":"WebPage","@id":"https:\/\/www.toroshopping.com\/fr\/boutique\/mode-taurine\/sweats-pulls-taurins\/sweats-homme\/sweat-rquer\/","url":"https:\/\/www.toroshopping.com\/fr\/boutique\/mode-taurine\/sweats-pulls-taurins\/sweats-homme\/sweat-rquer\/","name":"Sweat RqueR","isPartOf":{"@id":"https:\/\/www.toroshopping.com\/fr\/#website"},"primaryImageOfPage":{"@id":"https:\/\/www.toroshopping.com\/fr\/boutique\/mode-taurine\/sweats-pulls-taurins\/sweats-homme\/sweat-rquer\/#primaryimage"},"image":{"@id":"https:\/\/www.toroshopping.com\/fr\/boutique\/mode-taurine\/sweats-pulls-taurins\/sweats-homme\/sweat-rquer\/#primaryimage"},"thumbnailUrl":"https:\/\/www.toroshopping.com\/wp-content\/uploads\/2025\/06\/Sudadera-Gris-Toroshopping-scaled.jpg","datePublished":"2025-06-26T15:33:08+00:00","dateModified":"2025-06-26T15:42:34+00:00","description":"Sweat RqueR en coton 100 % \u2013 Style intemporel avec d\u00e9tails et qualit\u00e9 fabriqu\u00e9s en Espagne. Commandez d\u00e8s maintenant votre sweat RqueR sur Toroshopping.com","breadcrumb":{"@id":"https:\/\/www.toroshopping.com\/fr\/boutique\/mode-taurine\/sweats-pulls-taurins\/sweats-homme\/sweat-rquer\/#breadcrumb"},"inLanguage":"fr-FR","potentialAction":[{"@type":"ReadAction","target":["https:\/\/www.toroshopping.com\/fr\/boutique\/mode-taurine\/sweats-pulls-taurins\/sweats-homme\/sweat-rquer\/"]}]},{"@type":"ImageObject","inLanguage":"fr-FR","@id":"https:\/\/www.toroshopping.com\/fr\/boutique\/mode-taurine\/sweats-pulls-taurins\/sweats-homme\/sweat-rquer\/#primaryimage","url":"https:\/\/www.toroshopping.com\/wp-content\/uploads\/2025\/06\/Sudadera-Gris-Toroshopping-scaled.jpg","contentUrl":"https:\/\/www.toroshopping.com\/wp-content\/uploads\/2025\/06\/Sudadera-Gris-Toroshopping-scaled.jpg","width":1707,"height":2560,"caption":"Sudadera - Gris - Toroshopping"},{"@type":"BreadcrumbList","@id":"https:\/\/www.toroshopping.com\/fr\/boutique\/mode-taurine\/sweats-pulls-taurins\/sweats-homme\/sweat-rquer\/#breadcrumb","itemListElement":[{"@type":"ListItem","position":1,"name":"Inicio","item":"https:\/\/www.toroshopping.com\/fr\/"},{"@type":"ListItem","position":2,"name":"Boutique","item":"https:\/\/www.toroshopping.com\/fr\/boutique\/"},{"@type":"ListItem","position":3,"name":"Sweat RqueR"}]},{"@type":"WebSite","@id":"https:\/\/www.toroshopping.com\/fr\/#website","url":"https:\/\/www.toroshopping.com\/fr\/","name":"Especializados en Art\u00edculos Taurinos","description":"","publisher":{"@id":"https:\/\/www.toroshopping.com\/fr\/#organization"},"alternateName":"Tienda Taurina Online","potentialAction":[{"@type":"SearchAction","target":{"@type":"EntryPoint","urlTemplate":"https:\/\/www.toroshopping.com\/fr\/?s={search_term_string}"},"query-input":{"@type":"PropertyValueSpecification","valueRequired":true,"valueName":"search_term_string"}}],"inLanguage":"fr-FR"},{"@type":"Organization","@id":"https:\/\/www.toroshopping.com\/fr\/#organization","name":"Toroshopping","alternateName":"Tienda Taurina Online","url":"https:\/\/www.toroshopping.com\/fr\/","logo":{"@type":"ImageObject","inLanguage":"fr-FR","@id":"https:\/\/www.toroshopping.com\/fr\/#\/schema\/logo\/image\/","url":"https:\/\/www.toroshopping.com\/wp-content\/uploads\/2025\/09\/tienda-taurina-bullfighting-shop-boutique-taurine-toroshopping.jpg","contentUrl":"https:\/\/www.toroshopping.com\/wp-content\/uploads\/2025\/09\/tienda-taurina-bullfighting-shop-boutique-taurine-toroshopping.jpg","width":764,"height":787,"caption":"Toroshopping"},"image":{"@id":"https:\/\/www.toroshopping.com\/fr\/#\/schema\/logo\/image\/"},"sameAs":["https:\/\/facebook.com\/toroshopping","https:\/\/x.com\/Toroshopping","https:\/\/instagram.com\/toroshopping","https:\/\/www.tiktok.com\/@toroshopping_"]}]}},"brands":[{"id":16124,"name":"RqueR","slug":"rquer"}],"_links":{"self":[{"href":"https:\/\/www.toroshopping.com\/fr\/wp-json\/wp\/v2\/product\/94349","targetHints":{"allow":["GET"]}}],"collection":[{"href":"https:\/\/www.toroshopping.com\/fr\/wp-json\/wp\/v2\/product"}],"about":[{"href":"https:\/\/www.toroshopping.com\/fr\/wp-json\/wp\/v2\/types\/product"}],"wp:featuredmedia":[{"embeddable":true,"href":"https:\/\/www.toroshopping.com\/fr\/wp-json\/wp\/v2\/media\/94322"}],"wp:attachment":[{"href":"https:\/\/www.toroshopping.com\/fr\/wp-json\/wp\/v2\/media?parent=94349"}],"wp:term":[{"taxonomy":"pwb-brand","embeddable":true,"href":"https:\/\/www.toroshopping.com\/fr\/wp-json\/wp\/v2\/pwb-brand?post=94349"},{"taxonomy":"product_brand","embeddable":true,"href":"https:\/\/www.toroshopping.com\/fr\/wp-json\/wp\/v2\/product_brand?post=94349"},{"taxonomy":"product_cat","embeddable":true,"href":"https:\/\/www.toroshopping.com\/fr\/wp-json\/wp\/v2\/product_cat?post=94349"},{"taxonomy":"product_tag","embeddable":true,"href":"https:\/\/www.toroshopping.com\/fr\/wp-json\/wp\/v2\/product_tag?post=94349"}],"curies":[{"name":"wp","href":"https:\/\/api.w.org\/{rel}","templated":true}]}}